{"id":131,"date":"2019-10-01T08:24:41","date_gmt":"2019-10-01T08:24:41","guid":{"rendered":"http:\/\/lesfilmeursproduction.com\/?page_id=131"},"modified":"2026-05-12T11:47:45","modified_gmt":"2026-05-12T11:47:45","slug":"mentions-legales","status":"publish","type":"page","link":"https:\/\/lesfilmeursproduction.com\/en\/mentions-legales\/","title":{"rendered":"Legal notices"},"content":{"rendered":"<div data-elementor-type=\"wp-page\" data-elementor-id=\"131\" class=\"elementor elementor-131\" data-elementor-settings=\"{&quot;ha_cmc_init_switcher&quot;:&quot;no&quot;}\">\n\t\t\t\t\t\t<section class=\"elementor-section elementor-top-section elementor-element elementor-element-c097f18 elementor-section-boxed elementor-section-height-default elementor-section-height-default\" data-id=\"c097f18\" data-element_type=\"section\" data-e-type=\"section\" data-settings=\"{&quot;_ha_eqh_enable&quot;:false}\">\n\t\t\t\t\t\t<div class=\"elementor-container elementor-column-gap-default\">\n\t\t\t\t\t<div class=\"elementor-column elementor-col-100 elementor-top-column elementor-element elementor-element-d25bb0c\" data-id=\"d25bb0c\" data-element_type=\"column\" data-e-type=\"column\">\n\t\t\t<div class=\"elementor-widget-wrap elementor-element-populated\">\n\t\t\t\t\t\t<div class=\"elementor-element elementor-element-683770f elementor-widget elementor-widget-html\" data-id=\"683770f\" data-element_type=\"widget\" data-e-type=\"widget\" data-widget_type=\"html.default\">\n\t\t\t\t<div class=\"elementor-widget-container\">\n\t\t\t\t\t<h1>MENTIONS LEGALES :<\/h1>\r\n\r\n<p style=\"text-align:justify\"><strong>\u00a0<\/strong><br \/>\r\nConform\u00e9ment aux dispositions des articles 6-III et 19 de la Loi n\u00b0 2004-575 du 21 juin 2004 pour la Confiance dans l'\u00e9conomie num\u00e9rique, dite L.C.E.N., nous portons \u00e0 la connaissance des utilisateurs et visiteurs du site : <a href=\"http:\/\/lesfilmeursproduction.com\/en\/\" target=\"_blank\">lesfilmeursproduction.com<\/a> les informations suivantes :<\/p>\r\n\r\n<p style=\"text-align:justify\"><strong>\u00c9DITEUR<\/strong><\/p>\r\n\r\n<p style=\"text-align:justify\">Le site <a href=\"http:\/\/lesfilmeursproduction.com\/en\/\" style=\"color: rgb(7, 130, 193); font-family: sans-serif, Arial, Verdana, \" target=\"_blank\">lesfilmeursproduction.com<\/a>\u00a0est la propri\u00e9t\u00e9 exclusive de\u00a0<strong>l'entreprise\u00a0<\/strong><strong>Marc Gossard, Vid\u00e9aste<\/strong>, qui l'\u00e9dite.<\/p>\r\n\r\n<p style=\"text-align:justify\"><strong>Marc Gossard, Vid\u00e9aste<\/strong><strong>\u00a0<\/strong><br \/>\r\n<strong>Entreprise <\/strong><\/p>T\u00e9l : <strong>06 10 41 49 20<\/strong><\/p>\r\n\r\n<p style=\"text-align:justify\"><strong>15 Bis rue d'Humi\u00e8res 60200 Compi\u00e8gne<\/strong><br \/>\r\nImmatricul\u00e9e au Registre du Commerce et des Soci\u00e9t\u00e9s sous le num\u00e9ro<strong>\u00a0<\/strong><strong>989 145 883<\/strong><strong>\u00a0<\/strong><\/p>\r\n\r\n<p style=\"text-align:justify\">\r\nAdresse de courrier \u00e9lectronique : <strong>marcgossard@gmail.com<\/strong>\u00a0<br \/>\r\n\u00a0<br \/>\r\nDirecteur de la\u00a0 publication\u00a0: <strong>Marc Gossard, Vid\u00e9aste<\/strong><br \/>\r\nContactez le responsable de la publication : <strong>marcgossard@gmail.com<\/strong><\/p>\r\n\r\n<p style=\"text-align:justify\">\u00a0<\/p>\r\n\r\n<p style=\"text-align:justify\"><strong>H\u00c9BERGEMENT<\/strong><\/p>\r\n\r\n<p style=\"text-align:justify\">Le site est h\u00e9berg\u00e9\u00a0par\u00a0<strong>1&1 7 place de la gare 57200 Sarreguemines<\/strong><br \/>\r\n<u><strong>CREDITS :<\/strong><\/u> les mentions l\u00e9gales ont \u00e9t\u00e9s g\u00e9n\u00e9r\u00e9es par <strong><a href=\"https:\/\/www.generer-mentions-legales.com\">mentions l\u00e9gales<\/a><\/strong><br \/>\t\t\t\t<\/div>\n\t\t\t\t<\/div>\n\t\t\t\t<div class=\"elementor-element elementor-element-3742ab1 elementor-widget elementor-widget-text-editor\" data-id=\"3742ab1\" data-element_type=\"widget\" data-e-type=\"widget\" data-widget_type=\"text-editor.default\">\n\t\t\t\t<div class=\"elementor-widget-container\">\n\t\t\t\t\t\t\t\t\t<p>Ce site web a \u00e9t\u00e9 r\u00e9alis\u00e9 par <a href=\"https:\/\/www.votreprojetweb.fr\">https:\/\/www.votreprojetweb.fr<\/a><\/p>\t\t\t\t\t\t\t\t<\/div>\n\t\t\t\t<\/div>\n\t\t\t\t\t<\/div>\n\t\t<\/div>\n\t\t\t\t\t<\/div>\n\t\t<\/section>\n\t\t\t\t<\/div>","protected":false},"excerpt":{"rendered":"<p>MENTIONS LEGALES : \u00a0 Conform\u00e9ment aux dispositions des articles 6-III et 19 de la Loi n\u00b0 2004-575 du 21 juin 2004 pour la Confiance dans l&#8217;\u00e9conomie num\u00e9rique, dite L.C.E.N., nous portons \u00e0 la connaissance des utilisateurs et visiteurs du site : lesfilmeursproduction.com les informations suivantes : \u00c9DITEUR Le site lesfilmeursproduction.com\u00a0est la propri\u00e9t\u00e9 exclusive de\u00a0l&#8217;entreprise\u00a0Marc Gossard, &hellip;<\/p>\n<p class=\"read-more\"> <a class=\"\" href=\"https:\/\/lesfilmeursproduction.com\/en\/mentions-legales\/\"> <span class=\"screen-reader-text\">Legal notices<\/span> Read More &raquo;<\/a><\/p>","protected":false},"author":1,"featured_media":0,"parent":0,"menu_order":0,"comment_status":"closed","ping_status":"closed","template":"","meta":{"site-sidebar-layout":"no-sidebar","site-content-layout":"page-builder","ast-global-header-display":"","ast-main-header-display":"","ast-hfb-above-header-display":"","ast-hfb-below-header-display":"","ast-hfb-mobile-header-display":"","site-post-title":"disabled","ast-breadcrumbs-content":"","ast-featured-img":"disabled","footer-sml-layout":"","theme-transparent-header-meta":"default","adv-header-id-meta":"","stick-header-meta":"","header-above-stick-meta":"","header-main-stick-meta":"","header-below-stick-meta":"","footnotes":""},"class_list":["post-131","page","type-page","status-publish","hentry"],"yoast_head":"<!-- This site is optimized with the Yoast SEO plugin v27.6 - https:\/\/yoast.com\/product\/yoast-seo-wordpress\/ -->\n<title>Mentions l\u00e9gales - Les Filmeurs production<\/title>\n<meta name=\"robots\" content=\"noindex, follow\" \/>\n<meta property=\"og:locale\" content=\"en_GB\" \/>\n<meta property=\"og:type\" content=\"article\" \/>\n<meta property=\"og:title\" content=\"Mentions l\u00e9gales - Les Filmeurs production\" \/>\n<meta property=\"og:description\" content=\"MENTIONS LEGALES : \u00a0 Conform\u00e9ment aux dispositions des articles 6-III et 19 de la Loi n\u00b0 2004-575 du 21 juin 2004 pour la Confiance dans l&#8217;\u00e9conomie num\u00e9rique, dite L.C.E.N., nous portons \u00e0 la connaissance des utilisateurs et visiteurs du site : lesfilmeursproduction.com les informations suivantes : \u00c9DITEUR Le site lesfilmeursproduction.com\u00a0est la propri\u00e9t\u00e9 exclusive de\u00a0l&#8217;entreprise\u00a0Marc Gossard, &hellip; Mentions l\u00e9gales Read More &raquo;\" \/>\n<meta property=\"og:url\" content=\"https:\/\/lesfilmeursproduction.com\/en\/mentions-legales\/\" \/>\n<meta property=\"og:site_name\" content=\"Les Filmeurs production\" \/>\n<meta property=\"article:publisher\" content=\"https:\/\/fr-fr.facebook.com\/lesfilmeursproduction\/\" \/>\n<meta property=\"article:modified_time\" content=\"2026-05-12T11:47:45+00:00\" \/>\n<meta name=\"twitter:card\" content=\"summary_large_image\" \/>\n<meta name=\"twitter:label1\" content=\"Estimated reading time\" \/>\n\t<meta name=\"twitter:data1\" content=\"1 minute\" \/>\n<script type=\"application\/ld+json\" class=\"yoast-schema-graph\">{\"@context\":\"https:\\\/\\\/schema.org\",\"@graph\":[{\"@type\":\"WebPage\",\"@id\":\"https:\\\/\\\/lesfilmeursproduction.com\\\/mentions-legales\\\/\",\"url\":\"https:\\\/\\\/lesfilmeursproduction.com\\\/mentions-legales\\\/\",\"name\":\"Mentions l\u00e9gales - Les Filmeurs production\",\"isPartOf\":{\"@id\":\"https:\\\/\\\/lesfilmeursproduction.com\\\/#website\"},\"datePublished\":\"2019-10-01T08:24:41+00:00\",\"dateModified\":\"2026-05-12T11:47:45+00:00\",\"breadcrumb\":{\"@id\":\"https:\\\/\\\/lesfilmeursproduction.com\\\/mentions-legales\\\/#breadcrumb\"},\"inLanguage\":\"en-GB\",\"potentialAction\":[{\"@type\":\"ReadAction\",\"target\":[\"https:\\\/\\\/lesfilmeursproduction.com\\\/mentions-legales\\\/\"]}]},{\"@type\":\"BreadcrumbList\",\"@id\":\"https:\\\/\\\/lesfilmeursproduction.com\\\/mentions-legales\\\/#breadcrumb\",\"itemListElement\":[{\"@type\":\"ListItem\",\"position\":1,\"name\":\"Accueil\",\"item\":\"https:\\\/\\\/lesfilmeursproduction.com\\\/\"},{\"@type\":\"ListItem\",\"position\":2,\"name\":\"Mentions l\u00e9gales\"}]},{\"@type\":\"WebSite\",\"@id\":\"https:\\\/\\\/lesfilmeursproduction.com\\\/#website\",\"url\":\"https:\\\/\\\/lesfilmeursproduction.com\\\/\",\"name\":\"Les Filmeurs Production\",\"description\":\"films d&#039;entreprise et documentaires\",\"publisher\":{\"@id\":\"https:\\\/\\\/lesfilmeursproduction.com\\\/#organization\"},\"potentialAction\":[{\"@type\":\"SearchAction\",\"target\":{\"@type\":\"EntryPoint\",\"urlTemplate\":\"https:\\\/\\\/lesfilmeursproduction.com\\\/?s={search_term_string}\"},\"query-input\":{\"@type\":\"PropertyValueSpecification\",\"valueRequired\":true,\"valueName\":\"search_term_string\"}}],\"inLanguage\":\"en-GB\"},{\"@type\":\"Organization\",\"@id\":\"https:\\\/\\\/lesfilmeursproduction.com\\\/#organization\",\"name\":\"Les Filmeurs Production\",\"url\":\"https:\\\/\\\/lesfilmeursproduction.com\\\/\",\"logo\":{\"@type\":\"ImageObject\",\"inLanguage\":\"en-GB\",\"@id\":\"https:\\\/\\\/lesfilmeursproduction.com\\\/#\\\/schema\\\/logo\\\/image\\\/\",\"url\":\"https:\\\/\\\/lesfilmeursproduction.com\\\/wp-content\\\/uploads\\\/2026\\\/04\\\/logo-filmeurs.png\",\"contentUrl\":\"https:\\\/\\\/lesfilmeursproduction.com\\\/wp-content\\\/uploads\\\/2026\\\/04\\\/logo-filmeurs.png\",\"width\":1536,\"height\":1024,\"caption\":\"Les Filmeurs Production\"},\"image\":{\"@id\":\"https:\\\/\\\/lesfilmeursproduction.com\\\/#\\\/schema\\\/logo\\\/image\\\/\"},\"sameAs\":[\"https:\\\/\\\/fr-fr.facebook.com\\\/lesfilmeursproduction\\\/\",\"https:\\\/\\\/fr.linkedin.com\\\/company\\\/les-filmeurs-production\",\"https:\\\/\\\/www.youtube.com\\\/@lesfilmeursproduction1662\",\"https:\\\/\\\/vimeo.com\\\/filmeurproduction\"]}]}<\/script>\n<!-- \/ Yoast SEO plugin. -->","yoast_head_json":{"title":"Mentions l\u00e9gales - Les Filmeurs production","robots":{"index":"noindex","follow":"follow"},"og_locale":"en_GB","og_type":"article","og_title":"Mentions l\u00e9gales - Les Filmeurs production","og_description":"MENTIONS LEGALES : \u00a0 Conform\u00e9ment aux dispositions des articles 6-III et 19 de la Loi n\u00b0 2004-575 du 21 juin 2004 pour la Confiance dans l&#8217;\u00e9conomie num\u00e9rique, dite L.C.E.N., nous portons \u00e0 la connaissance des utilisateurs et visiteurs du site : lesfilmeursproduction.com les informations suivantes : \u00c9DITEUR Le site lesfilmeursproduction.com\u00a0est la propri\u00e9t\u00e9 exclusive de\u00a0l&#8217;entreprise\u00a0Marc Gossard, &hellip; Mentions l\u00e9gales Read More &raquo;","og_url":"https:\/\/lesfilmeursproduction.com\/en\/mentions-legales\/","og_site_name":"Les Filmeurs production","article_publisher":"https:\/\/fr-fr.facebook.com\/lesfilmeursproduction\/","article_modified_time":"2026-05-12T11:47:45+00:00","twitter_card":"summary_large_image","twitter_misc":{"Estimated reading time":"1 minute"},"schema":{"@context":"https:\/\/schema.org","@graph":[{"@type":"WebPage","@id":"https:\/\/lesfilmeursproduction.com\/mentions-legales\/","url":"https:\/\/lesfilmeursproduction.com\/mentions-legales\/","name":"Mentions l\u00e9gales - Les Filmeurs production","isPartOf":{"@id":"https:\/\/lesfilmeursproduction.com\/#website"},"datePublished":"2019-10-01T08:24:41+00:00","dateModified":"2026-05-12T11:47:45+00:00","breadcrumb":{"@id":"https:\/\/lesfilmeursproduction.com\/mentions-legales\/#breadcrumb"},"inLanguage":"en-GB","potentialAction":[{"@type":"ReadAction","target":["https:\/\/lesfilmeursproduction.com\/mentions-legales\/"]}]},{"@type":"BreadcrumbList","@id":"https:\/\/lesfilmeursproduction.com\/mentions-legales\/#breadcrumb","itemListElement":[{"@type":"ListItem","position":1,"name":"Accueil","item":"https:\/\/lesfilmeursproduction.com\/"},{"@type":"ListItem","position":2,"name":"Mentions l\u00e9gales"}]},{"@type":"WebSite","@id":"https:\/\/lesfilmeursproduction.com\/#website","url":"https:\/\/lesfilmeursproduction.com\/","name":"Les Filmeurs Production","description":"films d&#039;entreprise et documentaires","publisher":{"@id":"https:\/\/lesfilmeursproduction.com\/#organization"},"potentialAction":[{"@type":"SearchAction","target":{"@type":"EntryPoint","urlTemplate":"https:\/\/lesfilmeursproduction.com\/?s={search_term_string}"},"query-input":{"@type":"PropertyValueSpecification","valueRequired":true,"valueName":"search_term_string"}}],"inLanguage":"en-GB"},{"@type":"Organization","@id":"https:\/\/lesfilmeursproduction.com\/#organization","name":"Les Filmeurs Production","url":"https:\/\/lesfilmeursproduction.com\/","logo":{"@type":"ImageObject","inLanguage":"en-GB","@id":"https:\/\/lesfilmeursproduction.com\/#\/schema\/logo\/image\/","url":"https:\/\/lesfilmeursproduction.com\/wp-content\/uploads\/2026\/04\/logo-filmeurs.png","contentUrl":"https:\/\/lesfilmeursproduction.com\/wp-content\/uploads\/2026\/04\/logo-filmeurs.png","width":1536,"height":1024,"caption":"Les Filmeurs Production"},"image":{"@id":"https:\/\/lesfilmeursproduction.com\/#\/schema\/logo\/image\/"},"sameAs":["https:\/\/fr-fr.facebook.com\/lesfilmeursproduction\/","https:\/\/fr.linkedin.com\/company\/les-filmeurs-production","https:\/\/www.youtube.com\/@lesfilmeursproduction1662","https:\/\/vimeo.com\/filmeurproduction"]}]}},"_links":{"self":[{"href":"https:\/\/lesfilmeursproduction.com\/en\/wp-json\/wp\/v2\/pages\/131","targetHints":{"allow":["GET"]}}],"collection":[{"href":"https:\/\/lesfilmeursproduction.com\/en\/wp-json\/wp\/v2\/pages"}],"about":[{"href":"https:\/\/lesfilmeursproduction.com\/en\/wp-json\/wp\/v2\/types\/page"}],"author":[{"embeddable":true,"href":"https:\/\/lesfilmeursproduction.com\/en\/wp-json\/wp\/v2\/users\/1"}],"replies":[{"embeddable":true,"href":"https:\/\/lesfilmeursproduction.com\/en\/wp-json\/wp\/v2\/comments?post=131"}],"version-history":[{"count":32,"href":"https:\/\/lesfilmeursproduction.com\/en\/wp-json\/wp\/v2\/pages\/131\/revisions"}],"predecessor-version":[{"id":2950,"href":"https:\/\/lesfilmeursproduction.com\/en\/wp-json\/wp\/v2\/pages\/131\/revisions\/2950"}],"wp:attachment":[{"href":"https:\/\/lesfilmeursproduction.com\/en\/wp-json\/wp\/v2\/media?parent=131"}],"curies":[{"name":"wp","href":"https:\/\/api.w.org\/{rel}","templated":true}]}}