{"id":1389,"date":"2023-04-26T15:21:57","date_gmt":"2023-04-26T15:21:57","guid":{"rendered":"https:\/\/lesfilmeursproduction.com\/?page_id=1389"},"modified":"2025-07-19T13:22:41","modified_gmt":"2025-07-19T13:22:41","slug":"aftermovie-les-filmeurs-production","status":"publish","type":"page","link":"https:\/\/lesfilmeursproduction.com\/en\/aftermovie-les-filmeurs-production\/","title":{"rendered":"Aftermovie &#8211; Marc Gossard, Vid\u00e9aste"},"content":{"rendered":"<div data-elementor-type=\"wp-page\" data-elementor-id=\"1389\" class=\"elementor elementor-1389\" data-elementor-settings=\"{&quot;ha_cmc_init_switcher&quot;:&quot;no&quot;}\">\n\t\t\t\t\t\t<section class=\"elementor-section elementor-top-section elementor-element elementor-element-576cf65 elementor-section-boxed elementor-section-height-default elementor-section-height-default\" data-id=\"576cf65\" data-element_type=\"section\" data-e-type=\"section\" data-settings=\"{&quot;_ha_eqh_enable&quot;:false}\">\n\t\t\t\t\t\t<div class=\"elementor-container elementor-column-gap-default\">\n\t\t\t\t\t<div class=\"elementor-column elementor-col-100 elementor-top-column elementor-element elementor-element-af9b34c\" data-id=\"af9b34c\" data-element_type=\"column\" data-e-type=\"column\">\n\t\t\t<div class=\"elementor-widget-wrap elementor-element-populated\">\n\t\t\t\t\t\t<div class=\"elementor-element elementor-element-d121e4d elementor-widget elementor-widget-spacer\" data-id=\"d121e4d\" data-element_type=\"widget\" data-e-type=\"widget\" data-widget_type=\"spacer.default\">\n\t\t\t\t<div class=\"elementor-widget-container\">\n\t\t\t\t\t\t\t<div class=\"elementor-spacer\">\n\t\t\t<div class=\"elementor-spacer-inner\"><\/div>\n\t\t<\/div>\n\t\t\t\t\t\t<\/div>\n\t\t\t\t<\/div>\n\t\t\t\t<div class=\"elementor-element elementor-element-1d3a3ca elementor-widget elementor-widget-heading\" data-id=\"1d3a3ca\" data-element_type=\"widget\" data-e-type=\"widget\" data-widget_type=\"heading.default\">\n\t\t\t\t<div class=\"elementor-widget-container\">\n\t\t\t\t\t<h2 class=\"elementor-heading-title elementor-size-default\">Aftermovie - Marc Gossard, Vid\u00e9aste<\/h2>\t\t\t\t<\/div>\n\t\t\t\t<\/div>\n\t\t\t\t\t<\/div>\n\t\t<\/div>\n\t\t\t\t\t<\/div>\n\t\t<\/section>\n\t\t\t\t<section class=\"elementor-section elementor-top-section elementor-element elementor-element-9ba0fde elementor-section-boxed elementor-section-height-default elementor-section-height-default\" data-id=\"9ba0fde\" data-element_type=\"section\" data-e-type=\"section\" data-settings=\"{&quot;_ha_eqh_enable&quot;:false}\">\n\t\t\t\t\t\t<div class=\"elementor-container elementor-column-gap-default\">\n\t\t\t\t\t<div class=\"elementor-column elementor-col-100 elementor-top-column elementor-element elementor-element-2042023\" data-id=\"2042023\" data-element_type=\"column\" data-e-type=\"column\">\n\t\t\t<div class=\"elementor-widget-wrap elementor-element-populated\">\n\t\t\t\t\t\t<div class=\"elementor-element elementor-element-f9c5214 elementor-widget elementor-widget-video\" data-id=\"f9c5214\" data-element_type=\"widget\" data-e-type=\"widget\" data-settings=\"{&quot;video_type&quot;:&quot;vimeo&quot;,&quot;autoplay&quot;:&quot;yes&quot;,&quot;play_on_mobile&quot;:&quot;yes&quot;,&quot;mute&quot;:&quot;yes&quot;}\" data-widget_type=\"video.default\">\n\t\t\t\t<div class=\"elementor-widget-container\">\n\t\t\t\t\t\t\t<div class=\"elementor-wrapper elementor-open-inline\">\n\t\t\t<iframe class=\"elementor-video-iframe\" allowfullscreen allow=\"autoplay\" title=\"vimeo Video Player\" src=\"https:\/\/player.vimeo.com\/video\/762902759?autoplay=1&amp;playsinline=1&amp;color&amp;autopause=0&amp;loop=0&amp;muted=1&amp;title=1&amp;portrait=1&amp;byline=1&amp;h=8ffdb5b76a#t=\"><\/iframe>\t\t<\/div>\n\t\t\t\t\t\t<\/div>\n\t\t\t\t<\/div>\n\t\t\t\t<div class=\"elementor-element elementor-element-c10e63c elementor-widget elementor-widget-text-editor\" data-id=\"c10e63c\" data-element_type=\"widget\" data-e-type=\"widget\" data-widget_type=\"text-editor.default\">\n\t\t\t\t<div class=\"elementor-widget-container\">\n\t\t\t\t\t\t\t\t\t<p>L&#8217;Aftermovie est une vid\u00e9o de haute qualit\u00e9 qui r\u00e9sume les moments forts d&#8217;un \u00e9v\u00e9nement, comme un festival de musique ou un \u00e9v\u00e9nement sportif. Cette vid\u00e9o est souvent r\u00e9alis\u00e9e apr\u00e8s l&#8217;\u00e9v\u00e9nement et montre les temps forts de l&#8217;exp\u00e9rience de l&#8217;\u00e9v\u00e9nement ainsi que les r\u00e9actions des participants. L&#8217;Aftermovie est devenu une partie int\u00e9grante de la promotion de l&#8217;\u00e9v\u00e9nement, offrant aux organisateurs un moyen de montrer aux futurs participants l&#8217;ambiance et l&#8217;exp\u00e9rience qu&#8217;ils peuvent attendre de leur participation. C&#8217;est ce que nous vous proposons chez Les Filmeurs production.<\/p><p>L&#8217;Aftermovie est g\u00e9n\u00e9ralement tourn\u00e9 et \u00e9dit\u00e9 de mani\u00e8re \u00e0 capturer les moments les plus m\u00e9morables de l&#8217;\u00e9v\u00e9nement. Cela peut inclure des images des spectateurs dansant et chantant, des s\u00e9quences des artistes sur sc\u00e8ne, des vues panoramiques de l&#8217;ensemble de l&#8217;\u00e9v\u00e9nement et des interviews avec des participants. Les vid\u00e9os sont souvent accompagn\u00e9es de musique qui refl\u00e8te l&#8217;ambiance et le genre musical de l&#8217;\u00e9v\u00e9nement. Nous avons tout le mat\u00e9riel n\u00e9cessaire pour assurer un rendu en ad\u00e9quation avec vos attentes.<\/p><p>En plus de fournir aux organisateurs un moyen de promouvoir leur \u00e9v\u00e9nement, l&#8217;Aftermovie est \u00e9galement appr\u00e9ci\u00e9 par les participants. C&#8217;est une fa\u00e7on pour eux de revivre leur exp\u00e9rience de l&#8217;\u00e9v\u00e9nement et de partager leurs souvenirs avec leurs amis et leur famille. Les Aftermovies sont souvent partag\u00e9s sur les r\u00e9seaux sociaux et peuvent contribuer \u00e0 renforcer la notori\u00e9t\u00e9 de l&#8217;\u00e9v\u00e9nement au fil du temps.\u00a0<span style=\"font-size: 15px; font-family: var( --e-global-typography-text-font-family ), Sans-serif; color: var(--ast-global-color-3);\">L&#8217;Aftermovie est devenu un \u00e9l\u00e9ment cl\u00e9 de la strat\u00e9gie de marketing d&#8217;un \u00e9v\u00e9nement. Il permet aux organisateurs de montrer aux futurs participants ce qu&#8217;ils peuvent attendre de leur participation et de cr\u00e9er de l&#8217;excitation avant m\u00eame que l&#8217;\u00e9v\u00e9nement n&#8217;ait lieu. Les Aftermovies peuvent \u00e9galement \u00eatre utilis\u00e9s pour attirer des sponsors et des partenaires, en leur montrant l&#8217;ampleur et l&#8217;impact de l&#8217;\u00e9v\u00e9nement.<\/span><\/p><p>\u00a0<\/p>\t\t\t\t\t\t\t\t<\/div>\n\t\t\t\t<\/div>\n\t\t\t\t<div class=\"elementor-element elementor-element-bffcc0a elementor-widget elementor-widget-heading\" data-id=\"bffcc0a\" data-element_type=\"widget\" data-e-type=\"widget\" data-widget_type=\"heading.default\">\n\t\t\t\t<div class=\"elementor-widget-container\">\n\t\t\t\t\t<h2 class=\"elementor-heading-title elementor-size-default\">Nos autres types de r\u00e9alisation<\/h2>\t\t\t\t<\/div>\n\t\t\t\t<\/div>\n\t\t\t\t\t<\/div>\n\t\t<\/div>\n\t\t\t\t\t<\/div>\n\t\t<\/section>\n\t\t\t\t<section class=\"elementor-section elementor-top-section elementor-element elementor-element-6c624ed elementor-section-boxed elementor-section-height-default elementor-section-height-default\" data-id=\"6c624ed\" data-element_type=\"section\" data-e-type=\"section\" data-settings=\"{&quot;_ha_eqh_enable&quot;:false}\">\n\t\t\t\t\t\t<div class=\"elementor-container elementor-column-gap-default\">\n\t\t\t\t\t<div class=\"elementor-column elementor-col-100 elementor-top-column elementor-element elementor-element-7be070e9\" data-id=\"7be070e9\" data-element_type=\"column\" data-e-type=\"column\">\n\t\t\t<div class=\"elementor-widget-wrap elementor-element-populated\">\n\t\t\t\t\t\t<section class=\"elementor-section elementor-inner-section elementor-element elementor-element-654aa14f elementor-section-boxed elementor-section-height-default elementor-section-height-default\" data-id=\"654aa14f\" data-element_type=\"section\" data-e-type=\"section\" data-settings=\"{&quot;_ha_eqh_enable&quot;:false}\">\n\t\t\t\t\t\t<div class=\"elementor-container elementor-column-gap-default\">\n\t\t\t\t\t<div class=\"elementor-column elementor-col-33 elementor-inner-column elementor-element elementor-element-4e37dd97\" data-id=\"4e37dd97\" data-element_type=\"column\" data-e-type=\"column\">\n\t\t\t<div class=\"elementor-widget-wrap elementor-element-populated\">\n\t\t\t\t\t\t<div class=\"elementor-element elementor-element-771bdd7b elementor-widget elementor-widget-image\" data-id=\"771bdd7b\" data-element_type=\"widget\" data-e-type=\"widget\" data-widget_type=\"image.default\">\n\t\t\t\t<div class=\"elementor-widget-container\">\n\t\t\t\t\t\t\t\t\t\t\t\t<figure class=\"wp-caption\">\n\t\t\t\t\t\t\t\t\t\t\t<a href=\"http:\/\/lesfilmeursproduction.com\/en\/films-dentreprise\/\">\n\t\t\t\t\t\t\t<img fetchpriority=\"high\" decoding=\"async\" width=\"1024\" height=\"576\" src=\"https:\/\/lesfilmeursproduction.com\/wp-content\/uploads\/2023\/05\/Untitled_1.29.1-1-min-1024x576.png\" class=\"attachment-large size-large wp-image-1608\" alt=\"\" srcset=\"https:\/\/lesfilmeursproduction.com\/wp-content\/uploads\/2023\/05\/Untitled_1.29.1-1-min-1024x576.png 1024w, https:\/\/lesfilmeursproduction.com\/wp-content\/uploads\/2023\/05\/Untitled_1.29.1-1-min-300x169.png 300w, https:\/\/lesfilmeursproduction.com\/wp-content\/uploads\/2023\/05\/Untitled_1.29.1-1-min-768x432.png 768w, https:\/\/lesfilmeursproduction.com\/wp-content\/uploads\/2023\/05\/Untitled_1.29.1-1-min-1536x864.png 1536w, https:\/\/lesfilmeursproduction.com\/wp-content\/uploads\/2023\/05\/Untitled_1.29.1-1-min-2048x1152.png 2048w, https:\/\/lesfilmeursproduction.com\/wp-content\/uploads\/2023\/05\/Untitled_1.29.1-1-min-18x10.png 18w\" sizes=\"(max-width: 1024px) 100vw, 1024px\" \/>\t\t\t\t\t\t\t\t<\/a>\n\t\t\t\t\t\t\t\t\t\t\t<figcaption class=\"widget-image-caption wp-caption-text\">Films d'entreprise<\/figcaption>\n\t\t\t\t\t\t\t\t\t\t<\/figure>\n\t\t\t\t\t\t\t\t\t<\/div>\n\t\t\t\t<\/div>\n\t\t\t\t\t<\/div>\n\t\t<\/div>\n\t\t\t\t<div class=\"elementor-column elementor-col-33 elementor-inner-column elementor-element elementor-element-38ba330e\" data-id=\"38ba330e\" data-element_type=\"column\" data-e-type=\"column\">\n\t\t\t<div class=\"elementor-widget-wrap elementor-element-populated\">\n\t\t\t\t\t\t<div class=\"elementor-element elementor-element-30c7747d elementor-widget elementor-widget-image\" data-id=\"30c7747d\" data-element_type=\"widget\" data-e-type=\"widget\" data-widget_type=\"image.default\">\n\t\t\t\t<div class=\"elementor-widget-container\">\n\t\t\t\t\t\t\t\t\t\t\t\t<figure class=\"wp-caption\">\n\t\t\t\t\t\t\t\t\t\t\t<a href=\"http:\/\/lesfilmeursproduction.com\/en\/motion-design-les-filmeurs-production\/\">\n\t\t\t\t\t\t\t<img decoding=\"async\" width=\"1024\" height=\"576\" src=\"https:\/\/lesfilmeursproduction.com\/wp-content\/uploads\/2023\/05\/04-bis-1024x576.jpg\" class=\"attachment-large size-large wp-image-1598\" alt=\"\" srcset=\"https:\/\/lesfilmeursproduction.com\/wp-content\/uploads\/2023\/05\/04-bis-1024x576.jpg 1024w, https:\/\/lesfilmeursproduction.com\/wp-content\/uploads\/2023\/05\/04-bis-300x169.jpg 300w, https:\/\/lesfilmeursproduction.com\/wp-content\/uploads\/2023\/05\/04-bis-768x432.jpg 768w, https:\/\/lesfilmeursproduction.com\/wp-content\/uploads\/2023\/05\/04-bis-1536x864.jpg 1536w, https:\/\/lesfilmeursproduction.com\/wp-content\/uploads\/2023\/05\/04-bis-18x10.jpg 18w, https:\/\/lesfilmeursproduction.com\/wp-content\/uploads\/2023\/05\/04-bis.jpg 1920w\" sizes=\"(max-width: 1024px) 100vw, 1024px\" \/>\t\t\t\t\t\t\t\t<\/a>\n\t\t\t\t\t\t\t\t\t\t\t<figcaption class=\"widget-image-caption wp-caption-text\">Motion design<\/figcaption>\n\t\t\t\t\t\t\t\t\t\t<\/figure>\n\t\t\t\t\t\t\t\t\t<\/div>\n\t\t\t\t<\/div>\n\t\t\t\t\t<\/div>\n\t\t<\/div>\n\t\t\t\t<div class=\"elementor-column elementor-col-33 elementor-inner-column elementor-element elementor-element-3ebe07ca\" data-id=\"3ebe07ca\" data-element_type=\"column\" data-e-type=\"column\">\n\t\t\t<div class=\"elementor-widget-wrap elementor-element-populated\">\n\t\t\t\t\t\t<div class=\"elementor-element elementor-element-76f7d56c elementor-widget elementor-widget-image\" data-id=\"76f7d56c\" data-element_type=\"widget\" data-e-type=\"widget\" data-widget_type=\"image.default\">\n\t\t\t\t<div class=\"elementor-widget-container\">\n\t\t\t\t\t\t\t\t\t\t\t\t<figure class=\"wp-caption\">\n\t\t\t\t\t\t\t\t\t\t\t<a href=\"http:\/\/lesfilmeursproduction.com\/en\/drone-les-filmeurs-production\/\">\n\t\t\t\t\t\t\t<img decoding=\"async\" width=\"1024\" height=\"577\" src=\"https:\/\/lesfilmeursproduction.com\/wp-content\/uploads\/2023\/04\/DSCF2095-1024x577.jpg\" class=\"attachment-large size-large wp-image-1190\" alt=\"\" srcset=\"https:\/\/lesfilmeursproduction.com\/wp-content\/uploads\/2023\/04\/DSCF2095-1024x577.jpg 1024w, https:\/\/lesfilmeursproduction.com\/wp-content\/uploads\/2023\/04\/DSCF2095-300x169.jpg 300w, https:\/\/lesfilmeursproduction.com\/wp-content\/uploads\/2023\/04\/DSCF2095-768x433.jpg 768w, https:\/\/lesfilmeursproduction.com\/wp-content\/uploads\/2023\/04\/DSCF2095-1536x866.jpg 1536w, https:\/\/lesfilmeursproduction.com\/wp-content\/uploads\/2023\/04\/DSCF2095-2048x1155.jpg 2048w, https:\/\/lesfilmeursproduction.com\/wp-content\/uploads\/2023\/04\/DSCF2095-18x10.jpg 18w\" sizes=\"(max-width: 1024px) 100vw, 1024px\" \/>\t\t\t\t\t\t\t\t<\/a>\n\t\t\t\t\t\t\t\t\t\t\t<figcaption class=\"widget-image-caption wp-caption-text\">Drone<\/figcaption>\n\t\t\t\t\t\t\t\t\t\t<\/figure>\n\t\t\t\t\t\t\t\t\t<\/div>\n\t\t\t\t<\/div>\n\t\t\t\t\t<\/div>\n\t\t<\/div>\n\t\t\t\t\t<\/div>\n\t\t<\/section>\n\t\t\t\t\t<\/div>\n\t\t<\/div>\n\t\t\t\t\t<\/div>\n\t\t<\/section>\n\t\t\t\t<\/div>","protected":false},"excerpt":{"rendered":"<p>Aftermovie &#8211; Marc Gossard, Vid\u00e9aste https:\/\/vimeo.com\/762902759\/8ffdb5b76a L&#8217;Aftermovie est une vid\u00e9o de haute qualit\u00e9 qui r\u00e9sume les moments forts d&#8217;un \u00e9v\u00e9nement, comme un festival de musique ou un \u00e9v\u00e9nement sportif. Cette vid\u00e9o est souvent r\u00e9alis\u00e9e apr\u00e8s l&#8217;\u00e9v\u00e9nement et montre les temps forts de l&#8217;exp\u00e9rience de l&#8217;\u00e9v\u00e9nement ainsi que les r\u00e9actions des participants. L&#8217;Aftermovie est devenu une &hellip;<\/p>\n<p class=\"read-more\"> <a class=\"\" href=\"https:\/\/lesfilmeursproduction.com\/en\/aftermovie-les-filmeurs-production\/\"> <span class=\"screen-reader-text\">Aftermovie &#8211; Marc Gossard, Vid\u00e9aste<\/span> Read More &raquo;<\/a><\/p>","protected":false},"author":1,"featured_media":0,"parent":0,"menu_order":0,"comment_status":"closed","ping_status":"closed","template":"","meta":{"site-sidebar-layout":"no-sidebar","site-content-layout":"page-builder","ast-global-header-display":"","ast-main-header-display":"","ast-hfb-above-header-display":"","ast-hfb-below-header-display":"","ast-hfb-mobile-header-display":"","site-post-title":"disabled","ast-breadcrumbs-content":"","ast-featured-img":"disabled","footer-sml-layout":"","theme-transparent-header-meta":"","adv-header-id-meta":"","stick-header-meta":"","header-above-stick-meta":"","header-main-stick-meta":"","header-below-stick-meta":"","footnotes":""},"class_list":["post-1389","page","type-page","status-publish","hentry"],"yoast_head":"<!-- This site is optimized with the Yoast SEO plugin v27.5 - https:\/\/yoast.com\/product\/yoast-seo-wordpress\/ -->\n<title>Aftermovie - Marc Gossard, Vid\u00e9aste - Les Filmeurs production<\/title>\n<meta name=\"robots\" content=\"index, follow, max-snippet:-1, max-image-preview:large, max-video-preview:-1\" \/>\n<link rel=\"canonical\" href=\"https:\/\/lesfilmeursproduction.com\/en\/aftermovie-les-filmeurs-production\/\" \/>\n<meta property=\"og:locale\" content=\"en_GB\" \/>\n<meta property=\"og:type\" content=\"article\" \/>\n<meta property=\"og:title\" content=\"Aftermovie - Marc Gossard, Vid\u00e9aste - Les Filmeurs production\" \/>\n<meta property=\"og:description\" content=\"Aftermovie &#8211; Marc Gossard, Vid\u00e9aste https:\/\/vimeo.com\/762902759\/8ffdb5b76a L&#8217;Aftermovie est une vid\u00e9o de haute qualit\u00e9 qui r\u00e9sume les moments forts d&#8217;un \u00e9v\u00e9nement, comme un festival de musique ou un \u00e9v\u00e9nement sportif. Cette vid\u00e9o est souvent r\u00e9alis\u00e9e apr\u00e8s l&#8217;\u00e9v\u00e9nement et montre les temps forts de l&#8217;exp\u00e9rience de l&#8217;\u00e9v\u00e9nement ainsi que les r\u00e9actions des participants. L&#8217;Aftermovie est devenu une &hellip; Aftermovie &#8211; Marc Gossard, Vid\u00e9aste Read More &raquo;\" \/>\n<meta property=\"og:url\" content=\"https:\/\/lesfilmeursproduction.com\/en\/aftermovie-les-filmeurs-production\/\" \/>\n<meta property=\"og:site_name\" content=\"Les Filmeurs production\" \/>\n<meta property=\"article:modified_time\" content=\"2025-07-19T13:22:41+00:00\" \/>\n<meta property=\"og:image\" content=\"http:\/\/lesfilmeursproduction.com\/wp-content\/uploads\/2023\/05\/Untitled_1.29.1-1-min-1024x576.png\" \/>\n<meta name=\"twitter:card\" content=\"summary_large_image\" \/>\n<meta name=\"twitter:label1\" content=\"Estimated reading time\" \/>\n\t<meta name=\"twitter:data1\" content=\"3 minutes\" \/>\n<script type=\"application\/ld+json\" class=\"yoast-schema-graph\">{\"@context\":\"https:\\\/\\\/schema.org\",\"@graph\":[{\"@type\":\"WebPage\",\"@id\":\"https:\\\/\\\/lesfilmeursproduction.com\\\/aftermovie-les-filmeurs-production\\\/\",\"url\":\"https:\\\/\\\/lesfilmeursproduction.com\\\/aftermovie-les-filmeurs-production\\\/\",\"name\":\"Aftermovie - Marc Gossard, Vid\u00e9aste - Les Filmeurs production\",\"isPartOf\":{\"@id\":\"https:\\\/\\\/lesfilmeursproduction.com\\\/#website\"},\"primaryImageOfPage\":{\"@id\":\"https:\\\/\\\/lesfilmeursproduction.com\\\/aftermovie-les-filmeurs-production\\\/#primaryimage\"},\"image\":{\"@id\":\"https:\\\/\\\/lesfilmeursproduction.com\\\/aftermovie-les-filmeurs-production\\\/#primaryimage\"},\"thumbnailUrl\":\"http:\\\/\\\/lesfilmeursproduction.com\\\/wp-content\\\/uploads\\\/2023\\\/05\\\/Untitled_1.29.1-1-min-1024x576.png\",\"datePublished\":\"2023-04-26T15:21:57+00:00\",\"dateModified\":\"2025-07-19T13:22:41+00:00\",\"breadcrumb\":{\"@id\":\"https:\\\/\\\/lesfilmeursproduction.com\\\/aftermovie-les-filmeurs-production\\\/#breadcrumb\"},\"inLanguage\":\"en-GB\",\"potentialAction\":[{\"@type\":\"ReadAction\",\"target\":[\"https:\\\/\\\/lesfilmeursproduction.com\\\/aftermovie-les-filmeurs-production\\\/\"]}]},{\"@type\":\"ImageObject\",\"inLanguage\":\"en-GB\",\"@id\":\"https:\\\/\\\/lesfilmeursproduction.com\\\/aftermovie-les-filmeurs-production\\\/#primaryimage\",\"url\":\"http:\\\/\\\/lesfilmeursproduction.com\\\/wp-content\\\/uploads\\\/2023\\\/05\\\/Untitled_1.29.1-1-min-1024x576.png\",\"contentUrl\":\"http:\\\/\\\/lesfilmeursproduction.com\\\/wp-content\\\/uploads\\\/2023\\\/05\\\/Untitled_1.29.1-1-min-1024x576.png\"},{\"@type\":\"BreadcrumbList\",\"@id\":\"https:\\\/\\\/lesfilmeursproduction.com\\\/aftermovie-les-filmeurs-production\\\/#breadcrumb\",\"itemListElement\":[{\"@type\":\"ListItem\",\"position\":1,\"name\":\"Accueil\",\"item\":\"https:\\\/\\\/lesfilmeursproduction.com\\\/\"},{\"@type\":\"ListItem\",\"position\":2,\"name\":\"Aftermovie &#8211; Marc Gossard, Vid\u00e9aste\"}]},{\"@type\":\"WebSite\",\"@id\":\"https:\\\/\\\/lesfilmeursproduction.com\\\/#website\",\"url\":\"https:\\\/\\\/lesfilmeursproduction.com\\\/\",\"name\":\"Les Filmeurs production\",\"description\":\"films d&#039;entreprise et documentaires\",\"potentialAction\":[{\"@type\":\"SearchAction\",\"target\":{\"@type\":\"EntryPoint\",\"urlTemplate\":\"https:\\\/\\\/lesfilmeursproduction.com\\\/?s={search_term_string}\"},\"query-input\":{\"@type\":\"PropertyValueSpecification\",\"valueRequired\":true,\"valueName\":\"search_term_string\"}}],\"inLanguage\":\"en-GB\"}]}<\/script>\n<!-- \/ Yoast SEO plugin. -->","yoast_head_json":{"title":"Aftermovie - Marc Gossard, Vid\u00e9aste - Les Filmeurs production","robots":{"index":"index","follow":"follow","max-snippet":"max-snippet:-1","max-image-preview":"max-image-preview:large","max-video-preview":"max-video-preview:-1"},"canonical":"https:\/\/lesfilmeursproduction.com\/en\/aftermovie-les-filmeurs-production\/","og_locale":"en_GB","og_type":"article","og_title":"Aftermovie - Marc Gossard, Vid\u00e9aste - Les Filmeurs production","og_description":"Aftermovie &#8211; Marc Gossard, Vid\u00e9aste https:\/\/vimeo.com\/762902759\/8ffdb5b76a L&#8217;Aftermovie est une vid\u00e9o de haute qualit\u00e9 qui r\u00e9sume les moments forts d&#8217;un \u00e9v\u00e9nement, comme un festival de musique ou un \u00e9v\u00e9nement sportif. Cette vid\u00e9o est souvent r\u00e9alis\u00e9e apr\u00e8s l&#8217;\u00e9v\u00e9nement et montre les temps forts de l&#8217;exp\u00e9rience de l&#8217;\u00e9v\u00e9nement ainsi que les r\u00e9actions des participants. L&#8217;Aftermovie est devenu une &hellip; Aftermovie &#8211; Marc Gossard, Vid\u00e9aste Read More &raquo;","og_url":"https:\/\/lesfilmeursproduction.com\/en\/aftermovie-les-filmeurs-production\/","og_site_name":"Les Filmeurs production","article_modified_time":"2025-07-19T13:22:41+00:00","og_image":[{"url":"http:\/\/lesfilmeursproduction.com\/wp-content\/uploads\/2023\/05\/Untitled_1.29.1-1-min-1024x576.png","type":"","width":"","height":""}],"twitter_card":"summary_large_image","twitter_misc":{"Estimated reading time":"3 minutes"},"schema":{"@context":"https:\/\/schema.org","@graph":[{"@type":"WebPage","@id":"https:\/\/lesfilmeursproduction.com\/aftermovie-les-filmeurs-production\/","url":"https:\/\/lesfilmeursproduction.com\/aftermovie-les-filmeurs-production\/","name":"Aftermovie - Marc Gossard, Vid\u00e9aste - Les Filmeurs production","isPartOf":{"@id":"https:\/\/lesfilmeursproduction.com\/#website"},"primaryImageOfPage":{"@id":"https:\/\/lesfilmeursproduction.com\/aftermovie-les-filmeurs-production\/#primaryimage"},"image":{"@id":"https:\/\/lesfilmeursproduction.com\/aftermovie-les-filmeurs-production\/#primaryimage"},"thumbnailUrl":"http:\/\/lesfilmeursproduction.com\/wp-content\/uploads\/2023\/05\/Untitled_1.29.1-1-min-1024x576.png","datePublished":"2023-04-26T15:21:57+00:00","dateModified":"2025-07-19T13:22:41+00:00","breadcrumb":{"@id":"https:\/\/lesfilmeursproduction.com\/aftermovie-les-filmeurs-production\/#breadcrumb"},"inLanguage":"en-GB","potentialAction":[{"@type":"ReadAction","target":["https:\/\/lesfilmeursproduction.com\/aftermovie-les-filmeurs-production\/"]}]},{"@type":"ImageObject","inLanguage":"en-GB","@id":"https:\/\/lesfilmeursproduction.com\/aftermovie-les-filmeurs-production\/#primaryimage","url":"http:\/\/lesfilmeursproduction.com\/wp-content\/uploads\/2023\/05\/Untitled_1.29.1-1-min-1024x576.png","contentUrl":"http:\/\/lesfilmeursproduction.com\/wp-content\/uploads\/2023\/05\/Untitled_1.29.1-1-min-1024x576.png"},{"@type":"BreadcrumbList","@id":"https:\/\/lesfilmeursproduction.com\/aftermovie-les-filmeurs-production\/#breadcrumb","itemListElement":[{"@type":"ListItem","position":1,"name":"Accueil","item":"https:\/\/lesfilmeursproduction.com\/"},{"@type":"ListItem","position":2,"name":"Aftermovie &#8211; Marc Gossard, Vid\u00e9aste"}]},{"@type":"WebSite","@id":"https:\/\/lesfilmeursproduction.com\/#website","url":"https:\/\/lesfilmeursproduction.com\/","name":"Les Filmeurs production","description":"films d&#039;entreprise et documentaires","potentialAction":[{"@type":"SearchAction","target":{"@type":"EntryPoint","urlTemplate":"https:\/\/lesfilmeursproduction.com\/?s={search_term_string}"},"query-input":{"@type":"PropertyValueSpecification","valueRequired":true,"valueName":"search_term_string"}}],"inLanguage":"en-GB"}]}},"_links":{"self":[{"href":"https:\/\/lesfilmeursproduction.com\/en\/wp-json\/wp\/v2\/pages\/1389","targetHints":{"allow":["GET"]}}],"collection":[{"href":"https:\/\/lesfilmeursproduction.com\/en\/wp-json\/wp\/v2\/pages"}],"about":[{"href":"https:\/\/lesfilmeursproduction.com\/en\/wp-json\/wp\/v2\/types\/page"}],"author":[{"embeddable":true,"href":"https:\/\/lesfilmeursproduction.com\/en\/wp-json\/wp\/v2\/users\/1"}],"replies":[{"embeddable":true,"href":"https:\/\/lesfilmeursproduction.com\/en\/wp-json\/wp\/v2\/comments?post=1389"}],"version-history":[{"count":35,"href":"https:\/\/lesfilmeursproduction.com\/en\/wp-json\/wp\/v2\/pages\/1389\/revisions"}],"predecessor-version":[{"id":2766,"href":"https:\/\/lesfilmeursproduction.com\/en\/wp-json\/wp\/v2\/pages\/1389\/revisions\/2766"}],"wp:attachment":[{"href":"https:\/\/lesfilmeursproduction.com\/en\/wp-json\/wp\/v2\/media?parent=1389"}],"curies":[{"name":"wp","href":"https:\/\/api.w.org\/{rel}","templated":true}]}}