{"id":1400,"date":"2023-04-26T15:36:08","date_gmt":"2023-04-26T15:36:08","guid":{"rendered":"https:\/\/lesfilmeursproduction.com\/?page_id=1400"},"modified":"2025-07-19T14:16:56","modified_gmt":"2025-07-19T14:16:56","slug":"motion-design-les-filmeurs-production","status":"publish","type":"page","link":"https:\/\/lesfilmeursproduction.com\/en\/motion-design-les-filmeurs-production\/","title":{"rendered":"Motion design &#8211; Marc Gossard, Vid\u00e9aste"},"content":{"rendered":"<div data-elementor-type=\"wp-page\" data-elementor-id=\"1400\" class=\"elementor elementor-1400\" data-elementor-settings=\"{&quot;ha_cmc_init_switcher&quot;:&quot;no&quot;}\">\n\t\t\t\t\t\t<section class=\"elementor-section elementor-top-section elementor-element elementor-element-f219b95 elementor-section-boxed elementor-section-height-default elementor-section-height-default\" data-id=\"f219b95\" data-element_type=\"section\" data-e-type=\"section\" data-settings=\"{&quot;_ha_eqh_enable&quot;:false}\">\n\t\t\t\t\t\t<div class=\"elementor-container elementor-column-gap-default\">\n\t\t\t\t\t<div class=\"elementor-column elementor-col-100 elementor-top-column elementor-element elementor-element-5b25dba\" data-id=\"5b25dba\" data-element_type=\"column\" data-e-type=\"column\">\n\t\t\t<div class=\"elementor-widget-wrap elementor-element-populated\">\n\t\t\t\t\t\t<div class=\"elementor-element elementor-element-84bc2b0 elementor-widget elementor-widget-spacer\" data-id=\"84bc2b0\" data-element_type=\"widget\" data-e-type=\"widget\" data-widget_type=\"spacer.default\">\n\t\t\t\t<div class=\"elementor-widget-container\">\n\t\t\t\t\t\t\t<div class=\"elementor-spacer\">\n\t\t\t<div class=\"elementor-spacer-inner\"><\/div>\n\t\t<\/div>\n\t\t\t\t\t\t<\/div>\n\t\t\t\t<\/div>\n\t\t\t\t<div class=\"elementor-element elementor-element-157a55d elementor-widget elementor-widget-heading\" data-id=\"157a55d\" data-element_type=\"widget\" data-e-type=\"widget\" data-widget_type=\"heading.default\">\n\t\t\t\t<div class=\"elementor-widget-container\">\n\t\t\t\t\t<h2 class=\"elementor-heading-title elementor-size-default\">Motion design - Marc Gossard, Vid\u00e9aste<\/h2>\t\t\t\t<\/div>\n\t\t\t\t<\/div>\n\t\t\t\t\t<\/div>\n\t\t<\/div>\n\t\t\t\t\t<\/div>\n\t\t<\/section>\n\t\t\t\t<section class=\"elementor-section elementor-top-section elementor-element elementor-element-73ce3fb elementor-section-boxed elementor-section-height-default elementor-section-height-default\" data-id=\"73ce3fb\" data-element_type=\"section\" data-e-type=\"section\" data-settings=\"{&quot;_ha_eqh_enable&quot;:false}\">\n\t\t\t\t\t\t<div class=\"elementor-container elementor-column-gap-default\">\n\t\t\t\t\t<div class=\"elementor-column elementor-col-100 elementor-top-column elementor-element elementor-element-87b24fd\" data-id=\"87b24fd\" data-element_type=\"column\" data-e-type=\"column\">\n\t\t\t<div class=\"elementor-widget-wrap elementor-element-populated\">\n\t\t\t\t\t\t<div class=\"elementor-element elementor-element-4b08321 elementor-widget elementor-widget-video\" data-id=\"4b08321\" data-element_type=\"widget\" data-e-type=\"widget\" data-settings=\"{&quot;video_type&quot;:&quot;vimeo&quot;,&quot;autoplay&quot;:&quot;yes&quot;,&quot;play_on_mobile&quot;:&quot;yes&quot;,&quot;mute&quot;:&quot;yes&quot;}\" data-widget_type=\"video.default\">\n\t\t\t\t<div class=\"elementor-widget-container\">\n\t\t\t\t\t\t\t<div class=\"elementor-wrapper elementor-open-inline\">\n\t\t\t<iframe class=\"elementor-video-iframe\" allowfullscreen allow=\"autoplay\" title=\"Lecteur vid\u00e9o vimeo\" src=\"https:\/\/player.vimeo.com\/video\/145275948?autoplay=1&amp;playsinline=1&amp;color&amp;autopause=0&amp;loop=0&amp;muted=1&amp;title=1&amp;portrait=1&amp;byline=1#t=\"><\/iframe>\t\t<\/div>\n\t\t\t\t\t\t<\/div>\n\t\t\t\t<\/div>\n\t\t\t\t<div class=\"elementor-element elementor-element-4ee2d19 elementor-widget elementor-widget-text-editor\" data-id=\"4ee2d19\" data-element_type=\"widget\" data-e-type=\"widget\" data-widget_type=\"text-editor.default\">\n\t\t\t\t<div class=\"elementor-widget-container\">\n\t\t\t\t\t\t\t\t\t<p>Le motion design est une forme de conception graphique qui implique l&#8217;utilisation de mouvements, d&#8217;animations et de graphismes pour raconter une histoire ou transmettre une information de mani\u00e8re visuelle. Cette forme de conception est souvent utilis\u00e9e pour les vid\u00e9os, les publicit\u00e9s, les pr\u00e9sentations d&#8217;entreprise et les films.&nbsp;<span style=\"font-size: 15px; font-family: var( --e-global-typography-text-font-family ), Sans-serif; color: var(--ast-global-color-3);\">Le motion design combine des \u00e9l\u00e9ments de design graphique, d&#8217;animation et de cin\u00e9ma pour cr\u00e9er des productions visuelles captivantes. Les professionnels du motion design comme nous utilisent souvent des logiciels de cr\u00e9ation graphique et d&#8217;animation tels que Adobe After Effects, Cinema 4D et Maya pour produire des vid\u00e9os.<\/span><\/p>\n<p>Le motion design est souvent utilis\u00e9 pour cr\u00e9er des vid\u00e9os explicatives et des pr\u00e9sentations d&#8217;entreprise. Il peut \u00e9galement \u00eatre utilis\u00e9 dans des publicit\u00e9s pour aider \u00e0 vendre des produits et des services en montrant leurs avantages de mani\u00e8re visuelle. C&#8217;est ce que nous proposons \u00e0 nos clients.<\/p>\n<p>En plus de sa capacit\u00e9 \u00e0 transmettre des informations de mani\u00e8re visuelle, le motion design est \u00e9galement appr\u00e9ci\u00e9 pour sa capacit\u00e9 \u00e0 raconter des histoires de mani\u00e8re captivante. Les animateurs peuvent utiliser des mouvements et des transitions fluides pour donner vie \u00e0 des personnages et des objets, cr\u00e9ant ainsi une exp\u00e9rience visuelle immersive pour le spectateur.<\/p>\n<p>En conclusion, le motion design est une forme de conception graphique qui utilise des mouvements, des animations et des graphismes pour transmettre une information de mani\u00e8re visuelle. Cette forme de conception est souvent utilis\u00e9e pour les vid\u00e9os, les publicit\u00e9s et les pr\u00e9sentations d&#8217;entreprise. Les professionnels du motion design utilisent souvent des logiciels de cr\u00e9ation graphique et d&#8217;animation pour produire des vid\u00e9os. Le motion design est \u00e9galement utilis\u00e9 dans l&#8217;industrie cin\u00e9matographique pour cr\u00e9er des effets sp\u00e9ciaux. Gr\u00e2ce \u00e0 sa capacit\u00e9 \u00e0 raconter des histoires de mani\u00e8re captivante, le motion design est une forme de conception de plus en plus populaire dans de nombreux domaines.<\/p>\t\t\t\t\t\t\t\t<\/div>\n\t\t\t\t<\/div>\n\t\t\t\t\t<\/div>\n\t\t<\/div>\n\t\t\t\t\t<\/div>\n\t\t<\/section>\n\t\t\t\t<section class=\"elementor-section elementor-top-section elementor-element elementor-element-1e8de611 elementor-section-boxed elementor-section-height-default elementor-section-height-default\" data-id=\"1e8de611\" data-element_type=\"section\" data-e-type=\"section\" data-settings=\"{&quot;_ha_eqh_enable&quot;:false}\">\n\t\t\t\t\t\t<div class=\"elementor-container elementor-column-gap-default\">\n\t\t\t\t\t<div class=\"elementor-column elementor-col-100 elementor-top-column elementor-element elementor-element-9a8dffb\" data-id=\"9a8dffb\" data-element_type=\"column\" data-e-type=\"column\">\n\t\t\t<div class=\"elementor-widget-wrap elementor-element-populated\">\n\t\t\t\t\t\t<div class=\"elementor-element elementor-element-fde6d2b elementor-widget elementor-widget-heading\" data-id=\"fde6d2b\" data-element_type=\"widget\" data-e-type=\"widget\" data-widget_type=\"heading.default\">\n\t\t\t\t<div class=\"elementor-widget-container\">\n\t\t\t\t\t<h2 class=\"elementor-heading-title elementor-size-default\">D\u00e9couvrez nos autres types de r\u00e9alisation<\/h2>\t\t\t\t<\/div>\n\t\t\t\t<\/div>\n\t\t\t\t<div class=\"elementor-element elementor-element-5e8efd6 elementor-widget elementor-widget-spacer\" data-id=\"5e8efd6\" data-element_type=\"widget\" data-e-type=\"widget\" data-widget_type=\"spacer.default\">\n\t\t\t\t<div class=\"elementor-widget-container\">\n\t\t\t\t\t\t\t<div class=\"elementor-spacer\">\n\t\t\t<div class=\"elementor-spacer-inner\"><\/div>\n\t\t<\/div>\n\t\t\t\t\t\t<\/div>\n\t\t\t\t<\/div>\n\t\t\t\t<section class=\"elementor-section elementor-inner-section elementor-element elementor-element-6fc44a6a elementor-section-boxed elementor-section-height-default elementor-section-height-default\" data-id=\"6fc44a6a\" data-element_type=\"section\" data-e-type=\"section\" data-settings=\"{&quot;_ha_eqh_enable&quot;:false}\">\n\t\t\t\t\t\t<div class=\"elementor-container elementor-column-gap-default\">\n\t\t\t\t\t<div class=\"elementor-column elementor-col-33 elementor-inner-column elementor-element elementor-element-e4e91ea\" data-id=\"e4e91ea\" data-element_type=\"column\" data-e-type=\"column\">\n\t\t\t<div class=\"elementor-widget-wrap elementor-element-populated\">\n\t\t\t\t\t\t<div class=\"elementor-element elementor-element-339bbdc4 elementor-widget elementor-widget-image\" data-id=\"339bbdc4\" data-element_type=\"widget\" data-e-type=\"widget\" data-widget_type=\"image.default\">\n\t\t\t\t<div class=\"elementor-widget-container\">\n\t\t\t\t\t\t\t\t\t\t\t\t<figure class=\"wp-caption\">\n\t\t\t\t\t\t\t\t\t\t\t<a href=\"http:\/\/lesfilmeursproduction.com\/en\/films-dentreprise\/\">\n\t\t\t\t\t\t\t<img fetchpriority=\"high\" decoding=\"async\" width=\"1024\" height=\"576\" src=\"https:\/\/lesfilmeursproduction.com\/wp-content\/uploads\/2023\/05\/Untitled_1.29.1-1-min-1024x576.png\" class=\"attachment-large size-large wp-image-1608\" alt=\"\" srcset=\"https:\/\/lesfilmeursproduction.com\/wp-content\/uploads\/2023\/05\/Untitled_1.29.1-1-min-1024x576.png 1024w, https:\/\/lesfilmeursproduction.com\/wp-content\/uploads\/2023\/05\/Untitled_1.29.1-1-min-300x169.png 300w, https:\/\/lesfilmeursproduction.com\/wp-content\/uploads\/2023\/05\/Untitled_1.29.1-1-min-768x432.png 768w, https:\/\/lesfilmeursproduction.com\/wp-content\/uploads\/2023\/05\/Untitled_1.29.1-1-min-1536x864.png 1536w, https:\/\/lesfilmeursproduction.com\/wp-content\/uploads\/2023\/05\/Untitled_1.29.1-1-min-2048x1152.png 2048w, https:\/\/lesfilmeursproduction.com\/wp-content\/uploads\/2023\/05\/Untitled_1.29.1-1-min-18x10.png 18w\" sizes=\"(max-width: 1024px) 100vw, 1024px\" \/>\t\t\t\t\t\t\t\t<\/a>\n\t\t\t\t\t\t\t\t\t\t\t<figcaption class=\"widget-image-caption wp-caption-text\">Films d'entreprise<\/figcaption>\n\t\t\t\t\t\t\t\t\t\t<\/figure>\n\t\t\t\t\t\t\t\t\t<\/div>\n\t\t\t\t<\/div>\n\t\t\t\t\t<\/div>\n\t\t<\/div>\n\t\t\t\t<div class=\"elementor-column elementor-col-33 elementor-inner-column elementor-element elementor-element-1c7297e9\" data-id=\"1c7297e9\" data-element_type=\"column\" data-e-type=\"column\">\n\t\t\t<div class=\"elementor-widget-wrap elementor-element-populated\">\n\t\t\t\t\t\t<div class=\"elementor-element elementor-element-13f8c15a elementor-widget elementor-widget-image\" data-id=\"13f8c15a\" data-element_type=\"widget\" data-e-type=\"widget\" data-widget_type=\"image.default\">\n\t\t\t\t<div class=\"elementor-widget-container\">\n\t\t\t\t\t\t\t\t\t\t\t\t<figure class=\"wp-caption\">\n\t\t\t\t\t\t\t\t\t\t\t<a href=\"http:\/\/lesfilmeursproduction.com\/en\/drone-les-filmeurs-production\/\">\n\t\t\t\t\t\t\t<img decoding=\"async\" width=\"1024\" height=\"577\" src=\"https:\/\/lesfilmeursproduction.com\/wp-content\/uploads\/2023\/04\/DSCF2102-1024x577.jpg\" class=\"attachment-large size-large wp-image-1189\" alt=\"\" srcset=\"https:\/\/lesfilmeursproduction.com\/wp-content\/uploads\/2023\/04\/DSCF2102-1024x577.jpg 1024w, https:\/\/lesfilmeursproduction.com\/wp-content\/uploads\/2023\/04\/DSCF2102-300x169.jpg 300w, https:\/\/lesfilmeursproduction.com\/wp-content\/uploads\/2023\/04\/DSCF2102-768x433.jpg 768w, https:\/\/lesfilmeursproduction.com\/wp-content\/uploads\/2023\/04\/DSCF2102-1536x866.jpg 1536w, https:\/\/lesfilmeursproduction.com\/wp-content\/uploads\/2023\/04\/DSCF2102-2048x1155.jpg 2048w, https:\/\/lesfilmeursproduction.com\/wp-content\/uploads\/2023\/04\/DSCF2102-18x10.jpg 18w\" sizes=\"(max-width: 1024px) 100vw, 1024px\" \/>\t\t\t\t\t\t\t\t<\/a>\n\t\t\t\t\t\t\t\t\t\t\t<figcaption class=\"widget-image-caption wp-caption-text\">Drone<\/figcaption>\n\t\t\t\t\t\t\t\t\t\t<\/figure>\n\t\t\t\t\t\t\t\t\t<\/div>\n\t\t\t\t<\/div>\n\t\t\t\t\t<\/div>\n\t\t<\/div>\n\t\t\t\t<div class=\"elementor-column elementor-col-33 elementor-inner-column elementor-element elementor-element-fb6696a\" data-id=\"fb6696a\" data-element_type=\"column\" data-e-type=\"column\">\n\t\t\t<div class=\"elementor-widget-wrap elementor-element-populated\">\n\t\t\t\t\t\t<div class=\"elementor-element elementor-element-6d5d0fb6 elementor-widget elementor-widget-image\" data-id=\"6d5d0fb6\" data-element_type=\"widget\" data-e-type=\"widget\" data-widget_type=\"image.default\">\n\t\t\t\t<div class=\"elementor-widget-container\">\n\t\t\t\t\t\t\t\t\t\t\t\t<figure class=\"wp-caption\">\n\t\t\t\t\t\t\t\t\t\t\t<a href=\"http:\/\/lesfilmeursproduction.com\/en\/aftermovie-les-filmeurs-production\/\">\n\t\t\t\t\t\t\t<img decoding=\"async\" width=\"1024\" height=\"576\" src=\"https:\/\/lesfilmeursproduction.com\/wp-content\/uploads\/2023\/05\/Untitled_1.39.1-min-1024x576.png\" class=\"attachment-large size-large wp-image-1610\" alt=\"\" srcset=\"https:\/\/lesfilmeursproduction.com\/wp-content\/uploads\/2023\/05\/Untitled_1.39.1-min-1024x576.png 1024w, https:\/\/lesfilmeursproduction.com\/wp-content\/uploads\/2023\/05\/Untitled_1.39.1-min-300x169.png 300w, https:\/\/lesfilmeursproduction.com\/wp-content\/uploads\/2023\/05\/Untitled_1.39.1-min-768x432.png 768w, https:\/\/lesfilmeursproduction.com\/wp-content\/uploads\/2023\/05\/Untitled_1.39.1-min-1536x864.png 1536w, https:\/\/lesfilmeursproduction.com\/wp-content\/uploads\/2023\/05\/Untitled_1.39.1-min-2048x1152.png 2048w, https:\/\/lesfilmeursproduction.com\/wp-content\/uploads\/2023\/05\/Untitled_1.39.1-min-18x10.png 18w\" sizes=\"(max-width: 1024px) 100vw, 1024px\" \/>\t\t\t\t\t\t\t\t<\/a>\n\t\t\t\t\t\t\t\t\t\t\t<figcaption class=\"widget-image-caption wp-caption-text\">Aftermovie<\/figcaption>\n\t\t\t\t\t\t\t\t\t\t<\/figure>\n\t\t\t\t\t\t\t\t\t<\/div>\n\t\t\t\t<\/div>\n\t\t\t\t\t<\/div>\n\t\t<\/div>\n\t\t\t\t\t<\/div>\n\t\t<\/section>\n\t\t\t\t\t<\/div>\n\t\t<\/div>\n\t\t\t\t\t<\/div>\n\t\t<\/section>\n\t\t\t\t<\/div>","protected":false},"excerpt":{"rendered":"<p>Motion design &#8211; Marc Gossard, Vid\u00e9aste Le motion design est une forme de conception graphique qui implique l&#8217;utilisation de mouvements, d&#8217;animations et de graphismes pour raconter une histoire ou transmettre une information de mani\u00e8re visuelle. Cette forme de conception est souvent utilis\u00e9e pour les vid\u00e9os, les publicit\u00e9s, les pr\u00e9sentations d&#8217;entreprise et les films.\u00a0Le motion design &hellip;<\/p>\n<p class=\"read-more\"> <a class=\"\" href=\"https:\/\/lesfilmeursproduction.com\/en\/motion-design-les-filmeurs-production\/\"> <span class=\"screen-reader-text\">Motion design &#8211; Marc Gossard, Vid\u00e9aste<\/span> Read More &raquo;<\/a><\/p>","protected":false},"author":1,"featured_media":0,"parent":0,"menu_order":0,"comment_status":"closed","ping_status":"closed","template":"","meta":{"site-sidebar-layout":"no-sidebar","site-content-layout":"page-builder","ast-global-header-display":"","ast-main-header-display":"","ast-hfb-above-header-display":"","ast-hfb-below-header-display":"","ast-hfb-mobile-header-display":"","site-post-title":"disabled","ast-breadcrumbs-content":"","ast-featured-img":"disabled","footer-sml-layout":"","theme-transparent-header-meta":"default","adv-header-id-meta":"","stick-header-meta":"","header-above-stick-meta":"","header-main-stick-meta":"","header-below-stick-meta":"","footnotes":""},"class_list":["post-1400","page","type-page","status-publish","hentry"],"yoast_head":"<!-- This site is optimized with the Yoast SEO plugin v27.4 - https:\/\/yoast.com\/product\/yoast-seo-wordpress\/ -->\n<title>Motion design - Marc Gossard, Vid\u00e9aste - Les Filmeurs production<\/title>\n<meta name=\"robots\" content=\"index, follow, max-snippet:-1, max-image-preview:large, max-video-preview:-1\" \/>\n<link rel=\"canonical\" href=\"https:\/\/lesfilmeursproduction.com\/en\/motion-design-les-filmeurs-production\/\" \/>\n<meta property=\"og:locale\" content=\"en_GB\" \/>\n<meta property=\"og:type\" content=\"article\" \/>\n<meta property=\"og:title\" content=\"Motion design - Marc Gossard, Vid\u00e9aste - Les Filmeurs production\" \/>\n<meta property=\"og:description\" content=\"Motion design &#8211; Marc Gossard, Vid\u00e9aste Le motion design est une forme de conception graphique qui implique l&#8217;utilisation de mouvements, d&#8217;animations et de graphismes pour raconter une histoire ou transmettre une information de mani\u00e8re visuelle. Cette forme de conception est souvent utilis\u00e9e pour les vid\u00e9os, les publicit\u00e9s, les pr\u00e9sentations d&#8217;entreprise et les films.\u00a0Le motion design &hellip; Motion design &#8211; Marc Gossard, Vid\u00e9aste Read More &raquo;\" \/>\n<meta property=\"og:url\" content=\"https:\/\/lesfilmeursproduction.com\/en\/motion-design-les-filmeurs-production\/\" \/>\n<meta property=\"og:site_name\" content=\"Les Filmeurs production\" \/>\n<meta property=\"article:modified_time\" content=\"2025-07-19T14:16:56+00:00\" \/>\n<meta property=\"og:image\" content=\"http:\/\/lesfilmeursproduction.com\/wp-content\/uploads\/2023\/05\/Untitled_1.29.1-1-min-1024x576.png\" \/>\n<meta name=\"twitter:card\" content=\"summary_large_image\" \/>\n<meta name=\"twitter:label1\" content=\"Estimated reading time\" \/>\n\t<meta name=\"twitter:data1\" content=\"3 minutes\" \/>\n<script type=\"application\/ld+json\" class=\"yoast-schema-graph\">{\"@context\":\"https:\\\/\\\/schema.org\",\"@graph\":[{\"@type\":\"WebPage\",\"@id\":\"https:\\\/\\\/lesfilmeursproduction.com\\\/motion-design-les-filmeurs-production\\\/\",\"url\":\"https:\\\/\\\/lesfilmeursproduction.com\\\/motion-design-les-filmeurs-production\\\/\",\"name\":\"Motion design - Marc Gossard, Vid\u00e9aste - Les Filmeurs production\",\"isPartOf\":{\"@id\":\"https:\\\/\\\/lesfilmeursproduction.com\\\/#website\"},\"primaryImageOfPage\":{\"@id\":\"https:\\\/\\\/lesfilmeursproduction.com\\\/motion-design-les-filmeurs-production\\\/#primaryimage\"},\"image\":{\"@id\":\"https:\\\/\\\/lesfilmeursproduction.com\\\/motion-design-les-filmeurs-production\\\/#primaryimage\"},\"thumbnailUrl\":\"http:\\\/\\\/lesfilmeursproduction.com\\\/wp-content\\\/uploads\\\/2023\\\/05\\\/Untitled_1.29.1-1-min-1024x576.png\",\"datePublished\":\"2023-04-26T15:36:08+00:00\",\"dateModified\":\"2025-07-19T14:16:56+00:00\",\"breadcrumb\":{\"@id\":\"https:\\\/\\\/lesfilmeursproduction.com\\\/motion-design-les-filmeurs-production\\\/#breadcrumb\"},\"inLanguage\":\"en-GB\",\"potentialAction\":[{\"@type\":\"ReadAction\",\"target\":[\"https:\\\/\\\/lesfilmeursproduction.com\\\/motion-design-les-filmeurs-production\\\/\"]}]},{\"@type\":\"ImageObject\",\"inLanguage\":\"en-GB\",\"@id\":\"https:\\\/\\\/lesfilmeursproduction.com\\\/motion-design-les-filmeurs-production\\\/#primaryimage\",\"url\":\"http:\\\/\\\/lesfilmeursproduction.com\\\/wp-content\\\/uploads\\\/2023\\\/05\\\/Untitled_1.29.1-1-min-1024x576.png\",\"contentUrl\":\"http:\\\/\\\/lesfilmeursproduction.com\\\/wp-content\\\/uploads\\\/2023\\\/05\\\/Untitled_1.29.1-1-min-1024x576.png\"},{\"@type\":\"BreadcrumbList\",\"@id\":\"https:\\\/\\\/lesfilmeursproduction.com\\\/motion-design-les-filmeurs-production\\\/#breadcrumb\",\"itemListElement\":[{\"@type\":\"ListItem\",\"position\":1,\"name\":\"Accueil\",\"item\":\"https:\\\/\\\/lesfilmeursproduction.com\\\/\"},{\"@type\":\"ListItem\",\"position\":2,\"name\":\"Motion design &#8211; Marc Gossard, Vid\u00e9aste\"}]},{\"@type\":\"WebSite\",\"@id\":\"https:\\\/\\\/lesfilmeursproduction.com\\\/#website\",\"url\":\"https:\\\/\\\/lesfilmeursproduction.com\\\/\",\"name\":\"Les Filmeurs production\",\"description\":\"films d&#039;entreprise et documentaires\",\"potentialAction\":[{\"@type\":\"SearchAction\",\"target\":{\"@type\":\"EntryPoint\",\"urlTemplate\":\"https:\\\/\\\/lesfilmeursproduction.com\\\/?s={search_term_string}\"},\"query-input\":{\"@type\":\"PropertyValueSpecification\",\"valueRequired\":true,\"valueName\":\"search_term_string\"}}],\"inLanguage\":\"en-GB\"}]}<\/script>\n<!-- \/ Yoast SEO plugin. -->","yoast_head_json":{"title":"Motion design - Marc Gossard, Vid\u00e9aste - Les Filmeurs production","robots":{"index":"index","follow":"follow","max-snippet":"max-snippet:-1","max-image-preview":"max-image-preview:large","max-video-preview":"max-video-preview:-1"},"canonical":"https:\/\/lesfilmeursproduction.com\/en\/motion-design-les-filmeurs-production\/","og_locale":"en_GB","og_type":"article","og_title":"Motion design - Marc Gossard, Vid\u00e9aste - Les Filmeurs production","og_description":"Motion design &#8211; Marc Gossard, Vid\u00e9aste Le motion design est une forme de conception graphique qui implique l&#8217;utilisation de mouvements, d&#8217;animations et de graphismes pour raconter une histoire ou transmettre une information de mani\u00e8re visuelle. Cette forme de conception est souvent utilis\u00e9e pour les vid\u00e9os, les publicit\u00e9s, les pr\u00e9sentations d&#8217;entreprise et les films.\u00a0Le motion design &hellip; Motion design &#8211; Marc Gossard, Vid\u00e9aste Read More &raquo;","og_url":"https:\/\/lesfilmeursproduction.com\/en\/motion-design-les-filmeurs-production\/","og_site_name":"Les Filmeurs production","article_modified_time":"2025-07-19T14:16:56+00:00","og_image":[{"url":"http:\/\/lesfilmeursproduction.com\/wp-content\/uploads\/2023\/05\/Untitled_1.29.1-1-min-1024x576.png","type":"","width":"","height":""}],"twitter_card":"summary_large_image","twitter_misc":{"Estimated reading time":"3 minutes"},"schema":{"@context":"https:\/\/schema.org","@graph":[{"@type":"WebPage","@id":"https:\/\/lesfilmeursproduction.com\/motion-design-les-filmeurs-production\/","url":"https:\/\/lesfilmeursproduction.com\/motion-design-les-filmeurs-production\/","name":"Motion design - Marc Gossard, Vid\u00e9aste - Les Filmeurs production","isPartOf":{"@id":"https:\/\/lesfilmeursproduction.com\/#website"},"primaryImageOfPage":{"@id":"https:\/\/lesfilmeursproduction.com\/motion-design-les-filmeurs-production\/#primaryimage"},"image":{"@id":"https:\/\/lesfilmeursproduction.com\/motion-design-les-filmeurs-production\/#primaryimage"},"thumbnailUrl":"http:\/\/lesfilmeursproduction.com\/wp-content\/uploads\/2023\/05\/Untitled_1.29.1-1-min-1024x576.png","datePublished":"2023-04-26T15:36:08+00:00","dateModified":"2025-07-19T14:16:56+00:00","breadcrumb":{"@id":"https:\/\/lesfilmeursproduction.com\/motion-design-les-filmeurs-production\/#breadcrumb"},"inLanguage":"en-GB","potentialAction":[{"@type":"ReadAction","target":["https:\/\/lesfilmeursproduction.com\/motion-design-les-filmeurs-production\/"]}]},{"@type":"ImageObject","inLanguage":"en-GB","@id":"https:\/\/lesfilmeursproduction.com\/motion-design-les-filmeurs-production\/#primaryimage","url":"http:\/\/lesfilmeursproduction.com\/wp-content\/uploads\/2023\/05\/Untitled_1.29.1-1-min-1024x576.png","contentUrl":"http:\/\/lesfilmeursproduction.com\/wp-content\/uploads\/2023\/05\/Untitled_1.29.1-1-min-1024x576.png"},{"@type":"BreadcrumbList","@id":"https:\/\/lesfilmeursproduction.com\/motion-design-les-filmeurs-production\/#breadcrumb","itemListElement":[{"@type":"ListItem","position":1,"name":"Accueil","item":"https:\/\/lesfilmeursproduction.com\/"},{"@type":"ListItem","position":2,"name":"Motion design &#8211; Marc Gossard, Vid\u00e9aste"}]},{"@type":"WebSite","@id":"https:\/\/lesfilmeursproduction.com\/#website","url":"https:\/\/lesfilmeursproduction.com\/","name":"Les Filmeurs production","description":"films d&#039;entreprise et documentaires","potentialAction":[{"@type":"SearchAction","target":{"@type":"EntryPoint","urlTemplate":"https:\/\/lesfilmeursproduction.com\/?s={search_term_string}"},"query-input":{"@type":"PropertyValueSpecification","valueRequired":true,"valueName":"search_term_string"}}],"inLanguage":"en-GB"}]}},"_links":{"self":[{"href":"https:\/\/lesfilmeursproduction.com\/en\/wp-json\/wp\/v2\/pages\/1400","targetHints":{"allow":["GET"]}}],"collection":[{"href":"https:\/\/lesfilmeursproduction.com\/en\/wp-json\/wp\/v2\/pages"}],"about":[{"href":"https:\/\/lesfilmeursproduction.com\/en\/wp-json\/wp\/v2\/types\/page"}],"author":[{"embeddable":true,"href":"https:\/\/lesfilmeursproduction.com\/en\/wp-json\/wp\/v2\/users\/1"}],"replies":[{"embeddable":true,"href":"https:\/\/lesfilmeursproduction.com\/en\/wp-json\/wp\/v2\/comments?post=1400"}],"version-history":[{"count":29,"href":"https:\/\/lesfilmeursproduction.com\/en\/wp-json\/wp\/v2\/pages\/1400\/revisions"}],"predecessor-version":[{"id":2080,"href":"https:\/\/lesfilmeursproduction.com\/en\/wp-json\/wp\/v2\/pages\/1400\/revisions\/2080"}],"wp:attachment":[{"href":"https:\/\/lesfilmeursproduction.com\/en\/wp-json\/wp\/v2\/media?parent=1400"}],"curies":[{"name":"wp","href":"https:\/\/api.w.org\/{rel}","templated":true}]}}