{"id":1416,"date":"2023-04-26T15:54:48","date_gmt":"2023-04-26T15:54:48","guid":{"rendered":"https:\/\/lesfilmeursproduction.com\/?page_id=1416"},"modified":"2025-07-19T14:15:30","modified_gmt":"2025-07-19T14:15:30","slug":"drone-les-filmeurs-production","status":"publish","type":"page","link":"https:\/\/lesfilmeursproduction.com\/en\/drone-les-filmeurs-production\/","title":{"rendered":"Drone &#8211; Marc Gossard, Vid\u00e9aste"},"content":{"rendered":"<div data-elementor-type=\"wp-page\" data-elementor-id=\"1416\" class=\"elementor elementor-1416\" data-elementor-settings=\"{&quot;ha_cmc_init_switcher&quot;:&quot;no&quot;}\">\n\t\t\t\t\t\t<section class=\"elementor-section elementor-top-section elementor-element elementor-element-dae3e7a elementor-section-boxed elementor-section-height-default elementor-section-height-default\" data-id=\"dae3e7a\" data-element_type=\"section\" data-e-type=\"section\" data-settings=\"{&quot;_ha_eqh_enable&quot;:false}\">\n\t\t\t\t\t\t<div class=\"elementor-container elementor-column-gap-default\">\n\t\t\t\t\t<div class=\"elementor-column elementor-col-100 elementor-top-column elementor-element elementor-element-fcfba3d\" data-id=\"fcfba3d\" data-element_type=\"column\" data-e-type=\"column\">\n\t\t\t<div class=\"elementor-widget-wrap elementor-element-populated\">\n\t\t\t\t\t\t<div class=\"elementor-element elementor-element-84e61e4 elementor-widget elementor-widget-spacer\" data-id=\"84e61e4\" data-element_type=\"widget\" data-e-type=\"widget\" data-widget_type=\"spacer.default\">\n\t\t\t\t<div class=\"elementor-widget-container\">\n\t\t\t\t\t\t\t<div class=\"elementor-spacer\">\n\t\t\t<div class=\"elementor-spacer-inner\"><\/div>\n\t\t<\/div>\n\t\t\t\t\t\t<\/div>\n\t\t\t\t<\/div>\n\t\t\t\t<div class=\"elementor-element elementor-element-0fbf77f elementor-widget elementor-widget-heading\" data-id=\"0fbf77f\" data-element_type=\"widget\" data-e-type=\"widget\" data-widget_type=\"heading.default\">\n\t\t\t\t<div class=\"elementor-widget-container\">\n\t\t\t\t\t<h2 class=\"elementor-heading-title elementor-size-default\">Drone - Marc Gossard, Vid\u00e9aste<\/h2>\t\t\t\t<\/div>\n\t\t\t\t<\/div>\n\t\t\t\t\t<\/div>\n\t\t<\/div>\n\t\t\t\t\t<\/div>\n\t\t<\/section>\n\t\t\t\t<section class=\"elementor-section elementor-top-section elementor-element elementor-element-7e6e425 elementor-section-boxed elementor-section-height-default elementor-section-height-default\" data-id=\"7e6e425\" data-element_type=\"section\" data-e-type=\"section\" data-settings=\"{&quot;_ha_eqh_enable&quot;:false}\">\n\t\t\t\t\t\t<div class=\"elementor-container elementor-column-gap-default\">\n\t\t\t\t\t<div class=\"elementor-column elementor-col-100 elementor-top-column elementor-element elementor-element-6dfc2d8\" data-id=\"6dfc2d8\" data-element_type=\"column\" data-e-type=\"column\">\n\t\t\t<div class=\"elementor-widget-wrap elementor-element-populated\">\n\t\t\t\t\t\t<div class=\"elementor-element elementor-element-906bae6 elementor-widget elementor-widget-video\" data-id=\"906bae6\" data-element_type=\"widget\" data-e-type=\"widget\" data-settings=\"{&quot;video_type&quot;:&quot;vimeo&quot;,&quot;autoplay&quot;:&quot;yes&quot;,&quot;play_on_mobile&quot;:&quot;yes&quot;,&quot;mute&quot;:&quot;yes&quot;}\" data-widget_type=\"video.default\">\n\t\t\t\t<div class=\"elementor-widget-container\">\n\t\t\t\t\t\t\t<div class=\"elementor-wrapper elementor-open-inline\">\n\t\t\t<iframe class=\"elementor-video-iframe\" allowfullscreen allow=\"autoplay\" title=\"vimeo Video Player\" src=\"https:\/\/player.vimeo.com\/video\/753336137?autoplay=1&amp;playsinline=1&amp;color&amp;autopause=0&amp;loop=0&amp;muted=1&amp;title=0&amp;portrait=0&amp;byline=0#t=\"><\/iframe>\t\t<\/div>\n\t\t\t\t\t\t<\/div>\n\t\t\t\t<\/div>\n\t\t\t\t<div class=\"elementor-element elementor-element-63ae313 elementor-widget elementor-widget-text-editor\" data-id=\"63ae313\" data-element_type=\"widget\" data-e-type=\"widget\" data-widget_type=\"text-editor.default\">\n\t\t\t\t<div class=\"elementor-widget-container\">\n\t\t\t\t\t\t\t\t\t<p>Les drones sont devenus un outil indispensable pour la production de vid\u00e9os de qualit\u00e9 professionnelle. Avec leur capacit\u00e9 \u00e0 survoler des zones inaccessibles ou difficiles d&#8217;acc\u00e8s, les drones offrent une nouvelle perspective sur le monde qui nous entoure. Marc Gossard exerce une activit\u00e9 de production audiovisuelle qui a int\u00e9gr\u00e9 l&#8217;utilisation de drones dans ses prestations pour offrir \u00e0 ses clients des vid\u00e9os de qualit\u00e9 sup\u00e9rieure.<\/p>\n<p>Les drones permettent de r\u00e9aliser des plans a\u00e9riens exceptionnels qui apportent une dimension spectaculaire \u00e0 toute vid\u00e9o. Nous pouvons ainsi r\u00e9aliser des plans a\u00e9riens pour des \u00e9v\u00e9nements en ext\u00e9rieur tels que des festivals, des concerts, des mariages, ou des comp\u00e9titions sportives. Les plans a\u00e9riens permettent \u00e9galement de montrer l&#8217;environnement dans lequel se d\u00e9roule un \u00e9v\u00e9nement ou une activit\u00e9, donnant ainsi une vision d&#8217;ensemble que l&#8217;on ne pourrait pas avoir autrement.<\/p>\n<p>Nous pouvons \u00e9galement utiliser des drones pour la r\u00e9alisation de vid\u00e9os promotionnelles pour des entreprises. Les plans a\u00e9riens offrent une vue d&#8217;ensemble des installations et des \u00e9quipements de l&#8217;entreprise, cr\u00e9ant une pr\u00e9sentation visuelle attractive pour les clients potentiels. Les plans a\u00e9riens peuvent \u00e9galement \u00eatre utilis\u00e9s pour montrer les produits de l&#8217;entreprise dans leur contexte, cr\u00e9ant ainsi une plus grande immersion pour les spectateurs.&nbsp;<span style=\"font-size: 15px; font-family: var( --e-global-typography-text-font-family ), Sans-serif; color: var(--ast-global-color-3);\">Les drones sont \u00e9galement utilis\u00e9s pour la production de films et de documentaires. Les plans a\u00e9riens offrent une perspective unique sur les paysages et les environnements dans lesquels se d\u00e9roulent les histoires. Marc Gossard peut ainsi utiliser des drones pour capturer des images de la nature, des villes, ou des monuments historiques, cr\u00e9ant ainsi des plans a\u00e9riens qui ajoutent une dimension suppl\u00e9mentaire \u00e0 la narration.<\/span><\/p>\n<p>En plus de l&#8217;utilisation des drones pour les plans a\u00e9riens, Marc Gossard peut \u00e9galement utiliser des drones pour la r\u00e9alisation de plans de mouvement. Les drones peuvent ainsi suivre des personnes ou des objets en mouvement, cr\u00e9ant des plans de suivi spectaculaires qui ajoutent une dimension dynamique \u00e0 toute vid\u00e9o.<\/p>\t\t\t\t\t\t\t\t<\/div>\n\t\t\t\t<\/div>\n\t\t\t\t\t<\/div>\n\t\t<\/div>\n\t\t\t\t\t<\/div>\n\t\t<\/section>\n\t\t\t\t<section class=\"elementor-section elementor-top-section elementor-element elementor-element-8257a35 elementor-section-boxed elementor-section-height-default elementor-section-height-default\" data-id=\"8257a35\" data-element_type=\"section\" data-e-type=\"section\" data-settings=\"{&quot;_ha_eqh_enable&quot;:false}\">\n\t\t\t\t\t\t<div class=\"elementor-container elementor-column-gap-default\">\n\t\t\t\t\t<div class=\"elementor-column elementor-col-100 elementor-top-column elementor-element elementor-element-00e9d06\" data-id=\"00e9d06\" data-element_type=\"column\" data-e-type=\"column\">\n\t\t\t<div class=\"elementor-widget-wrap elementor-element-populated\">\n\t\t\t\t\t\t<div class=\"elementor-element elementor-element-14448e7 elementor-widget elementor-widget-heading\" data-id=\"14448e7\" data-element_type=\"widget\" data-e-type=\"widget\" data-widget_type=\"heading.default\">\n\t\t\t\t<div class=\"elementor-widget-container\">\n\t\t\t\t\t<h2 class=\"elementor-heading-title elementor-size-default\">D\u00e9couvrez nos autres types de r\u00e9alisation<\/h2>\t\t\t\t<\/div>\n\t\t\t\t<\/div>\n\t\t\t\t\t<\/div>\n\t\t<\/div>\n\t\t\t\t\t<\/div>\n\t\t<\/section>\n\t\t\t\t<section class=\"elementor-section elementor-top-section elementor-element elementor-element-fde64b2 elementor-section-boxed elementor-section-height-default elementor-section-height-default\" data-id=\"fde64b2\" data-element_type=\"section\" data-e-type=\"section\" data-settings=\"{&quot;_ha_eqh_enable&quot;:false}\">\n\t\t\t\t\t\t<div class=\"elementor-container elementor-column-gap-default\">\n\t\t\t\t\t<div class=\"elementor-column elementor-col-100 elementor-top-column elementor-element elementor-element-0e66cd8\" data-id=\"0e66cd8\" data-element_type=\"column\" data-e-type=\"column\">\n\t\t\t<div class=\"elementor-widget-wrap elementor-element-populated\">\n\t\t\t\t\t\t<section class=\"elementor-section elementor-inner-section elementor-element elementor-element-848971c elementor-section-boxed elementor-section-height-default elementor-section-height-default\" data-id=\"848971c\" data-element_type=\"section\" data-e-type=\"section\" data-settings=\"{&quot;_ha_eqh_enable&quot;:false}\">\n\t\t\t\t\t\t<div class=\"elementor-container elementor-column-gap-default\">\n\t\t\t\t\t<div class=\"elementor-column elementor-col-33 elementor-inner-column elementor-element elementor-element-eee9be0\" data-id=\"eee9be0\" data-element_type=\"column\" data-e-type=\"column\">\n\t\t\t<div class=\"elementor-widget-wrap elementor-element-populated\">\n\t\t\t\t\t\t<div class=\"elementor-element elementor-element-89a66fa elementor-widget elementor-widget-image\" data-id=\"89a66fa\" data-element_type=\"widget\" data-e-type=\"widget\" data-widget_type=\"image.default\">\n\t\t\t\t<div class=\"elementor-widget-container\">\n\t\t\t\t\t\t\t\t\t\t\t\t<figure class=\"wp-caption\">\n\t\t\t\t\t\t\t\t\t\t\t<a href=\"http:\/\/lesfilmeursproduction.com\/en\/films-dentreprise\/\">\n\t\t\t\t\t\t\t<img fetchpriority=\"high\" decoding=\"async\" width=\"1024\" height=\"576\" src=\"https:\/\/lesfilmeursproduction.com\/wp-content\/uploads\/2023\/05\/Untitled_1.29.1-1-min-1024x576.png\" class=\"attachment-large size-large wp-image-1608\" alt=\"\" srcset=\"https:\/\/lesfilmeursproduction.com\/wp-content\/uploads\/2023\/05\/Untitled_1.29.1-1-min-1024x576.png 1024w, https:\/\/lesfilmeursproduction.com\/wp-content\/uploads\/2023\/05\/Untitled_1.29.1-1-min-300x169.png 300w, https:\/\/lesfilmeursproduction.com\/wp-content\/uploads\/2023\/05\/Untitled_1.29.1-1-min-768x432.png 768w, https:\/\/lesfilmeursproduction.com\/wp-content\/uploads\/2023\/05\/Untitled_1.29.1-1-min-1536x864.png 1536w, https:\/\/lesfilmeursproduction.com\/wp-content\/uploads\/2023\/05\/Untitled_1.29.1-1-min-2048x1152.png 2048w, https:\/\/lesfilmeursproduction.com\/wp-content\/uploads\/2023\/05\/Untitled_1.29.1-1-min-18x10.png 18w\" sizes=\"(max-width: 1024px) 100vw, 1024px\" \/>\t\t\t\t\t\t\t\t<\/a>\n\t\t\t\t\t\t\t\t\t\t\t<figcaption class=\"widget-image-caption wp-caption-text\">Films d'entreprise<\/figcaption>\n\t\t\t\t\t\t\t\t\t\t<\/figure>\n\t\t\t\t\t\t\t\t\t<\/div>\n\t\t\t\t<\/div>\n\t\t\t\t\t<\/div>\n\t\t<\/div>\n\t\t\t\t<div class=\"elementor-column elementor-col-33 elementor-inner-column elementor-element elementor-element-28f1d40\" data-id=\"28f1d40\" data-element_type=\"column\" data-e-type=\"column\">\n\t\t\t<div class=\"elementor-widget-wrap elementor-element-populated\">\n\t\t\t\t\t\t<div class=\"elementor-element elementor-element-240e9ba elementor-widget elementor-widget-image\" data-id=\"240e9ba\" data-element_type=\"widget\" data-e-type=\"widget\" data-widget_type=\"image.default\">\n\t\t\t\t<div class=\"elementor-widget-container\">\n\t\t\t\t\t\t\t\t\t\t\t\t<figure class=\"wp-caption\">\n\t\t\t\t\t\t\t\t\t\t\t<a href=\"http:\/\/lesfilmeursproduction.com\/en\/motion-design-les-filmeurs-production\/\">\n\t\t\t\t\t\t\t<img decoding=\"async\" width=\"1024\" height=\"576\" src=\"https:\/\/lesfilmeursproduction.com\/wp-content\/uploads\/2023\/05\/04-bis-1024x576.jpg\" class=\"attachment-large size-large wp-image-1598\" alt=\"\" srcset=\"https:\/\/lesfilmeursproduction.com\/wp-content\/uploads\/2023\/05\/04-bis-1024x576.jpg 1024w, https:\/\/lesfilmeursproduction.com\/wp-content\/uploads\/2023\/05\/04-bis-300x169.jpg 300w, https:\/\/lesfilmeursproduction.com\/wp-content\/uploads\/2023\/05\/04-bis-768x432.jpg 768w, https:\/\/lesfilmeursproduction.com\/wp-content\/uploads\/2023\/05\/04-bis-1536x864.jpg 1536w, https:\/\/lesfilmeursproduction.com\/wp-content\/uploads\/2023\/05\/04-bis-18x10.jpg 18w, https:\/\/lesfilmeursproduction.com\/wp-content\/uploads\/2023\/05\/04-bis.jpg 1920w\" sizes=\"(max-width: 1024px) 100vw, 1024px\" \/>\t\t\t\t\t\t\t\t<\/a>\n\t\t\t\t\t\t\t\t\t\t\t<figcaption class=\"widget-image-caption wp-caption-text\">Motion design<\/figcaption>\n\t\t\t\t\t\t\t\t\t\t<\/figure>\n\t\t\t\t\t\t\t\t\t<\/div>\n\t\t\t\t<\/div>\n\t\t\t\t\t<\/div>\n\t\t<\/div>\n\t\t\t\t<div class=\"elementor-column elementor-col-33 elementor-inner-column elementor-element elementor-element-4dd9d2e\" data-id=\"4dd9d2e\" data-element_type=\"column\" data-e-type=\"column\">\n\t\t\t<div class=\"elementor-widget-wrap elementor-element-populated\">\n\t\t\t\t\t\t<div class=\"elementor-element elementor-element-0a63f4f elementor-widget elementor-widget-image\" data-id=\"0a63f4f\" data-element_type=\"widget\" data-e-type=\"widget\" data-widget_type=\"image.default\">\n\t\t\t\t<div class=\"elementor-widget-container\">\n\t\t\t\t\t\t\t\t\t\t\t\t<figure class=\"wp-caption\">\n\t\t\t\t\t\t\t\t\t\t\t<a href=\"http:\/\/lesfilmeursproduction.com\/en\/aftermovie-les-filmeurs-production\/\">\n\t\t\t\t\t\t\t<img decoding=\"async\" width=\"1024\" height=\"576\" src=\"https:\/\/lesfilmeursproduction.com\/wp-content\/uploads\/2023\/05\/Untitled_1.39.1-min-1024x576.png\" class=\"attachment-large size-large wp-image-1610\" alt=\"\" srcset=\"https:\/\/lesfilmeursproduction.com\/wp-content\/uploads\/2023\/05\/Untitled_1.39.1-min-1024x576.png 1024w, https:\/\/lesfilmeursproduction.com\/wp-content\/uploads\/2023\/05\/Untitled_1.39.1-min-300x169.png 300w, https:\/\/lesfilmeursproduction.com\/wp-content\/uploads\/2023\/05\/Untitled_1.39.1-min-768x432.png 768w, https:\/\/lesfilmeursproduction.com\/wp-content\/uploads\/2023\/05\/Untitled_1.39.1-min-1536x864.png 1536w, https:\/\/lesfilmeursproduction.com\/wp-content\/uploads\/2023\/05\/Untitled_1.39.1-min-2048x1152.png 2048w, https:\/\/lesfilmeursproduction.com\/wp-content\/uploads\/2023\/05\/Untitled_1.39.1-min-18x10.png 18w\" sizes=\"(max-width: 1024px) 100vw, 1024px\" \/>\t\t\t\t\t\t\t\t<\/a>\n\t\t\t\t\t\t\t\t\t\t\t<figcaption class=\"widget-image-caption wp-caption-text\">Aftermovie<\/figcaption>\n\t\t\t\t\t\t\t\t\t\t<\/figure>\n\t\t\t\t\t\t\t\t\t<\/div>\n\t\t\t\t<\/div>\n\t\t\t\t\t<\/div>\n\t\t<\/div>\n\t\t\t\t\t<\/div>\n\t\t<\/section>\n\t\t\t\t\t<\/div>\n\t\t<\/div>\n\t\t\t\t\t<\/div>\n\t\t<\/section>\n\t\t\t\t<\/div>","protected":false},"excerpt":{"rendered":"<p>Drone &#8211; Marc Gossard, Vid\u00e9aste Les drones sont devenus un outil indispensable pour la production de vid\u00e9os de qualit\u00e9 professionnelle. Avec leur capacit\u00e9 \u00e0 survoler des zones inaccessibles ou difficiles d&#8217;acc\u00e8s, les drones offrent une nouvelle perspective sur le monde qui nous entoure. Marc Gossard exerce une activit\u00e9 de production audiovisuelle qui a int\u00e9gr\u00e9 l&#8217;utilisation &hellip;<\/p>\n<p class=\"read-more\"> <a class=\"\" href=\"https:\/\/lesfilmeursproduction.com\/en\/drone-les-filmeurs-production\/\"> <span class=\"screen-reader-text\">Drone &#8211; Marc Gossard, Vid\u00e9aste<\/span> Read More &raquo;<\/a><\/p>","protected":false},"author":1,"featured_media":0,"parent":0,"menu_order":0,"comment_status":"closed","ping_status":"closed","template":"","meta":{"site-sidebar-layout":"no-sidebar","site-content-layout":"page-builder","ast-global-header-display":"","ast-main-header-display":"","ast-hfb-above-header-display":"","ast-hfb-below-header-display":"","ast-hfb-mobile-header-display":"","site-post-title":"disabled","ast-breadcrumbs-content":"","ast-featured-img":"disabled","footer-sml-layout":"","theme-transparent-header-meta":"default","adv-header-id-meta":"","stick-header-meta":"","header-above-stick-meta":"","header-main-stick-meta":"","header-below-stick-meta":"","footnotes":""},"class_list":["post-1416","page","type-page","status-publish","hentry"],"yoast_head":"<!-- This site is optimized with the Yoast SEO plugin v27.4 - https:\/\/yoast.com\/product\/yoast-seo-wordpress\/ -->\n<title>Drone - Marc Gossard, Vid\u00e9aste - Les Filmeurs production<\/title>\n<meta name=\"robots\" content=\"index, follow, max-snippet:-1, max-image-preview:large, max-video-preview:-1\" \/>\n<link rel=\"canonical\" href=\"https:\/\/lesfilmeursproduction.com\/en\/drone-les-filmeurs-production\/\" \/>\n<meta property=\"og:locale\" content=\"en_GB\" \/>\n<meta property=\"og:type\" content=\"article\" \/>\n<meta property=\"og:title\" content=\"Drone - Marc Gossard, Vid\u00e9aste - Les Filmeurs production\" \/>\n<meta property=\"og:description\" content=\"Drone &#8211; Marc Gossard, Vid\u00e9aste Les drones sont devenus un outil indispensable pour la production de vid\u00e9os de qualit\u00e9 professionnelle. Avec leur capacit\u00e9 \u00e0 survoler des zones inaccessibles ou difficiles d&#8217;acc\u00e8s, les drones offrent une nouvelle perspective sur le monde qui nous entoure. Marc Gossard exerce une activit\u00e9 de production audiovisuelle qui a int\u00e9gr\u00e9 l&#8217;utilisation &hellip; Drone &#8211; Marc Gossard, Vid\u00e9aste Read More &raquo;\" \/>\n<meta property=\"og:url\" content=\"https:\/\/lesfilmeursproduction.com\/en\/drone-les-filmeurs-production\/\" \/>\n<meta property=\"og:site_name\" content=\"Les Filmeurs production\" \/>\n<meta property=\"article:modified_time\" content=\"2025-07-19T14:15:30+00:00\" \/>\n<meta property=\"og:image\" content=\"http:\/\/lesfilmeursproduction.com\/wp-content\/uploads\/2023\/05\/Untitled_1.29.1-1-min-1024x576.png\" \/>\n<meta name=\"twitter:card\" content=\"summary_large_image\" \/>\n<meta name=\"twitter:label1\" content=\"Estimated reading time\" \/>\n\t<meta name=\"twitter:data1\" content=\"3 minutes\" \/>\n<script type=\"application\/ld+json\" class=\"yoast-schema-graph\">{\"@context\":\"https:\\\/\\\/schema.org\",\"@graph\":[{\"@type\":\"WebPage\",\"@id\":\"https:\\\/\\\/lesfilmeursproduction.com\\\/drone-les-filmeurs-production\\\/\",\"url\":\"https:\\\/\\\/lesfilmeursproduction.com\\\/drone-les-filmeurs-production\\\/\",\"name\":\"Drone - Marc Gossard, Vid\u00e9aste - Les Filmeurs production\",\"isPartOf\":{\"@id\":\"https:\\\/\\\/lesfilmeursproduction.com\\\/#website\"},\"primaryImageOfPage\":{\"@id\":\"https:\\\/\\\/lesfilmeursproduction.com\\\/drone-les-filmeurs-production\\\/#primaryimage\"},\"image\":{\"@id\":\"https:\\\/\\\/lesfilmeursproduction.com\\\/drone-les-filmeurs-production\\\/#primaryimage\"},\"thumbnailUrl\":\"http:\\\/\\\/lesfilmeursproduction.com\\\/wp-content\\\/uploads\\\/2023\\\/05\\\/Untitled_1.29.1-1-min-1024x576.png\",\"datePublished\":\"2023-04-26T15:54:48+00:00\",\"dateModified\":\"2025-07-19T14:15:30+00:00\",\"breadcrumb\":{\"@id\":\"https:\\\/\\\/lesfilmeursproduction.com\\\/drone-les-filmeurs-production\\\/#breadcrumb\"},\"inLanguage\":\"en-GB\",\"potentialAction\":[{\"@type\":\"ReadAction\",\"target\":[\"https:\\\/\\\/lesfilmeursproduction.com\\\/drone-les-filmeurs-production\\\/\"]}]},{\"@type\":\"ImageObject\",\"inLanguage\":\"en-GB\",\"@id\":\"https:\\\/\\\/lesfilmeursproduction.com\\\/drone-les-filmeurs-production\\\/#primaryimage\",\"url\":\"http:\\\/\\\/lesfilmeursproduction.com\\\/wp-content\\\/uploads\\\/2023\\\/05\\\/Untitled_1.29.1-1-min-1024x576.png\",\"contentUrl\":\"http:\\\/\\\/lesfilmeursproduction.com\\\/wp-content\\\/uploads\\\/2023\\\/05\\\/Untitled_1.29.1-1-min-1024x576.png\"},{\"@type\":\"BreadcrumbList\",\"@id\":\"https:\\\/\\\/lesfilmeursproduction.com\\\/drone-les-filmeurs-production\\\/#breadcrumb\",\"itemListElement\":[{\"@type\":\"ListItem\",\"position\":1,\"name\":\"Accueil\",\"item\":\"https:\\\/\\\/lesfilmeursproduction.com\\\/\"},{\"@type\":\"ListItem\",\"position\":2,\"name\":\"Drone &#8211; Marc Gossard, Vid\u00e9aste\"}]},{\"@type\":\"WebSite\",\"@id\":\"https:\\\/\\\/lesfilmeursproduction.com\\\/#website\",\"url\":\"https:\\\/\\\/lesfilmeursproduction.com\\\/\",\"name\":\"Les Filmeurs production\",\"description\":\"films d&#039;entreprise et documentaires\",\"potentialAction\":[{\"@type\":\"SearchAction\",\"target\":{\"@type\":\"EntryPoint\",\"urlTemplate\":\"https:\\\/\\\/lesfilmeursproduction.com\\\/?s={search_term_string}\"},\"query-input\":{\"@type\":\"PropertyValueSpecification\",\"valueRequired\":true,\"valueName\":\"search_term_string\"}}],\"inLanguage\":\"en-GB\"}]}<\/script>\n<!-- \/ Yoast SEO plugin. -->","yoast_head_json":{"title":"Drone - Marc Gossard, Vid\u00e9aste - Les Filmeurs production","robots":{"index":"index","follow":"follow","max-snippet":"max-snippet:-1","max-image-preview":"max-image-preview:large","max-video-preview":"max-video-preview:-1"},"canonical":"https:\/\/lesfilmeursproduction.com\/en\/drone-les-filmeurs-production\/","og_locale":"en_GB","og_type":"article","og_title":"Drone - Marc Gossard, Vid\u00e9aste - Les Filmeurs production","og_description":"Drone &#8211; Marc Gossard, Vid\u00e9aste Les drones sont devenus un outil indispensable pour la production de vid\u00e9os de qualit\u00e9 professionnelle. Avec leur capacit\u00e9 \u00e0 survoler des zones inaccessibles ou difficiles d&#8217;acc\u00e8s, les drones offrent une nouvelle perspective sur le monde qui nous entoure. Marc Gossard exerce une activit\u00e9 de production audiovisuelle qui a int\u00e9gr\u00e9 l&#8217;utilisation &hellip; Drone &#8211; Marc Gossard, Vid\u00e9aste Read More &raquo;","og_url":"https:\/\/lesfilmeursproduction.com\/en\/drone-les-filmeurs-production\/","og_site_name":"Les Filmeurs production","article_modified_time":"2025-07-19T14:15:30+00:00","og_image":[{"url":"http:\/\/lesfilmeursproduction.com\/wp-content\/uploads\/2023\/05\/Untitled_1.29.1-1-min-1024x576.png","type":"","width":"","height":""}],"twitter_card":"summary_large_image","twitter_misc":{"Estimated reading time":"3 minutes"},"schema":{"@context":"https:\/\/schema.org","@graph":[{"@type":"WebPage","@id":"https:\/\/lesfilmeursproduction.com\/drone-les-filmeurs-production\/","url":"https:\/\/lesfilmeursproduction.com\/drone-les-filmeurs-production\/","name":"Drone - Marc Gossard, Vid\u00e9aste - Les Filmeurs production","isPartOf":{"@id":"https:\/\/lesfilmeursproduction.com\/#website"},"primaryImageOfPage":{"@id":"https:\/\/lesfilmeursproduction.com\/drone-les-filmeurs-production\/#primaryimage"},"image":{"@id":"https:\/\/lesfilmeursproduction.com\/drone-les-filmeurs-production\/#primaryimage"},"thumbnailUrl":"http:\/\/lesfilmeursproduction.com\/wp-content\/uploads\/2023\/05\/Untitled_1.29.1-1-min-1024x576.png","datePublished":"2023-04-26T15:54:48+00:00","dateModified":"2025-07-19T14:15:30+00:00","breadcrumb":{"@id":"https:\/\/lesfilmeursproduction.com\/drone-les-filmeurs-production\/#breadcrumb"},"inLanguage":"en-GB","potentialAction":[{"@type":"ReadAction","target":["https:\/\/lesfilmeursproduction.com\/drone-les-filmeurs-production\/"]}]},{"@type":"ImageObject","inLanguage":"en-GB","@id":"https:\/\/lesfilmeursproduction.com\/drone-les-filmeurs-production\/#primaryimage","url":"http:\/\/lesfilmeursproduction.com\/wp-content\/uploads\/2023\/05\/Untitled_1.29.1-1-min-1024x576.png","contentUrl":"http:\/\/lesfilmeursproduction.com\/wp-content\/uploads\/2023\/05\/Untitled_1.29.1-1-min-1024x576.png"},{"@type":"BreadcrumbList","@id":"https:\/\/lesfilmeursproduction.com\/drone-les-filmeurs-production\/#breadcrumb","itemListElement":[{"@type":"ListItem","position":1,"name":"Accueil","item":"https:\/\/lesfilmeursproduction.com\/"},{"@type":"ListItem","position":2,"name":"Drone &#8211; Marc Gossard, Vid\u00e9aste"}]},{"@type":"WebSite","@id":"https:\/\/lesfilmeursproduction.com\/#website","url":"https:\/\/lesfilmeursproduction.com\/","name":"Les Filmeurs production","description":"films d&#039;entreprise et documentaires","potentialAction":[{"@type":"SearchAction","target":{"@type":"EntryPoint","urlTemplate":"https:\/\/lesfilmeursproduction.com\/?s={search_term_string}"},"query-input":{"@type":"PropertyValueSpecification","valueRequired":true,"valueName":"search_term_string"}}],"inLanguage":"en-GB"}]}},"_links":{"self":[{"href":"https:\/\/lesfilmeursproduction.com\/en\/wp-json\/wp\/v2\/pages\/1416","targetHints":{"allow":["GET"]}}],"collection":[{"href":"https:\/\/lesfilmeursproduction.com\/en\/wp-json\/wp\/v2\/pages"}],"about":[{"href":"https:\/\/lesfilmeursproduction.com\/en\/wp-json\/wp\/v2\/types\/page"}],"author":[{"embeddable":true,"href":"https:\/\/lesfilmeursproduction.com\/en\/wp-json\/wp\/v2\/users\/1"}],"replies":[{"embeddable":true,"href":"https:\/\/lesfilmeursproduction.com\/en\/wp-json\/wp\/v2\/comments?post=1416"}],"version-history":[{"count":39,"href":"https:\/\/lesfilmeursproduction.com\/en\/wp-json\/wp\/v2\/pages\/1416\/revisions"}],"predecessor-version":[{"id":2079,"href":"https:\/\/lesfilmeursproduction.com\/en\/wp-json\/wp\/v2\/pages\/1416\/revisions\/2079"}],"wp:attachment":[{"href":"https:\/\/lesfilmeursproduction.com\/en\/wp-json\/wp\/v2\/media?parent=1416"}],"curies":[{"name":"wp","href":"https:\/\/api.w.org\/{rel}","templated":true}]}}