{"id":19,"date":"2019-09-30T14:32:42","date_gmt":"2019-09-30T14:32:42","guid":{"rendered":"http:\/\/lesfilmeursproduction.com\/?page_id=19"},"modified":"2025-07-19T13:36:06","modified_gmt":"2025-07-19T13:36:06","slug":"films-dentreprise","status":"publish","type":"page","link":"https:\/\/lesfilmeursproduction.com\/en\/films-dentreprise\/","title":{"rendered":"<p>Corporate films<\/p>"},"content":{"rendered":"<div data-elementor-type=\"wp-page\" data-elementor-id=\"19\" class=\"elementor elementor-19\">\n\t\t\t\t\t\t\t\t\t<section class=\"elementor-section elementor-top-section elementor-element elementor-element-f440afc elementor-section-boxed elementor-section-height-default elementor-section-height-default\" data-id=\"f440afc\" data-element_type=\"section\" data-settings='{\"_ha_eqh_enable\":false}'>\n\t\t\t\t\t\t<div class=\"elementor-container elementor-column-gap-default\">\n\t\t\t\t\t<div class=\"elementor-column elementor-col-100 elementor-top-column elementor-element elementor-element-fad3300\" data-id=\"fad3300\" data-element_type=\"column\">\n\t\t\t<div class=\"elementor-widget-wrap elementor-element-populated\">\n\t\t\t\t\t\t\t\t<div class=\"elementor-element elementor-element-73324f6 elementor-widget elementor-widget-spacer\" data-id=\"73324f6\" data-element_type=\"widget\" data-widget_type=\"spacer.default\">\n\t\t\t\t<div class=\"elementor-widget-container\">\n\t\t\t\t\t<div class=\"elementor-spacer\">\n\t\t\t<div class=\"elementor-spacer-inner\"><\/div>\n\t\t<\/div>\n\t\t\t\t<\/div>\n\t\t\t\t<\/div>\n\t\t\t\t<div class=\"elementor-element elementor-element-0ee9443 elementor-widget elementor-widget-heading\" data-id=\"0ee9443\" data-element_type=\"widget\" data-widget_type=\"heading.default\">\n\t\t\t\t<div class=\"elementor-widget-container\">\n\t\t\t<h1 class=\"elementor-heading-title elementor-size-default\">Our corporate and institutional films<\/h1>\t\t<\/div>\n\t\t\t\t<\/div>\n\t\t\t\t<section class=\"elementor-section elementor-inner-section elementor-element elementor-element-b28f23e elementor-section-boxed elementor-section-height-default elementor-section-height-default\" data-id=\"b28f23e\" data-element_type=\"section\" data-settings='{\"_ha_eqh_enable\":false}'>\n\t\t\t\t\t\t<div class=\"elementor-container elementor-column-gap-default\">\n\t\t\t\t\t<div class=\"elementor-column elementor-col-100 elementor-inner-column elementor-element elementor-element-2b66f66\" data-id=\"2b66f66\" data-element_type=\"column\">\n\t\t\t<div class=\"elementor-widget-wrap elementor-element-populated\">\n\t\t\t\t\t\t\t\t<div class=\"elementor-element elementor-element-76d4a73 elementor-widget elementor-widget-eael-image-accordion\" data-id=\"76d4a73\" data-element_type=\"widget\" data-widget_type=\"eael-image-accordion.default\">\n\t\t\t\t<div class=\"elementor-widget-container\">\n\t\t\t    <div class=\"eael-img-accordion accordion-direction-horizontal eael-img-accordion-horizontal-align-center eael-img-accordion-vertical-align-center\" id=\"eael-img-accordion-76d4a73\" data-img-accordion-id=\"76d4a73\" data-img-accordion-type=\"on-hover\">\n                    \n            <a href=\"\" class=\"eael-image-accordion-hover\" style=\"background-image: url(http:\/\/lesfilmeursproduction.com\/wp-content\/uploads\/2023\/05\/Untitled_1.3.1.png);\" tabindex=\"0\">\n            <div class=\"overlay\">\n                <div class=\"overlay-inner\">\n                    <div class=\"overlay-inner\">\n                        <h2 class=\"img-accordion-title\">Tournage avec grue<\/h2>                            <p><\/p><p>pour un rendu professionnel&nbsp;<\/p>\n                                            <\/div>\n                <\/div>\n            <\/div>\n            <\/a>\n                    \n            <a href=\"\" class=\"eael-image-accordion-hover\" style=\"background-image: url(https:\/\/lesfilmeursproduction.com\/wp-content\/uploads\/2020\/01\/accueil-image-entreprise.jpg);\" tabindex=\"1\">\n            <div class=\"overlay\">\n                <div class=\"overlay-inner\">\n                    <div class=\"overlay-inner\">\n                        <h2 class=\"img-accordion-title\">Communication pour les entreprises<\/h2>                            <p><\/p><p>reportage professionnel&nbsp;<\/p>\n                                            <\/div>\n                <\/div>\n            <\/div>\n            <\/a>\n                <\/div>\n        <style typr=\"text\/css\">\n                    #eael-img-accordion-76d4a73 .eael-image-accordion-hover:hover {\n                        flex: 3 1 0% !important;\n                    }\n                    #eael-img-accordion-76d4a73 .eael-image-accordion-hover:hover:hover .overlay-inner * {\n                        opacity: 1;\n                        visibility: visible;\n                        transform: none;\n                        transition: all .3s .3s;\n                    }\n                <\/style>\t\t<\/div>\n\t\t\t\t<\/div>\n\t\t\t\t<div class=\"elementor-element elementor-element-6431cd4 elementor-widget elementor-widget-text-editor\" data-id=\"6431cd4\" data-element_type=\"widget\" data-widget_type=\"text-editor.default\">\n\t\t\t\t<div class=\"elementor-widget-container\">\n\t\t\t\t\t\t\t<p>Sp&eacute;cialis&eacute; dans la r&eacute;alisation de films d&rsquo;entreprise et films institutionnels, Marc Gossard met en valeur l&rsquo;image de votre entreprise, de votre service ou encore de votre nouveau produit. Nous b&eacute;n&eacute;ficions de moyens techniques efficaces, professionnels et innovants tels que le drone ou la grue.&nbsp;<span style=\"font-size: 15px;\">We work with companies from all sectors such as industry, events, security or fashion.<\/span><\/p>\t\t\t\t\t\t<\/div>\n\t\t\t\t<\/div>\n\t\t\t\t\t<\/div>\n\t\t<\/div>\n\t\t\t\t\t\t\t<\/div>\n\t\t<\/section>\n\t\t\t\t<section class=\"elementor-section elementor-inner-section elementor-element elementor-element-48a9461 elementor-section-boxed elementor-section-height-default elementor-section-height-default\" data-id=\"48a9461\" data-element_type=\"section\" data-settings='{\"_ha_eqh_enable\":false}'>\n\t\t\t\t\t\t<div class=\"elementor-container elementor-column-gap-default\">\n\t\t\t\t\t<div class=\"elementor-column elementor-col-33 elementor-inner-column elementor-element elementor-element-948c97e\" data-id=\"948c97e\" data-element_type=\"column\">\n\t\t\t<div class=\"elementor-widget-wrap elementor-element-populated\">\n\t\t\t\t\t\t\t\t<div class=\"elementor-element elementor-element-04e69b7 elementor-widget elementor-widget-image\" data-id=\"04e69b7\" data-element_type=\"widget\" data-widget_type=\"image.default\">\n\t\t\t\t<div class=\"elementor-widget-container\">\n\t\t\t\t\t\t\t\t\t\t\t\t\t\t\t<img decoding=\"async\" width=\"300\" height=\"300\" src=\"https:\/\/lesfilmeursproduction.com\/wp-content\/uploads\/2020\/01\/dji-drone-mavic-2-pro-300x300.jpg\" class=\"attachment-medium size-medium wp-image-798\" alt=\"film entreprise avec drone\" loading=\"lazy\" srcset=\"https:\/\/lesfilmeursproduction.com\/wp-content\/uploads\/2020\/01\/dji-drone-mavic-2-pro-300x300.jpg 300w, https:\/\/lesfilmeursproduction.com\/wp-content\/uploads\/2020\/01\/dji-drone-mavic-2-pro-150x150.jpg 150w, https:\/\/lesfilmeursproduction.com\/wp-content\/uploads\/2020\/01\/dji-drone-mavic-2-pro.jpg 700w\" sizes=\"(max-width: 300px) 100vw, 300px\">\t\t\t\t\t\t\t\t\t\t\t\t\t\t\t<\/div>\n\t\t\t\t<\/div>\n\t\t\t\t\t<\/div>\n\t\t<\/div>\n\t\t\t\t<div class=\"elementor-column elementor-col-66 elementor-inner-column elementor-element elementor-element-0cfc7fa\" data-id=\"0cfc7fa\" data-element_type=\"column\">\n\t\t\t<div class=\"elementor-widget-wrap elementor-element-populated\">\n\t\t\t\t\t\t\t\t<div class=\"elementor-element elementor-element-01e1d95 elementor-widget elementor-widget-text-editor\" data-id=\"01e1d95\" data-element_type=\"widget\" data-widget_type=\"text-editor.default\">\n\t\t\t\t<div class=\"elementor-widget-container\">\n\t\t\t\t\t\t\t<p>We work with several tele-pilots holding their declaration of skill level to take aerial shots. Like any activity, drone remote control imposes rigorous rules. Before any mission, the remote pilot must in particular study and verify the flight plan, request the necessary authorizations from the prefecture and sometimes from the DGAC, comply with all the legal expectations of the customer, and set up a third party security zone when taking pictures.<\/p>\t\t\t\t\t\t<\/div>\n\t\t\t\t<\/div>\n\t\t\t\t\t<\/div>\n\t\t<\/div>\n\t\t\t\t\t\t\t<\/div>\n\t\t<\/section>\n\t\t\t\t<div class=\"elementor-element elementor-element-dbfb873 elementor-widget elementor-widget-text-editor\" data-id=\"dbfb873\" data-element_type=\"widget\" data-widget_type=\"text-editor.default\">\n\t\t\t\t<div class=\"elementor-widget-container\">\n\t\t\t\t\t\t\t\t\t\t\t\t\t<\/div>\n\t\t\t\t<\/div>\n\t\t\t\t\t<\/div>\n\t\t<\/div>\n\t\t\t\t\t\t\t<\/div>\n\t\t<\/section>\n\t\t\t\t<section class=\"elementor-section elementor-top-section elementor-element elementor-element-74278a5 elementor-section-boxed elementor-section-height-default elementor-section-height-default\" data-id=\"74278a5\" data-element_type=\"section\" data-settings='{\"_ha_eqh_enable\":false}'>\n\t\t\t\t\t\t<div class=\"elementor-container elementor-column-gap-default\">\n\t\t\t\t\t<div class=\"elementor-column elementor-col-100 elementor-top-column elementor-element elementor-element-d4f3ea1\" data-id=\"d4f3ea1\" data-element_type=\"column\">\n\t\t\t<div class=\"elementor-widget-wrap elementor-element-populated\">\n\t\t\t\t\t\t\t\t<div class=\"elementor-element elementor-element-ad0df2a elementor-widget elementor-widget-heading\" data-id=\"ad0df2a\" data-element_type=\"widget\" data-widget_type=\"heading.default\">\n\t\t\t\t<div class=\"elementor-widget-container\">\n\t\t\t<h2 class=\"elementor-heading-title elementor-size-default\">D&eacute;couvrez nos types de r&eacute;alisations<\/h2>\t\t<\/div>\n\t\t\t\t<\/div>\n\t\t\t\t\t<\/div>\n\t\t<\/div>\n\t\t\t\t\t\t\t<\/div>\n\t\t<\/section>\n\t\t\t\t<section class=\"elementor-section elementor-top-section elementor-element elementor-element-4f6bb602 elementor-section-boxed elementor-section-height-default elementor-section-height-default\" data-id=\"4f6bb602\" data-element_type=\"section\" data-settings='{\"_ha_eqh_enable\":false}'>\n\t\t\t\t\t\t<div class=\"elementor-container elementor-column-gap-default\">\n\t\t\t\t\t<div class=\"elementor-column elementor-col-100 elementor-top-column elementor-element elementor-element-6386ad5a\" data-id=\"6386ad5a\" data-element_type=\"column\">\n\t\t\t<div class=\"elementor-widget-wrap elementor-element-populated\">\n\t\t\t\t\t\t\t\t<section class=\"elementor-section elementor-inner-section elementor-element elementor-element-1e5fec33 elementor-section-boxed elementor-section-height-default elementor-section-height-default\" data-id=\"1e5fec33\" data-element_type=\"section\" data-settings='{\"_ha_eqh_enable\":false}'>\n\t\t\t\t\t\t<div class=\"elementor-container elementor-column-gap-default\">\n\t\t\t\t\t<div class=\"elementor-column elementor-col-33 elementor-inner-column elementor-element elementor-element-5a765684\" data-id=\"5a765684\" data-element_type=\"column\">\n\t\t\t<div class=\"elementor-widget-wrap elementor-element-populated\">\n\t\t\t\t\t\t\t\t<div class=\"elementor-element elementor-element-2df75e96 elementor-widget elementor-widget-image\" data-id=\"2df75e96\" data-element_type=\"widget\" data-widget_type=\"image.default\">\n\t\t\t\t<div class=\"elementor-widget-container\">\n\t\t\t\t\t\t\t\t\t\t\t\t<figure class=\"wp-caption\">\n\t\t\t\t\t\t\t\t\t\t\t<a href=\"https:\/\/lesfilmeursproduction.com\/en\/drone-les-filmeurs-production\/\">\n\t\t\t\t\t\t\t<img decoding=\"async\" width=\"1024\" height=\"577\" src=\"https:\/\/lesfilmeursproduction.com\/wp-content\/uploads\/2023\/04\/DSCF2102-1024x577.jpg\" class=\"attachment-large size-large wp-image-1189\" alt=\"\" loading=\"lazy\" srcset=\"https:\/\/lesfilmeursproduction.com\/wp-content\/uploads\/2023\/04\/DSCF2102-1024x577.jpg 1024w, https:\/\/lesfilmeursproduction.com\/wp-content\/uploads\/2023\/04\/DSCF2102-300x169.jpg 300w, https:\/\/lesfilmeursproduction.com\/wp-content\/uploads\/2023\/04\/DSCF2102-768x433.jpg 768w, https:\/\/lesfilmeursproduction.com\/wp-content\/uploads\/2023\/04\/DSCF2102-1536x866.jpg 1536w, https:\/\/lesfilmeursproduction.com\/wp-content\/uploads\/2023\/04\/DSCF2102-2048x1155.jpg 2048w, https:\/\/lesfilmeursproduction.com\/wp-content\/uploads\/2023\/04\/DSCF2102-18x10.jpg 18w\" sizes=\"(max-width: 1024px) 100vw, 1024px\">\t\t\t\t\t\t\t\t<\/a>\n\t\t\t\t\t\t\t\t\t\t\t<figcaption class=\"widget-image-caption wp-caption-text\">Drone<\/figcaption>\n\t\t\t\t\t\t\t\t\t\t<\/figure>\n\t\t\t\t\t\t\t\t\t<\/div>\n\t\t\t\t<\/div>\n\t\t\t\t\t<\/div>\n\t\t<\/div>\n\t\t\t\t<div class=\"elementor-column elementor-col-33 elementor-inner-column elementor-element elementor-element-2d71d6dc\" data-id=\"2d71d6dc\" data-element_type=\"column\">\n\t\t\t<div class=\"elementor-widget-wrap elementor-element-populated\">\n\t\t\t\t\t\t\t\t<div class=\"elementor-element elementor-element-1678550f elementor-widget elementor-widget-image\" data-id=\"1678550f\" data-element_type=\"widget\" data-widget_type=\"image.default\">\n\t\t\t\t<div class=\"elementor-widget-container\">\n\t\t\t\t\t\t\t\t\t\t\t\t<figure class=\"wp-caption\">\n\t\t\t\t\t\t\t\t\t\t\t<a href=\"https:\/\/lesfilmeursproduction.com\/en\/motion-design-les-filmeurs-production\/\">\n\t\t\t\t\t\t\t<img decoding=\"async\" width=\"1024\" height=\"576\" src=\"https:\/\/lesfilmeursproduction.com\/wp-content\/uploads\/2023\/05\/04-bis-1024x576.jpg\" class=\"attachment-large size-large wp-image-1598\" alt=\"\" loading=\"lazy\" srcset=\"https:\/\/lesfilmeursproduction.com\/wp-content\/uploads\/2023\/05\/04-bis-1024x576.jpg 1024w, https:\/\/lesfilmeursproduction.com\/wp-content\/uploads\/2023\/05\/04-bis-300x169.jpg 300w, https:\/\/lesfilmeursproduction.com\/wp-content\/uploads\/2023\/05\/04-bis-768x432.jpg 768w, https:\/\/lesfilmeursproduction.com\/wp-content\/uploads\/2023\/05\/04-bis-1536x864.jpg 1536w, https:\/\/lesfilmeursproduction.com\/wp-content\/uploads\/2023\/05\/04-bis-18x10.jpg 18w, https:\/\/lesfilmeursproduction.com\/wp-content\/uploads\/2023\/05\/04-bis.jpg 1920w\" sizes=\"(max-width: 1024px) 100vw, 1024px\">\t\t\t\t\t\t\t\t<\/a>\n\t\t\t\t\t\t\t\t\t\t\t<figcaption class=\"widget-image-caption wp-caption-text\">Motion design<\/figcaption>\n\t\t\t\t\t\t\t\t\t\t<\/figure>\n\t\t\t\t\t\t\t\t\t<\/div>\n\t\t\t\t<\/div>\n\t\t\t\t\t<\/div>\n\t\t<\/div>\n\t\t\t\t<div class=\"elementor-column elementor-col-33 elementor-inner-column elementor-element elementor-element-2679195b\" data-id=\"2679195b\" data-element_type=\"column\">\n\t\t\t<div class=\"elementor-widget-wrap elementor-element-populated\">\n\t\t\t\t\t\t\t\t<div class=\"elementor-element elementor-element-4a49a51c elementor-widget elementor-widget-image\" data-id=\"4a49a51c\" data-element_type=\"widget\" data-widget_type=\"image.default\">\n\t\t\t\t<div class=\"elementor-widget-container\">\n\t\t\t\t\t\t\t\t\t\t\t\t<figure class=\"wp-caption\">\n\t\t\t\t\t\t\t\t\t\t\t<a href=\"https:\/\/lesfilmeursproduction.com\/en\/aftermovie-les-filmeurs-production\/\">\n\t\t\t\t\t\t\t<img decoding=\"async\" width=\"1024\" height=\"576\" src=\"https:\/\/lesfilmeursproduction.com\/wp-content\/uploads\/2023\/05\/Untitled_1.39.1-min-1024x576.png\" class=\"attachment-large size-large wp-image-1610\" alt=\"\" loading=\"lazy\" srcset=\"https:\/\/lesfilmeursproduction.com\/wp-content\/uploads\/2023\/05\/Untitled_1.39.1-min-1024x576.png 1024w, https:\/\/lesfilmeursproduction.com\/wp-content\/uploads\/2023\/05\/Untitled_1.39.1-min-300x169.png 300w, https:\/\/lesfilmeursproduction.com\/wp-content\/uploads\/2023\/05\/Untitled_1.39.1-min-768x432.png 768w, https:\/\/lesfilmeursproduction.com\/wp-content\/uploads\/2023\/05\/Untitled_1.39.1-min-1536x864.png 1536w, https:\/\/lesfilmeursproduction.com\/wp-content\/uploads\/2023\/05\/Untitled_1.39.1-min-2048x1152.png 2048w, https:\/\/lesfilmeursproduction.com\/wp-content\/uploads\/2023\/05\/Untitled_1.39.1-min-18x10.png 18w\" sizes=\"(max-width: 1024px) 100vw, 1024px\">\t\t\t\t\t\t\t\t<\/a>\n\t\t\t\t\t\t\t\t\t\t\t<figcaption class=\"widget-image-caption wp-caption-text\">Aftermovie<\/figcaption>\n\t\t\t\t\t\t\t\t\t\t<\/figure>\n\t\t\t\t\t\t\t\t\t<\/div>\n\t\t\t\t<\/div>\n\t\t\t\t\t<\/div>\n\t\t<\/div>\n\t\t\t\t\t\t\t<\/div>\n\t\t<\/section>\n\t\t\t\t\t<\/div>\n\t\t<\/div>\n\t\t\t\t\t\t\t<\/div>\n\t\t<\/section>\n\t\t\t\t\t\t\t<\/div>","protected":false},"excerpt":{"rendered":"<p>Nos films d&rsquo;entreprise et films institutionnels Tournage avec grue pour un rendu professionnel&nbsp; Communication pour les entreprises reportage professionnel&nbsp; Sp&eacute;cialis&eacute; dans la r&eacute;alisation de films d&rsquo;entreprise et films institutionnels, Marc Gossard met en valeur l&rsquo;image de votre entreprise, de votre service ou encore de votre nouveau produit. Nous b&eacute;n&eacute;ficions de moyens techniques efficaces, professionnels et &hellip;<p class=\"read-more\"> <a class=\"\" href=\"https:\/\/lesfilmeursproduction.com\/en\/films-dentreprise\/\"> <span class=\"screen-reader-text\">Corporate films<\/span> Read More &raquo;<\/a><\/p><\/p>","protected":false},"author":1,"featured_media":0,"parent":0,"menu_order":0,"comment_status":"closed","ping_status":"closed","template":"","meta":{"site-sidebar-layout":"no-sidebar","site-content-layout":"page-builder","ast-global-header-display":"","ast-main-header-display":"","ast-hfb-above-header-display":"","ast-hfb-below-header-display":"","ast-hfb-mobile-header-display":"","site-post-title":"disabled","ast-breadcrumbs-content":"","ast-featured-img":"disabled","footer-sml-layout":"","theme-transparent-header-meta":"default","adv-header-id-meta":"","stick-header-meta":"","header-above-stick-meta":"","header-main-stick-meta":"","header-below-stick-meta":""},"yoast_head":"<!-- This site is optimized with the Yoast SEO plugin v21.3 - https:\/\/yoast.com\/wordpress\/plugins\/seo\/ -->\n<title>Films d&#039;entreprise - Les Filmeurs production<\/title>\n<meta name=\"robots\" content=\"noindex, follow\" \/>\n<meta property=\"og:locale\" content=\"en_GB\" \/>\n<meta property=\"og:type\" content=\"article\" \/>\n<meta property=\"og:title\" content=\"Films d&#039;entreprise - Les Filmeurs production\" \/>\n<meta property=\"og:description\" content=\"Nos films d&#8217;entreprise et films institutionnels Tournage avec grue pour un rendu professionnel\u00a0 Communication pour les entreprises reportage professionnel\u00a0 Sp\u00e9cialis\u00e9 dans la r\u00e9alisation de films d&#8217;entreprise et films institutionnels, Marc Gossard met en valeur l&#8217;image de votre entreprise, de votre service ou encore de votre nouveau produit. Nous b\u00e9n\u00e9ficions de moyens techniques efficaces, professionnels et &hellip; Films d&#8217;entreprise Read More &raquo;\" \/>\n<meta property=\"og:url\" content=\"https:\/\/lesfilmeursproduction.com\/en\/films-dentreprise\/\" \/>\n<meta property=\"og:site_name\" content=\"Les Filmeurs production\" \/>\n<meta property=\"article:modified_time\" content=\"2025-07-19T13:36:06+00:00\" \/>\n<meta property=\"og:image\" content=\"http:\/\/lesfilmeursproduction.com\/wp-content\/uploads\/2020\/01\/dji-drone-mavic-2-pro-300x300.jpg\" \/>\n<meta name=\"twitter:card\" content=\"summary_large_image\" \/>\n<meta name=\"twitter:label1\" content=\"Estimated reading time\" \/>\n\t<meta name=\"twitter:data1\" content=\"2 minutes\" \/>\n<script type=\"application\/ld+json\" class=\"yoast-schema-graph\">{\"@context\":\"https:\/\/schema.org\",\"@graph\":[{\"@type\":\"WebPage\",\"@id\":\"https:\/\/lesfilmeursproduction.com\/films-dentreprise\/\",\"url\":\"https:\/\/lesfilmeursproduction.com\/films-dentreprise\/\",\"name\":\"Films d'entreprise - Les Filmeurs production\",\"isPartOf\":{\"@id\":\"https:\/\/lesfilmeursproduction.com\/#website\"},\"datePublished\":\"2019-09-30T14:32:42+00:00\",\"dateModified\":\"2025-07-19T13:36:06+00:00\",\"breadcrumb\":{\"@id\":\"https:\/\/lesfilmeursproduction.com\/films-dentreprise\/#breadcrumb\"},\"inLanguage\":\"en-GB\",\"potentialAction\":[{\"@type\":\"ReadAction\",\"target\":[\"https:\/\/lesfilmeursproduction.com\/films-dentreprise\/\"]}]},{\"@type\":\"BreadcrumbList\",\"@id\":\"https:\/\/lesfilmeursproduction.com\/films-dentreprise\/#breadcrumb\",\"itemListElement\":[{\"@type\":\"ListItem\",\"position\":1,\"name\":\"Accueil\",\"item\":\"https:\/\/lesfilmeursproduction.com\/\"},{\"@type\":\"ListItem\",\"position\":2,\"name\":\"Films d&#8217;entreprise\"}]},{\"@type\":\"WebSite\",\"@id\":\"https:\/\/lesfilmeursproduction.com\/#website\",\"url\":\"https:\/\/lesfilmeursproduction.com\/\",\"name\":\"Les Filmeurs production\",\"description\":\"films d&#039;entreprise et documentaires\",\"potentialAction\":[{\"@type\":\"SearchAction\",\"target\":{\"@type\":\"EntryPoint\",\"urlTemplate\":\"https:\/\/lesfilmeursproduction.com\/?s={search_term_string}\"},\"query-input\":\"required name=search_term_string\"}],\"inLanguage\":\"en-GB\"}]}<\/script>\n<!-- \/ Yoast SEO plugin. -->","yoast_head_json":{"title":"Films d'entreprise - Les Filmeurs production","robots":{"index":"noindex","follow":"follow"},"og_locale":"en_GB","og_type":"article","og_title":"Films d'entreprise - Les Filmeurs production","og_description":"Nos films d&#8217;entreprise et films institutionnels Tournage avec grue pour un rendu professionnel\u00a0 Communication pour les entreprises reportage professionnel\u00a0 Sp\u00e9cialis\u00e9 dans la r\u00e9alisation de films d&#8217;entreprise et films institutionnels, Marc Gossard met en valeur l&#8217;image de votre entreprise, de votre service ou encore de votre nouveau produit. Nous b\u00e9n\u00e9ficions de moyens techniques efficaces, professionnels et &hellip; Films d&#8217;entreprise Read More &raquo;","og_url":"https:\/\/lesfilmeursproduction.com\/en\/films-dentreprise\/","og_site_name":"Les Filmeurs production","article_modified_time":"2025-07-19T13:36:06+00:00","og_image":[{"url":"http:\/\/lesfilmeursproduction.com\/wp-content\/uploads\/2020\/01\/dji-drone-mavic-2-pro-300x300.jpg"}],"twitter_card":"summary_large_image","twitter_misc":{"Estimated reading time":"2 minutes"},"schema":{"@context":"https:\/\/schema.org","@graph":[{"@type":"WebPage","@id":"https:\/\/lesfilmeursproduction.com\/films-dentreprise\/","url":"https:\/\/lesfilmeursproduction.com\/films-dentreprise\/","name":"Films d'entreprise - Les Filmeurs production","isPartOf":{"@id":"https:\/\/lesfilmeursproduction.com\/#website"},"datePublished":"2019-09-30T14:32:42+00:00","dateModified":"2025-07-19T13:36:06+00:00","breadcrumb":{"@id":"https:\/\/lesfilmeursproduction.com\/films-dentreprise\/#breadcrumb"},"inLanguage":"en-GB","potentialAction":[{"@type":"ReadAction","target":["https:\/\/lesfilmeursproduction.com\/films-dentreprise\/"]}]},{"@type":"BreadcrumbList","@id":"https:\/\/lesfilmeursproduction.com\/films-dentreprise\/#breadcrumb","itemListElement":[{"@type":"ListItem","position":1,"name":"Accueil","item":"https:\/\/lesfilmeursproduction.com\/"},{"@type":"ListItem","position":2,"name":"Films d&#8217;entreprise"}]},{"@type":"WebSite","@id":"https:\/\/lesfilmeursproduction.com\/#website","url":"https:\/\/lesfilmeursproduction.com\/","name":"Les Filmeurs production","description":"films d&#039;entreprise et documentaires","potentialAction":[{"@type":"SearchAction","target":{"@type":"EntryPoint","urlTemplate":"https:\/\/lesfilmeursproduction.com\/?s={search_term_string}"},"query-input":"required name=search_term_string"}],"inLanguage":"en-GB"}]}},"_links":{"self":[{"href":"https:\/\/lesfilmeursproduction.com\/en\/wp-json\/wp\/v2\/pages\/19"}],"collection":[{"href":"https:\/\/lesfilmeursproduction.com\/en\/wp-json\/wp\/v2\/pages"}],"about":[{"href":"https:\/\/lesfilmeursproduction.com\/en\/wp-json\/wp\/v2\/types\/page"}],"author":[{"embeddable":true,"href":"https:\/\/lesfilmeursproduction.com\/en\/wp-json\/wp\/v2\/users\/1"}],"replies":[{"embeddable":true,"href":"https:\/\/lesfilmeursproduction.com\/en\/wp-json\/wp\/v2\/comments?post=19"}],"version-history":[{"count":251,"href":"https:\/\/lesfilmeursproduction.com\/en\/wp-json\/wp\/v2\/pages\/19\/revisions"}],"predecessor-version":[{"id":2069,"href":"https:\/\/lesfilmeursproduction.com\/en\/wp-json\/wp\/v2\/pages\/19\/revisions\/2069"}],"wp:attachment":[{"href":"https:\/\/lesfilmeursproduction.com\/en\/wp-json\/wp\/v2\/media?parent=19"}],"curies":[{"name":"wp","href":"https:\/\/api.w.org\/{rel}","templated":true}]}}