{"id":408,"date":"2019-11-05T16:06:41","date_gmt":"2019-11-05T16:06:41","guid":{"rendered":"http:\/\/lesfilmeursproduction.com\/?page_id=408"},"modified":"2026-04-13T10:31:01","modified_gmt":"2026-04-13T10:31:01","slug":"quartier-du-monde-ho-chi-minh-ville","status":"publish","type":"page","link":"https:\/\/lesfilmeursproduction.com\/en\/quartier-du-monde-ho-chi-minh-ville\/","title":{"rendered":"&#8220;Quartier du Monde&#8221;"},"content":{"rendered":"<div data-elementor-type=\"wp-page\" data-elementor-id=\"408\" class=\"elementor elementor-408\" data-elementor-settings=\"{&quot;ha_cmc_init_switcher&quot;:&quot;no&quot;}\">\n\t\t\t\t\t\t<section class=\"elementor-section elementor-top-section elementor-element elementor-element-67dff2a elementor-section-boxed elementor-section-height-default elementor-section-height-default\" data-id=\"67dff2a\" data-element_type=\"section\" data-e-type=\"section\" data-settings=\"{&quot;_ha_eqh_enable&quot;:false}\">\n\t\t\t\t\t\t<div class=\"elementor-container elementor-column-gap-default\">\n\t\t\t\t\t<div class=\"elementor-column elementor-col-100 elementor-top-column elementor-element elementor-element-5839602\" data-id=\"5839602\" data-element_type=\"column\" data-e-type=\"column\">\n\t\t\t<div class=\"elementor-widget-wrap elementor-element-populated\">\n\t\t\t\t\t\t<div class=\"elementor-element elementor-element-ecaeb7a elementor-widget elementor-widget-heading\" data-id=\"ecaeb7a\" data-element_type=\"widget\" data-e-type=\"widget\" data-widget_type=\"heading.default\">\n\t\t\t\t<div class=\"elementor-widget-container\">\n\t\t\t\t\t<h1 class=\"elementor-heading-title elementor-size-default\">\"Quartier du monde\" : Ho Chi Minh Ville<\/h1>\t\t\t\t<\/div>\n\t\t\t\t<\/div>\n\t\t\t\t\t<\/div>\n\t\t<\/div>\n\t\t\t\t\t<\/div>\n\t\t<\/section>\n\t\t\t\t<section class=\"elementor-section elementor-top-section elementor-element elementor-element-f7d538f elementor-section-boxed elementor-section-height-default elementor-section-height-default\" data-id=\"f7d538f\" data-element_type=\"section\" data-e-type=\"section\" data-settings=\"{&quot;_ha_eqh_enable&quot;:false}\">\n\t\t\t\t\t\t<div class=\"elementor-container elementor-column-gap-default\">\n\t\t\t\t\t<div class=\"elementor-column elementor-col-100 elementor-top-column elementor-element elementor-element-ac5afe7\" data-id=\"ac5afe7\" data-element_type=\"column\" data-e-type=\"column\">\n\t\t\t<div class=\"elementor-widget-wrap elementor-element-populated\">\n\t\t\t\t\t\t<div class=\"elementor-element elementor-element-8bef2ba elementor-widget elementor-widget-text-editor\" data-id=\"8bef2ba\" data-element_type=\"widget\" data-e-type=\"widget\" data-widget_type=\"text-editor.default\">\n\t\t\t\t<div class=\"elementor-widget-container\">\n\t\t\t\t\t\t\t\t\t<p>Directed by Marc Gossard, \"A Corner of the World\" is a 57-minute poetic documentary providing a \"first look\" through the eyes of French nationals at the chaotic neighborhood of Ho Chi Minh City, while exploring historical, economic and political gateways between Vietnamese and French culture.<\/p>\t\t\t\t\t\t\t\t<\/div>\n\t\t\t\t<\/div>\n\t\t\t\t\t<\/div>\n\t\t<\/div>\n\t\t\t\t\t<\/div>\n\t\t<\/section>\n\t\t\t\t<section class=\"elementor-section elementor-top-section elementor-element elementor-element-a24c811 elementor-section-boxed elementor-section-height-default elementor-section-height-default\" data-id=\"a24c811\" data-element_type=\"section\" data-e-type=\"section\" data-settings=\"{&quot;_ha_eqh_enable&quot;:false}\">\n\t\t\t\t\t\t<div class=\"elementor-container elementor-column-gap-default\">\n\t\t\t\t\t<div class=\"elementor-column elementor-col-100 elementor-top-column elementor-element elementor-element-88af837\" data-id=\"88af837\" data-element_type=\"column\" data-e-type=\"column\">\n\t\t\t<div class=\"elementor-widget-wrap elementor-element-populated\">\n\t\t\t\t\t\t<section class=\"elementor-section elementor-inner-section elementor-element elementor-element-028fe65 elementor-section-boxed elementor-section-height-default elementor-section-height-default\" data-id=\"028fe65\" data-element_type=\"section\" data-e-type=\"section\" data-settings=\"{&quot;_ha_eqh_enable&quot;:false}\">\n\t\t\t\t\t\t<div class=\"elementor-container elementor-column-gap-default\">\n\t\t\t\t\t<div class=\"elementor-column elementor-col-50 elementor-inner-column elementor-element elementor-element-34478ef\" data-id=\"34478ef\" data-element_type=\"column\" data-e-type=\"column\">\n\t\t\t<div class=\"elementor-widget-wrap elementor-element-populated\">\n\t\t\t\t\t\t<div class=\"elementor-element elementor-element-0b0be26 elementor-widget elementor-widget-heading\" data-id=\"0b0be26\" data-element_type=\"widget\" data-e-type=\"widget\" data-widget_type=\"heading.default\">\n\t\t\t\t<div class=\"elementor-widget-container\">\n\t\t\t\t\t<h2 class=\"elementor-heading-title elementor-size-default\"><h2 data-elementor-setting-key=\"title\" data-pen-placeholder=\"\u00c9crivez ici...\" style=\"font-style: normal;font-weight: 600;font-family: Roboto, sans-serif\">Commande du DVD ou Blu-Ray<br>\"Quartier du monde\"<span style=\"font-size: 2rem;font-weight: 600\"><\/span><\/h2><\/h2>\t\t\t\t<\/div>\n\t\t\t\t<\/div>\n\t\t\t\t<div class=\"elementor-element elementor-element-aa78f08 elementor-widget elementor-widget-text-editor\" data-id=\"aa78f08\" data-element_type=\"widget\" data-e-type=\"widget\" data-widget_type=\"text-editor.default\">\n\t\t\t\t<div class=\"elementor-widget-container\">\n\t\t\t\t\t\t\t\t\t<p>Votre commande vous sera exp\u00e9di\u00e9e d\u00e8s r\u00e9ception de votre r\u00e8glement par ch\u00e8que libell\u00e9 \u00e0 l\u2019ordre de \u00ab Marc Gossard, Vid\u00e9aste \u00bb \u00e0 l\u2019adresse suivante:<\/p><p>15 Bis rue Humi\u00e8res 60200 COMPIEGNE<\/p>\t\t\t\t\t\t\t\t<\/div>\n\t\t\t\t<\/div>\n\t\t\t\t<div class=\"elementor-element elementor-element-59ac813 elementor-widget elementor-widget-text-editor\" data-id=\"59ac813\" data-element_type=\"widget\" data-e-type=\"widget\" data-widget_type=\"text-editor.default\">\n\t\t\t\t<div class=\"elementor-widget-container\">\n\t\t\t\t\t\t\t\t\t<p>Pour passer commande, contactez nous par mail ou par appel t\u00e9l\u00e9phonique. Nos \u00e9quipes vous garantissent une r\u00e9ponse dans les plus brefs d\u00e9lais.<\/p>\t\t\t\t\t\t\t\t<\/div>\n\t\t\t\t<\/div>\n\t\t\t\t<div class=\"elementor-element elementor-element-b49011c elementor-button-info elementor-align-center elementor-widget elementor-widget-button\" data-id=\"b49011c\" data-element_type=\"widget\" data-e-type=\"widget\" data-widget_type=\"button.default\">\n\t\t\t\t<div class=\"elementor-widget-container\">\n\t\t\t\t\t\t\t\t\t<div class=\"elementor-button-wrapper\">\n\t\t\t\t\t<a class=\"elementor-button elementor-button-link elementor-size-lg\" href=\"https:\/\/lesfilmeursproduction.com\/en\/contact\/\">\n\t\t\t\t\t\t<span class=\"elementor-button-content-wrapper\">\n\t\t\t\t\t\t\t\t\t<span class=\"elementor-button-text\">Commander DVD ou Blu-Ray<\/span>\n\t\t\t\t\t<\/span>\n\t\t\t\t\t<\/a>\n\t\t\t\t<\/div>\n\t\t\t\t\t\t\t\t<\/div>\n\t\t\t\t<\/div>\n\t\t\t\t\t<\/div>\n\t\t<\/div>\n\t\t\t\t<div class=\"elementor-column elementor-col-50 elementor-inner-column elementor-element elementor-element-2aec5ca\" data-id=\"2aec5ca\" data-element_type=\"column\" data-e-type=\"column\">\n\t\t\t<div class=\"elementor-widget-wrap elementor-element-populated\">\n\t\t\t\t\t\t<div class=\"elementor-element elementor-element-5b3f2f7 elementor-widget elementor-widget-spacer\" data-id=\"5b3f2f7\" data-element_type=\"widget\" data-e-type=\"widget\" data-widget_type=\"spacer.default\">\n\t\t\t\t<div class=\"elementor-widget-container\">\n\t\t\t\t\t\t\t<div class=\"elementor-spacer\">\n\t\t\t<div class=\"elementor-spacer-inner\"><\/div>\n\t\t<\/div>\n\t\t\t\t\t\t<\/div>\n\t\t\t\t<\/div>\n\t\t\t\t<div class=\"elementor-element elementor-element-9494edb elementor-widget elementor-widget-video\" data-id=\"9494edb\" data-element_type=\"widget\" data-e-type=\"widget\" data-settings=\"{&quot;video_type&quot;:&quot;vimeo&quot;}\" data-widget_type=\"video.default\">\n\t\t\t\t<div class=\"elementor-widget-container\">\n\t\t\t\t\t\t\t<div class=\"elementor-wrapper elementor-open-inline\">\n\t\t\t<iframe class=\"elementor-video-iframe\" allowfullscreen allow=\"clipboard-write\" title=\"Lecteur vid\u00e9o vimeo\" src=\"https:\/\/player.vimeo.com\/video\/110958354?color&amp;autopause=0&amp;loop=0&amp;muted=0&amp;title=0&amp;portrait=0&amp;byline=0#t=\"><\/iframe>\t\t<\/div>\n\t\t\t\t\t\t<\/div>\n\t\t\t\t<\/div>\n\t\t\t\t\t<\/div>\n\t\t<\/div>\n\t\t\t\t\t<\/div>\n\t\t<\/section>\n\t\t\t\t<div class=\"elementor-element elementor-element-cfa1b1c elementor-widget elementor-widget-spacer\" data-id=\"cfa1b1c\" data-element_type=\"widget\" data-e-type=\"widget\" data-widget_type=\"spacer.default\">\n\t\t\t\t<div class=\"elementor-widget-container\">\n\t\t\t\t\t\t\t<div class=\"elementor-spacer\">\n\t\t\t<div class=\"elementor-spacer-inner\"><\/div>\n\t\t<\/div>\n\t\t\t\t\t\t<\/div>\n\t\t\t\t<\/div>\n\t\t\t\t<div class=\"elementor-element elementor-element-49430d9 elementor-widget elementor-widget-text-editor\" data-id=\"49430d9\" data-element_type=\"widget\" data-e-type=\"widget\" data-widget_type=\"text-editor.default\">\n\t\t\t\t<div class=\"elementor-widget-container\">\n\t\t\t\t\t\t\t\t\t<p>Ho Chi Minh City Tourist District: Four busy main streets, particularly popular with tourists, form a square with a\nlabyrinth of alleyways. In these alleyways Vietnamese locals live in a traditional way but rely and survive on the burgeoning tourist industry. Vietnamese culture has coexisted with different foreign cultures for ten years now. Full of tumultuous street life, noisy and unremitting, this neighborhood only sleeps for about two hours a day.<br \/>Through the eyes of three French nationals living in Vietnam, together with the testimonies of the Saigonese who live and work in their ever changing city with all its vivacity and uniqueness, we are given the encounters from the point of view of Philippe, Patrice and Ren\u00e9, their experiences offering an immersive journey discovering the soul of this neighborhood.<\/p>\t\t\t\t\t\t\t\t<\/div>\n\t\t\t\t<\/div>\n\t\t\t\t\t<\/div>\n\t\t<\/div>\n\t\t\t\t\t<\/div>\n\t\t<\/section>\n\t\t\t\t<\/div>","protected":false},"excerpt":{"rendered":"<p>&#8220;Quartier du monde&#8221; : Ho Chi Minh Ville Le projet documentaire \u00abQuartier du monde\u00bb, film de 57 minutes, r\u00e9alis\u00e9 par Marc Gossard, est un film \u00abd\u00e9couverte\u00bb qui non seulement d\u00e9peint avec po\u00e9sie le chaotique quartier routard d\u2019H\u00f4 Chi Minh Ville mais tisse aussi des passerelles historiques, \u00e9conomiques et politiques entre la culture vietnamienne et la &hellip;<\/p>\n<p class=\"read-more\"> <a class=\"\" href=\"https:\/\/lesfilmeursproduction.com\/en\/quartier-du-monde-ho-chi-minh-ville\/\"> <span class=\"screen-reader-text\">&#8220;Quartier du Monde&#8221;<\/span> Read More &raquo;<\/a><\/p>","protected":false},"author":1,"featured_media":0,"parent":0,"menu_order":0,"comment_status":"closed","ping_status":"closed","template":"","meta":{"site-sidebar-layout":"no-sidebar","site-content-layout":"page-builder","ast-global-header-display":"","ast-main-header-display":"","ast-hfb-above-header-display":"","ast-hfb-below-header-display":"","ast-hfb-mobile-header-display":"","site-post-title":"disabled","ast-breadcrumbs-content":"","ast-featured-img":"disabled","footer-sml-layout":"","theme-transparent-header-meta":"default","adv-header-id-meta":"","stick-header-meta":"","header-above-stick-meta":"","header-main-stick-meta":"","header-below-stick-meta":"","footnotes":""},"class_list":["post-408","page","type-page","status-publish","hentry"],"yoast_head":"<!-- This site is optimized with the Yoast SEO plugin v27.4 - https:\/\/yoast.com\/product\/yoast-seo-wordpress\/ -->\n<title>&quot;Quartier du Monde&quot; - Les Filmeurs production<\/title>\n<meta name=\"robots\" content=\"index, follow, max-snippet:-1, max-image-preview:large, max-video-preview:-1\" \/>\n<link rel=\"canonical\" href=\"https:\/\/lesfilmeursproduction.com\/en\/quartier-du-monde-ho-chi-minh-ville\/\" \/>\n<meta property=\"og:locale\" content=\"en_GB\" \/>\n<meta property=\"og:type\" content=\"article\" \/>\n<meta property=\"og:title\" content=\"&quot;Quartier du Monde&quot; - Les Filmeurs production\" \/>\n<meta property=\"og:description\" content=\"&#8220;Quartier du monde&#8221; : Ho Chi Minh Ville Le projet documentaire \u00abQuartier du monde\u00bb, film de 57 minutes, r\u00e9alis\u00e9 par Marc Gossard, est un film \u00abd\u00e9couverte\u00bb qui non seulement d\u00e9peint avec po\u00e9sie le chaotique quartier routard d\u2019H\u00f4 Chi Minh Ville mais tisse aussi des passerelles historiques, \u00e9conomiques et politiques entre la culture vietnamienne et la &hellip; &#8220;Quartier du Monde&#8221; Read More &raquo;\" \/>\n<meta property=\"og:url\" content=\"https:\/\/lesfilmeursproduction.com\/en\/quartier-du-monde-ho-chi-minh-ville\/\" \/>\n<meta property=\"og:site_name\" content=\"Les Filmeurs production\" \/>\n<meta property=\"article:modified_time\" content=\"2026-04-13T10:31:01+00:00\" \/>\n<meta name=\"twitter:card\" content=\"summary_large_image\" \/>\n<meta name=\"twitter:label1\" content=\"Estimated reading time\" \/>\n\t<meta name=\"twitter:data1\" content=\"2 minutes\" \/>\n<script type=\"application\/ld+json\" class=\"yoast-schema-graph\">{\"@context\":\"https:\\\/\\\/schema.org\",\"@graph\":[{\"@type\":\"WebPage\",\"@id\":\"https:\\\/\\\/lesfilmeursproduction.com\\\/quartier-du-monde-ho-chi-minh-ville\\\/\",\"url\":\"https:\\\/\\\/lesfilmeursproduction.com\\\/quartier-du-monde-ho-chi-minh-ville\\\/\",\"name\":\"\\\"Quartier du Monde\\\" - Les Filmeurs production\",\"isPartOf\":{\"@id\":\"https:\\\/\\\/lesfilmeursproduction.com\\\/#website\"},\"datePublished\":\"2019-11-05T16:06:41+00:00\",\"dateModified\":\"2026-04-13T10:31:01+00:00\",\"breadcrumb\":{\"@id\":\"https:\\\/\\\/lesfilmeursproduction.com\\\/quartier-du-monde-ho-chi-minh-ville\\\/#breadcrumb\"},\"inLanguage\":\"en-GB\",\"potentialAction\":[{\"@type\":\"ReadAction\",\"target\":[\"https:\\\/\\\/lesfilmeursproduction.com\\\/quartier-du-monde-ho-chi-minh-ville\\\/\"]}]},{\"@type\":\"BreadcrumbList\",\"@id\":\"https:\\\/\\\/lesfilmeursproduction.com\\\/quartier-du-monde-ho-chi-minh-ville\\\/#breadcrumb\",\"itemListElement\":[{\"@type\":\"ListItem\",\"position\":1,\"name\":\"Accueil\",\"item\":\"https:\\\/\\\/lesfilmeursproduction.com\\\/\"},{\"@type\":\"ListItem\",\"position\":2,\"name\":\"&#8220;Quartier du Monde&#8221;\"}]},{\"@type\":\"WebSite\",\"@id\":\"https:\\\/\\\/lesfilmeursproduction.com\\\/#website\",\"url\":\"https:\\\/\\\/lesfilmeursproduction.com\\\/\",\"name\":\"Les Filmeurs production\",\"description\":\"films d&#039;entreprise et documentaires\",\"potentialAction\":[{\"@type\":\"SearchAction\",\"target\":{\"@type\":\"EntryPoint\",\"urlTemplate\":\"https:\\\/\\\/lesfilmeursproduction.com\\\/?s={search_term_string}\"},\"query-input\":{\"@type\":\"PropertyValueSpecification\",\"valueRequired\":true,\"valueName\":\"search_term_string\"}}],\"inLanguage\":\"en-GB\"}]}<\/script>\n<!-- \/ Yoast SEO plugin. -->","yoast_head_json":{"title":"\"Quartier du Monde\" - Les Filmeurs production","robots":{"index":"index","follow":"follow","max-snippet":"max-snippet:-1","max-image-preview":"max-image-preview:large","max-video-preview":"max-video-preview:-1"},"canonical":"https:\/\/lesfilmeursproduction.com\/en\/quartier-du-monde-ho-chi-minh-ville\/","og_locale":"en_GB","og_type":"article","og_title":"\"Quartier du Monde\" - Les Filmeurs production","og_description":"&#8220;Quartier du monde&#8221; : Ho Chi Minh Ville Le projet documentaire \u00abQuartier du monde\u00bb, film de 57 minutes, r\u00e9alis\u00e9 par Marc Gossard, est un film \u00abd\u00e9couverte\u00bb qui non seulement d\u00e9peint avec po\u00e9sie le chaotique quartier routard d\u2019H\u00f4 Chi Minh Ville mais tisse aussi des passerelles historiques, \u00e9conomiques et politiques entre la culture vietnamienne et la &hellip; &#8220;Quartier du Monde&#8221; Read More &raquo;","og_url":"https:\/\/lesfilmeursproduction.com\/en\/quartier-du-monde-ho-chi-minh-ville\/","og_site_name":"Les Filmeurs production","article_modified_time":"2026-04-13T10:31:01+00:00","twitter_card":"summary_large_image","twitter_misc":{"Estimated reading time":"2 minutes"},"schema":{"@context":"https:\/\/schema.org","@graph":[{"@type":"WebPage","@id":"https:\/\/lesfilmeursproduction.com\/quartier-du-monde-ho-chi-minh-ville\/","url":"https:\/\/lesfilmeursproduction.com\/quartier-du-monde-ho-chi-minh-ville\/","name":"\"Quartier du Monde\" - Les Filmeurs production","isPartOf":{"@id":"https:\/\/lesfilmeursproduction.com\/#website"},"datePublished":"2019-11-05T16:06:41+00:00","dateModified":"2026-04-13T10:31:01+00:00","breadcrumb":{"@id":"https:\/\/lesfilmeursproduction.com\/quartier-du-monde-ho-chi-minh-ville\/#breadcrumb"},"inLanguage":"en-GB","potentialAction":[{"@type":"ReadAction","target":["https:\/\/lesfilmeursproduction.com\/quartier-du-monde-ho-chi-minh-ville\/"]}]},{"@type":"BreadcrumbList","@id":"https:\/\/lesfilmeursproduction.com\/quartier-du-monde-ho-chi-minh-ville\/#breadcrumb","itemListElement":[{"@type":"ListItem","position":1,"name":"Accueil","item":"https:\/\/lesfilmeursproduction.com\/"},{"@type":"ListItem","position":2,"name":"&#8220;Quartier du Monde&#8221;"}]},{"@type":"WebSite","@id":"https:\/\/lesfilmeursproduction.com\/#website","url":"https:\/\/lesfilmeursproduction.com\/","name":"Les Filmeurs production","description":"films d&#039;entreprise et documentaires","potentialAction":[{"@type":"SearchAction","target":{"@type":"EntryPoint","urlTemplate":"https:\/\/lesfilmeursproduction.com\/?s={search_term_string}"},"query-input":{"@type":"PropertyValueSpecification","valueRequired":true,"valueName":"search_term_string"}}],"inLanguage":"en-GB"}]}},"_links":{"self":[{"href":"https:\/\/lesfilmeursproduction.com\/en\/wp-json\/wp\/v2\/pages\/408","targetHints":{"allow":["GET"]}}],"collection":[{"href":"https:\/\/lesfilmeursproduction.com\/en\/wp-json\/wp\/v2\/pages"}],"about":[{"href":"https:\/\/lesfilmeursproduction.com\/en\/wp-json\/wp\/v2\/types\/page"}],"author":[{"embeddable":true,"href":"https:\/\/lesfilmeursproduction.com\/en\/wp-json\/wp\/v2\/users\/1"}],"replies":[{"embeddable":true,"href":"https:\/\/lesfilmeursproduction.com\/en\/wp-json\/wp\/v2\/comments?post=408"}],"version-history":[{"count":15,"href":"https:\/\/lesfilmeursproduction.com\/en\/wp-json\/wp\/v2\/pages\/408\/revisions"}],"predecessor-version":[{"id":2481,"href":"https:\/\/lesfilmeursproduction.com\/en\/wp-json\/wp\/v2\/pages\/408\/revisions\/2481"}],"wp:attachment":[{"href":"https:\/\/lesfilmeursproduction.com\/en\/wp-json\/wp\/v2\/media?parent=408"}],"curies":[{"name":"wp","href":"https:\/\/api.w.org\/{rel}","templated":true}]}}