{"id":415,"date":"2019-11-05T16:12:50","date_gmt":"2019-11-05T16:12:50","guid":{"rendered":"http:\/\/lesfilmeursproduction.com\/?page_id=415"},"modified":"2026-04-13T10:34:17","modified_gmt":"2026-04-13T10:34:17","slug":"les-contis-gonfles-a-bloc","status":"publish","type":"page","link":"https:\/\/lesfilmeursproduction.com\/en\/les-contis-gonfles-a-bloc\/","title":{"rendered":"Militants of the Continental Tyre factory"},"content":{"rendered":"<div data-elementor-type=\"wp-page\" data-elementor-id=\"415\" class=\"elementor elementor-415\" data-elementor-settings=\"{&quot;ha_cmc_init_switcher&quot;:&quot;no&quot;}\">\n\t\t\t\t\t\t<section class=\"elementor-section elementor-top-section elementor-element elementor-element-996f670 elementor-section-boxed elementor-section-height-default elementor-section-height-default\" data-id=\"996f670\" data-element_type=\"section\" data-e-type=\"section\" data-settings=\"{&quot;_ha_eqh_enable&quot;:false}\">\n\t\t\t\t\t\t<div class=\"elementor-container elementor-column-gap-default\">\n\t\t\t\t\t<div class=\"elementor-column elementor-col-100 elementor-top-column elementor-element elementor-element-3c1ae5a\" data-id=\"3c1ae5a\" data-element_type=\"column\" data-e-type=\"column\">\n\t\t\t<div class=\"elementor-widget-wrap elementor-element-populated\">\n\t\t\t\t\t\t<div class=\"elementor-element elementor-element-a30d060 elementor-widget elementor-widget-heading\" data-id=\"a30d060\" data-element_type=\"widget\" data-e-type=\"widget\" data-widget_type=\"heading.default\">\n\t\t\t\t<div class=\"elementor-widget-container\">\n\t\t\t\t\t<h1 class=\"elementor-heading-title elementor-size-default\">Militants of the Continental Tyre factory<\/h1>\t\t\t\t<\/div>\n\t\t\t\t<\/div>\n\t\t\t\t\t<\/div>\n\t\t<\/div>\n\t\t\t\t\t<\/div>\n\t\t<\/section>\n\t\t\t\t<section class=\"elementor-section elementor-top-section elementor-element elementor-element-7deab99 elementor-section-boxed elementor-section-height-default elementor-section-height-default\" data-id=\"7deab99\" data-element_type=\"section\" data-e-type=\"section\" data-settings=\"{&quot;_ha_eqh_enable&quot;:false}\">\n\t\t\t\t\t\t<div class=\"elementor-container elementor-column-gap-default\">\n\t\t\t\t\t<div class=\"elementor-column elementor-col-100 elementor-top-column elementor-element elementor-element-f7f4c4a\" data-id=\"f7f4c4a\" data-element_type=\"column\" data-e-type=\"column\">\n\t\t\t<div class=\"elementor-widget-wrap elementor-element-populated\">\n\t\t\t\t\t\t<div class=\"elementor-element elementor-element-72c59bf elementor-widget elementor-widget-text-editor\" data-id=\"72c59bf\" data-element_type=\"widget\" data-e-type=\"widget\" data-widget_type=\"text-editor.default\">\n\t\t\t\t<div class=\"elementor-widget-container\">\n\t\t\t\t\t\t\t\t\t<p>March 11 2009,... The 1,120 employees of the Continental factory in Clairoix, Oise, France, learn from the\nmedia about the imminent closure of their tyre factory in 2010, whereas in 2007 an agreement was signed to go\nback to the 39 hour work week, this, they believed, assuring the future of the site until 2012.\nShocked, the employees, (soon labelled the \"Conti\") call a general meeting, set up a resistance committee to\norganize and coordinate their battle stations.<br \/>Their goal? To make their claims heard by the German leadership of the group and the French State!<\/p>\t\t\t\t\t\t\t\t<\/div>\n\t\t\t\t<\/div>\n\t\t\t\t\t<\/div>\n\t\t<\/div>\n\t\t\t\t\t<\/div>\n\t\t<\/section>\n\t\t\t\t<section class=\"elementor-section elementor-top-section elementor-element elementor-element-597d7ce elementor-section-boxed elementor-section-height-default elementor-section-height-default\" data-id=\"597d7ce\" data-element_type=\"section\" data-e-type=\"section\" data-settings=\"{&quot;_ha_eqh_enable&quot;:false}\">\n\t\t\t\t\t\t<div class=\"elementor-container elementor-column-gap-default\">\n\t\t\t\t\t<div class=\"elementor-column elementor-col-100 elementor-top-column elementor-element elementor-element-0f2ca0e\" data-id=\"0f2ca0e\" data-element_type=\"column\" data-e-type=\"column\">\n\t\t\t<div class=\"elementor-widget-wrap elementor-element-populated\">\n\t\t\t\t\t\t<section class=\"elementor-section elementor-inner-section elementor-element elementor-element-109f448 elementor-section-boxed elementor-section-height-default elementor-section-height-default\" data-id=\"109f448\" data-element_type=\"section\" data-e-type=\"section\" data-settings=\"{&quot;_ha_eqh_enable&quot;:false}\">\n\t\t\t\t\t\t<div class=\"elementor-container elementor-column-gap-default\">\n\t\t\t\t\t<div class=\"elementor-column elementor-col-50 elementor-inner-column elementor-element elementor-element-d8e8c87\" data-id=\"d8e8c87\" data-element_type=\"column\" data-e-type=\"column\">\n\t\t\t<div class=\"elementor-widget-wrap elementor-element-populated\">\n\t\t\t\t\t\t<div class=\"elementor-element elementor-element-959742c elementor-widget elementor-widget-heading\" data-id=\"959742c\" data-element_type=\"widget\" data-e-type=\"widget\" data-widget_type=\"heading.default\">\n\t\t\t\t<div class=\"elementor-widget-container\">\n\t\t\t\t\t<h2 class=\"elementor-heading-title elementor-size-default\">Commande du DVD ou Blu-Ray<br>\"Les Contis gonfl\u00e9s \u00e0 bloc\"<\/h2>\t\t\t\t<\/div>\n\t\t\t\t<\/div>\n\t\t\t\t<div class=\"elementor-element elementor-element-ba62b6a elementor-widget elementor-widget-text-editor\" data-id=\"ba62b6a\" data-element_type=\"widget\" data-e-type=\"widget\" data-widget_type=\"text-editor.default\">\n\t\t\t\t<div class=\"elementor-widget-container\">\n\t\t\t\t\t\t\t\t\t<p>Votre commande vous sera exp\u00e9di\u00e9e d\u00e8s r\u00e9ception de votre r\u00e8glement par ch\u00e8que libell\u00e9 \u00e0 l\u2019ordre de \u00ab Marc Gossard, Vid\u00e9aste \u00bb \u00e0 l\u2019adresse suivante:<\/p><p>15 Bis rue Humi\u00e8res 60200 COMPIEGNE<\/p>\t\t\t\t\t\t\t\t<\/div>\n\t\t\t\t<\/div>\n\t\t\t\t<div class=\"elementor-element elementor-element-cbb7eb0 elementor-widget elementor-widget-text-editor\" data-id=\"cbb7eb0\" data-element_type=\"widget\" data-e-type=\"widget\" data-widget_type=\"text-editor.default\">\n\t\t\t\t<div class=\"elementor-widget-container\">\n\t\t\t\t\t\t\t\t\t<p>Pour passer commande, contactez nous par mail ou par appel t\u00e9l\u00e9phonique. Nos \u00e9quipes vous garantissent une r\u00e9ponse dans les plus brefs d\u00e9lais.<\/p>\t\t\t\t\t\t\t\t<\/div>\n\t\t\t\t<\/div>\n\t\t\t\t<div class=\"elementor-element elementor-element-0f1e4b3 elementor-button-info elementor-align-center elementor-widget elementor-widget-button\" data-id=\"0f1e4b3\" data-element_type=\"widget\" data-e-type=\"widget\" data-widget_type=\"button.default\">\n\t\t\t\t<div class=\"elementor-widget-container\">\n\t\t\t\t\t\t\t\t\t<div class=\"elementor-button-wrapper\">\n\t\t\t\t\t<a class=\"elementor-button elementor-button-link elementor-size-lg\" href=\"https:\/\/lesfilmeursproduction.com\/en\/contact\/\">\n\t\t\t\t\t\t<span class=\"elementor-button-content-wrapper\">\n\t\t\t\t\t\t\t\t\t<span class=\"elementor-button-text\">Commander DVD ou Blu-Ray<\/span>\n\t\t\t\t\t<\/span>\n\t\t\t\t\t<\/a>\n\t\t\t\t<\/div>\n\t\t\t\t\t\t\t\t<\/div>\n\t\t\t\t<\/div>\n\t\t\t\t\t<\/div>\n\t\t<\/div>\n\t\t\t\t<div class=\"elementor-column elementor-col-50 elementor-inner-column elementor-element elementor-element-da0093e\" data-id=\"da0093e\" data-element_type=\"column\" data-e-type=\"column\">\n\t\t\t<div class=\"elementor-widget-wrap elementor-element-populated\">\n\t\t\t\t\t\t<div class=\"elementor-element elementor-element-bfaa62f elementor-widget elementor-widget-spacer\" data-id=\"bfaa62f\" data-element_type=\"widget\" data-e-type=\"widget\" data-widget_type=\"spacer.default\">\n\t\t\t\t<div class=\"elementor-widget-container\">\n\t\t\t\t\t\t\t<div class=\"elementor-spacer\">\n\t\t\t<div class=\"elementor-spacer-inner\"><\/div>\n\t\t<\/div>\n\t\t\t\t\t\t<\/div>\n\t\t\t\t<\/div>\n\t\t\t\t<div class=\"elementor-element elementor-element-1316c59 elementor-widget elementor-widget-video\" data-id=\"1316c59\" data-element_type=\"widget\" data-e-type=\"widget\" data-settings=\"{&quot;video_type&quot;:&quot;vimeo&quot;}\" data-widget_type=\"video.default\">\n\t\t\t\t<div class=\"elementor-widget-container\">\n\t\t\t\t\t\t\t<div class=\"elementor-wrapper elementor-open-inline\">\n\t\t\t<iframe class=\"elementor-video-iframe\" allowfullscreen allow=\"clipboard-write\" title=\"Lecteur vid\u00e9o vimeo\" src=\"https:\/\/player.vimeo.com\/video\/110331925?color&amp;autopause=0&amp;loop=0&amp;muted=0&amp;title=0&amp;portrait=0&amp;byline=0#t=\"><\/iframe>\t\t<\/div>\n\t\t\t\t\t\t<\/div>\n\t\t\t\t<\/div>\n\t\t\t\t<div class=\"elementor-element elementor-element-32c1253 elementor-widget elementor-widget-spacer\" data-id=\"32c1253\" data-element_type=\"widget\" data-e-type=\"widget\" data-widget_type=\"spacer.default\">\n\t\t\t\t<div class=\"elementor-widget-container\">\n\t\t\t\t\t\t\t<div class=\"elementor-spacer\">\n\t\t\t<div class=\"elementor-spacer-inner\"><\/div>\n\t\t<\/div>\n\t\t\t\t\t\t<\/div>\n\t\t\t\t<\/div>\n\t\t\t\t\t<\/div>\n\t\t<\/div>\n\t\t\t\t\t<\/div>\n\t\t<\/section>\n\t\t\t\t<div class=\"elementor-element elementor-element-9be5fa0 elementor-widget elementor-widget-spacer\" data-id=\"9be5fa0\" data-element_type=\"widget\" data-e-type=\"widget\" data-widget_type=\"spacer.default\">\n\t\t\t\t<div class=\"elementor-widget-container\">\n\t\t\t\t\t\t\t<div class=\"elementor-spacer\">\n\t\t\t<div class=\"elementor-spacer-inner\"><\/div>\n\t\t<\/div>\n\t\t\t\t\t\t<\/div>\n\t\t\t\t<\/div>\n\t\t\t\t<div class=\"elementor-element elementor-element-0ac2ce1 elementor-widget elementor-widget-text-editor\" data-id=\"0ac2ce1\" data-element_type=\"widget\" data-e-type=\"widget\" data-widget_type=\"text-editor.default\">\n\t\t\t\t<div class=\"elementor-widget-container\">\n\t\t\t\t\t\t\t\t\t<p>In this film, Philippe Clatot immerses you in the adventure of the \"Conti\" from the beginnings of the General\nAssemblies in front of the factory, until the announcement of the compensation by the Continental group. It\ndepicts one by one the events of this struggle which was talked about for weeks.<br \/>With all the major stages of the Conti struggle (demonstrations, festivals of support ...) discover how this solidarity movement was also an unprecedented human and collective adventure!<\/p>\t\t\t\t\t\t\t\t<\/div>\n\t\t\t\t<\/div>\n\t\t\t\t\t<\/div>\n\t\t<\/div>\n\t\t\t\t\t<\/div>\n\t\t<\/section>\n\t\t\t\t<section class=\"elementor-section elementor-top-section elementor-element elementor-element-9698f87 elementor-section-boxed elementor-section-height-default elementor-section-height-default\" data-id=\"9698f87\" data-element_type=\"section\" data-e-type=\"section\" data-settings=\"{&quot;_ha_eqh_enable&quot;:false}\">\n\t\t\t\t\t\t<div class=\"elementor-container elementor-column-gap-default\">\n\t\t\t\t\t<div class=\"elementor-column elementor-col-100 elementor-top-column elementor-element elementor-element-377b523\" data-id=\"377b523\" data-element_type=\"column\" data-e-type=\"column\">\n\t\t\t<div class=\"elementor-widget-wrap\">\n\t\t\t\t\t\t\t<\/div>\n\t\t<\/div>\n\t\t\t\t\t<\/div>\n\t\t<\/section>\n\t\t\t\t<\/div>","protected":false},"excerpt":{"rendered":"<p>Les Contis gonfl\u00e9s \u00e0 bloc 11 mars 2009\u2026 Les 1120 employ\u00e9s de l\u2019usine Continental de Clairoix, dans l\u2019Oise, apprennent par les m\u00e9dias la fermeture de leur usine de pneumatiques pour 2010 alors qu\u2019au cours de l\u2019ann\u00e9e 2007 un accord avait \u00e9t\u00e9 sign\u00e9 pour revenir sur les 35 heures assurant, croyaient-ils, l\u2019avenir du site jusqu\u2019en 2012. &hellip;<\/p>\n<p class=\"read-more\"> <a class=\"\" href=\"https:\/\/lesfilmeursproduction.com\/en\/les-contis-gonfles-a-bloc\/\"> <span class=\"screen-reader-text\">Militants of the Continental Tyre factory<\/span> Read More &raquo;<\/a><\/p>","protected":false},"author":1,"featured_media":0,"parent":0,"menu_order":0,"comment_status":"closed","ping_status":"closed","template":"","meta":{"site-sidebar-layout":"no-sidebar","site-content-layout":"page-builder","ast-global-header-display":"","ast-main-header-display":"","ast-hfb-above-header-display":"","ast-hfb-below-header-display":"","ast-hfb-mobile-header-display":"","site-post-title":"disabled","ast-breadcrumbs-content":"","ast-featured-img":"disabled","footer-sml-layout":"","theme-transparent-header-meta":"default","adv-header-id-meta":"","stick-header-meta":"","header-above-stick-meta":"","header-main-stick-meta":"","header-below-stick-meta":"","footnotes":""},"class_list":["post-415","page","type-page","status-publish","hentry"],"yoast_head":"<!-- This site is optimized with the Yoast SEO plugin v27.4 - https:\/\/yoast.com\/product\/yoast-seo-wordpress\/ -->\n<title>Les Contis gonfl\u00e9s \u00e0 bloc - Les Filmeurs production<\/title>\n<meta name=\"robots\" content=\"index, follow, max-snippet:-1, max-image-preview:large, max-video-preview:-1\" \/>\n<link rel=\"canonical\" href=\"https:\/\/lesfilmeursproduction.com\/en\/les-contis-gonfles-a-bloc\/\" \/>\n<meta property=\"og:locale\" content=\"en_GB\" \/>\n<meta property=\"og:type\" content=\"article\" \/>\n<meta property=\"og:title\" content=\"Les Contis gonfl\u00e9s \u00e0 bloc - Les Filmeurs production\" \/>\n<meta property=\"og:description\" content=\"Les Contis gonfl\u00e9s \u00e0 bloc 11 mars 2009\u2026 Les 1120 employ\u00e9s de l\u2019usine Continental de Clairoix, dans l\u2019Oise, apprennent par les m\u00e9dias la fermeture de leur usine de pneumatiques pour 2010 alors qu\u2019au cours de l\u2019ann\u00e9e 2007 un accord avait \u00e9t\u00e9 sign\u00e9 pour revenir sur les 35 heures assurant, croyaient-ils, l\u2019avenir du site jusqu\u2019en 2012. &hellip; Les Contis gonfl\u00e9s \u00e0 bloc Read More &raquo;\" \/>\n<meta property=\"og:url\" content=\"https:\/\/lesfilmeursproduction.com\/en\/les-contis-gonfles-a-bloc\/\" \/>\n<meta property=\"og:site_name\" content=\"Les Filmeurs production\" \/>\n<meta property=\"article:modified_time\" content=\"2026-04-13T10:34:17+00:00\" \/>\n<meta name=\"twitter:card\" content=\"summary_large_image\" \/>\n<meta name=\"twitter:label1\" content=\"Estimated reading time\" \/>\n\t<meta name=\"twitter:data1\" content=\"2 minutes\" \/>\n<script type=\"application\/ld+json\" class=\"yoast-schema-graph\">{\"@context\":\"https:\\\/\\\/schema.org\",\"@graph\":[{\"@type\":\"WebPage\",\"@id\":\"https:\\\/\\\/lesfilmeursproduction.com\\\/les-contis-gonfles-a-bloc\\\/\",\"url\":\"https:\\\/\\\/lesfilmeursproduction.com\\\/les-contis-gonfles-a-bloc\\\/\",\"name\":\"Les Contis gonfl\u00e9s \u00e0 bloc - Les Filmeurs production\",\"isPartOf\":{\"@id\":\"https:\\\/\\\/lesfilmeursproduction.com\\\/#website\"},\"datePublished\":\"2019-11-05T16:12:50+00:00\",\"dateModified\":\"2026-04-13T10:34:17+00:00\",\"breadcrumb\":{\"@id\":\"https:\\\/\\\/lesfilmeursproduction.com\\\/les-contis-gonfles-a-bloc\\\/#breadcrumb\"},\"inLanguage\":\"en-GB\",\"potentialAction\":[{\"@type\":\"ReadAction\",\"target\":[\"https:\\\/\\\/lesfilmeursproduction.com\\\/les-contis-gonfles-a-bloc\\\/\"]}]},{\"@type\":\"BreadcrumbList\",\"@id\":\"https:\\\/\\\/lesfilmeursproduction.com\\\/les-contis-gonfles-a-bloc\\\/#breadcrumb\",\"itemListElement\":[{\"@type\":\"ListItem\",\"position\":1,\"name\":\"Accueil\",\"item\":\"https:\\\/\\\/lesfilmeursproduction.com\\\/\"},{\"@type\":\"ListItem\",\"position\":2,\"name\":\"Les Contis gonfl\u00e9s \u00e0 bloc\"}]},{\"@type\":\"WebSite\",\"@id\":\"https:\\\/\\\/lesfilmeursproduction.com\\\/#website\",\"url\":\"https:\\\/\\\/lesfilmeursproduction.com\\\/\",\"name\":\"Les Filmeurs production\",\"description\":\"films d&#039;entreprise et documentaires\",\"potentialAction\":[{\"@type\":\"SearchAction\",\"target\":{\"@type\":\"EntryPoint\",\"urlTemplate\":\"https:\\\/\\\/lesfilmeursproduction.com\\\/?s={search_term_string}\"},\"query-input\":{\"@type\":\"PropertyValueSpecification\",\"valueRequired\":true,\"valueName\":\"search_term_string\"}}],\"inLanguage\":\"en-GB\"}]}<\/script>\n<!-- \/ Yoast SEO plugin. -->","yoast_head_json":{"title":"Les Contis gonfl\u00e9s \u00e0 bloc - Les Filmeurs production","robots":{"index":"index","follow":"follow","max-snippet":"max-snippet:-1","max-image-preview":"max-image-preview:large","max-video-preview":"max-video-preview:-1"},"canonical":"https:\/\/lesfilmeursproduction.com\/en\/les-contis-gonfles-a-bloc\/","og_locale":"en_GB","og_type":"article","og_title":"Les Contis gonfl\u00e9s \u00e0 bloc - Les Filmeurs production","og_description":"Les Contis gonfl\u00e9s \u00e0 bloc 11 mars 2009\u2026 Les 1120 employ\u00e9s de l\u2019usine Continental de Clairoix, dans l\u2019Oise, apprennent par les m\u00e9dias la fermeture de leur usine de pneumatiques pour 2010 alors qu\u2019au cours de l\u2019ann\u00e9e 2007 un accord avait \u00e9t\u00e9 sign\u00e9 pour revenir sur les 35 heures assurant, croyaient-ils, l\u2019avenir du site jusqu\u2019en 2012. &hellip; Les Contis gonfl\u00e9s \u00e0 bloc Read More &raquo;","og_url":"https:\/\/lesfilmeursproduction.com\/en\/les-contis-gonfles-a-bloc\/","og_site_name":"Les Filmeurs production","article_modified_time":"2026-04-13T10:34:17+00:00","twitter_card":"summary_large_image","twitter_misc":{"Estimated reading time":"2 minutes"},"schema":{"@context":"https:\/\/schema.org","@graph":[{"@type":"WebPage","@id":"https:\/\/lesfilmeursproduction.com\/les-contis-gonfles-a-bloc\/","url":"https:\/\/lesfilmeursproduction.com\/les-contis-gonfles-a-bloc\/","name":"Les Contis gonfl\u00e9s \u00e0 bloc - Les Filmeurs production","isPartOf":{"@id":"https:\/\/lesfilmeursproduction.com\/#website"},"datePublished":"2019-11-05T16:12:50+00:00","dateModified":"2026-04-13T10:34:17+00:00","breadcrumb":{"@id":"https:\/\/lesfilmeursproduction.com\/les-contis-gonfles-a-bloc\/#breadcrumb"},"inLanguage":"en-GB","potentialAction":[{"@type":"ReadAction","target":["https:\/\/lesfilmeursproduction.com\/les-contis-gonfles-a-bloc\/"]}]},{"@type":"BreadcrumbList","@id":"https:\/\/lesfilmeursproduction.com\/les-contis-gonfles-a-bloc\/#breadcrumb","itemListElement":[{"@type":"ListItem","position":1,"name":"Accueil","item":"https:\/\/lesfilmeursproduction.com\/"},{"@type":"ListItem","position":2,"name":"Les Contis gonfl\u00e9s \u00e0 bloc"}]},{"@type":"WebSite","@id":"https:\/\/lesfilmeursproduction.com\/#website","url":"https:\/\/lesfilmeursproduction.com\/","name":"Les Filmeurs production","description":"films d&#039;entreprise et documentaires","potentialAction":[{"@type":"SearchAction","target":{"@type":"EntryPoint","urlTemplate":"https:\/\/lesfilmeursproduction.com\/?s={search_term_string}"},"query-input":{"@type":"PropertyValueSpecification","valueRequired":true,"valueName":"search_term_string"}}],"inLanguage":"en-GB"}]}},"_links":{"self":[{"href":"https:\/\/lesfilmeursproduction.com\/en\/wp-json\/wp\/v2\/pages\/415","targetHints":{"allow":["GET"]}}],"collection":[{"href":"https:\/\/lesfilmeursproduction.com\/en\/wp-json\/wp\/v2\/pages"}],"about":[{"href":"https:\/\/lesfilmeursproduction.com\/en\/wp-json\/wp\/v2\/types\/page"}],"author":[{"embeddable":true,"href":"https:\/\/lesfilmeursproduction.com\/en\/wp-json\/wp\/v2\/users\/1"}],"replies":[{"embeddable":true,"href":"https:\/\/lesfilmeursproduction.com\/en\/wp-json\/wp\/v2\/comments?post=415"}],"version-history":[{"count":15,"href":"https:\/\/lesfilmeursproduction.com\/en\/wp-json\/wp\/v2\/pages\/415\/revisions"}],"predecessor-version":[{"id":2484,"href":"https:\/\/lesfilmeursproduction.com\/en\/wp-json\/wp\/v2\/pages\/415\/revisions\/2484"}],"wp:attachment":[{"href":"https:\/\/lesfilmeursproduction.com\/en\/wp-json\/wp\/v2\/media?parent=415"}],"curies":[{"name":"wp","href":"https:\/\/api.w.org\/{rel}","templated":true}]}}