{"id":420,"date":"2019-11-05T16:16:11","date_gmt":"2019-11-05T16:16:11","guid":{"rendered":"http:\/\/lesfilmeursproduction.com\/?page_id=420"},"modified":"2026-04-13T10:43:53","modified_gmt":"2026-04-13T10:43:53","slug":"maestro","status":"publish","type":"page","link":"https:\/\/lesfilmeursproduction.com\/en\/maestro\/","title":{"rendered":"Maestro"},"content":{"rendered":"<div data-elementor-type=\"wp-page\" data-elementor-id=\"420\" class=\"elementor elementor-420\" data-elementor-settings=\"{&quot;ha_cmc_init_switcher&quot;:&quot;no&quot;}\">\n\t\t\t\t\t\t<section class=\"elementor-section elementor-top-section elementor-element elementor-element-61707af elementor-section-boxed elementor-section-height-default elementor-section-height-default\" data-id=\"61707af\" data-element_type=\"section\" data-e-type=\"section\" data-settings=\"{&quot;_ha_eqh_enable&quot;:false}\">\n\t\t\t\t\t\t<div class=\"elementor-container elementor-column-gap-default\">\n\t\t\t\t\t<div class=\"elementor-column elementor-col-100 elementor-top-column elementor-element elementor-element-d32070a\" data-id=\"d32070a\" data-element_type=\"column\" data-e-type=\"column\">\n\t\t\t<div class=\"elementor-widget-wrap elementor-element-populated\">\n\t\t\t\t\t\t<div class=\"elementor-element elementor-element-c241eee elementor-widget elementor-widget-heading\" data-id=\"c241eee\" data-element_type=\"widget\" data-e-type=\"widget\" data-widget_type=\"heading.default\">\n\t\t\t\t<div class=\"elementor-widget-container\">\n\t\t\t\t\t<h1 class=\"elementor-heading-title elementor-size-default\">Maestro<\/h1>\t\t\t\t<\/div>\n\t\t\t\t<\/div>\n\t\t\t\t\t<\/div>\n\t\t<\/div>\n\t\t\t\t\t<\/div>\n\t\t<\/section>\n\t\t\t\t<section class=\"elementor-section elementor-top-section elementor-element elementor-element-5ad88e9 elementor-section-boxed elementor-section-height-default elementor-section-height-default\" data-id=\"5ad88e9\" data-element_type=\"section\" data-e-type=\"section\" data-settings=\"{&quot;_ha_eqh_enable&quot;:false}\">\n\t\t\t\t\t\t<div class=\"elementor-container elementor-column-gap-default\">\n\t\t\t\t\t<div class=\"elementor-column elementor-col-100 elementor-top-column elementor-element elementor-element-99fcde1\" data-id=\"99fcde1\" data-element_type=\"column\" data-e-type=\"column\">\n\t\t\t<div class=\"elementor-widget-wrap elementor-element-populated\">\n\t\t\t\t\t\t<div class=\"elementor-element elementor-element-e3677e4 elementor-widget elementor-widget-text-editor\" data-id=\"e3677e4\" data-element_type=\"widget\" data-e-type=\"widget\" data-widget_type=\"text-editor.default\">\n\t\t\t\t<div class=\"elementor-widget-container\">\n\t\t\t\t\t\t\t\t\t<p>This film was written by Marc Gossard, project leader, and directed by Marc Gossard and Philippe Clatot. It was shot in a school in the district of Oise at Saint Cr\u00e9pin aux Bois, in a mixed year group primary class of 11 pupils during the 2002-2003 school year.<br \/>The film examines how schools and the education system operate, and offers an awareness-raising, organized with the association CLEP aimed at primary and secondary schools. The League of Education, the CNDP and the FOL were also involved.<\/p>\t\t\t\t\t\t\t\t<\/div>\n\t\t\t\t<\/div>\n\t\t\t\t<div class=\"elementor-element elementor-element-241ae6d elementor-widget elementor-widget-text-editor\" data-id=\"241ae6d\" data-element_type=\"widget\" data-e-type=\"widget\" data-widget_type=\"text-editor.default\">\n\t\t\t\t<div class=\"elementor-widget-container\">\n\t\t\t\t\t\t\t\t\t<p>This film traces, during a school year, the methods of an unusual teacher, Antoine Salido, whose teaching style is freely inspired by Freinet's \"Freedom School\". This mixed ability class of Saint Cr\u00e9pin aux Bois has been famous for a long time throughout the Picardie region to be a centre of an off the beaten track, experimental and innovative teaching. This teacher's methods favour the free expression and personality of the child, with the creation of projects that allow each person to learn to become independent, to cooperate with others and to be happy in the classroom.<\/p>\t\t\t\t\t\t\t\t<\/div>\n\t\t\t\t<\/div>\n\t\t\t\t<section class=\"elementor-section elementor-inner-section elementor-element elementor-element-756a693 elementor-section-boxed elementor-section-height-default elementor-section-height-default\" data-id=\"756a693\" data-element_type=\"section\" data-e-type=\"section\" data-settings=\"{&quot;_ha_eqh_enable&quot;:false}\">\n\t\t\t\t\t\t<div class=\"elementor-container elementor-column-gap-default\">\n\t\t\t\t\t<div class=\"elementor-column elementor-col-50 elementor-inner-column elementor-element elementor-element-87bb8d9\" data-id=\"87bb8d9\" data-element_type=\"column\" data-e-type=\"column\">\n\t\t\t<div class=\"elementor-widget-wrap elementor-element-populated\">\n\t\t\t\t\t\t<div class=\"elementor-element elementor-element-d482d1e elementor-widget elementor-widget-heading\" data-id=\"d482d1e\" data-element_type=\"widget\" data-e-type=\"widget\" data-widget_type=\"heading.default\">\n\t\t\t\t<div class=\"elementor-widget-container\">\n\t\t\t\t\t<h2 class=\"elementor-heading-title elementor-size-default\">Commande du DVD ou Blu-Ray<br>\"Maestro\"<\/h2>\t\t\t\t<\/div>\n\t\t\t\t<\/div>\n\t\t\t\t<div class=\"elementor-element elementor-element-fa6676e elementor-widget elementor-widget-text-editor\" data-id=\"fa6676e\" data-element_type=\"widget\" data-e-type=\"widget\" data-widget_type=\"text-editor.default\">\n\t\t\t\t<div class=\"elementor-widget-container\">\n\t\t\t\t\t\t\t\t\t<p>Votre commande vous sera exp\u00e9di\u00e9e d\u00e8s r\u00e9ception de votre r\u00e8glement par ch\u00e8que libell\u00e9 \u00e0 l\u2019ordre de \u00ab Marc Gossard, Vid\u00e9aste \u00bb \u00e0 l\u2019adresse suivante:<\/p><p>15 Bis rue Humi\u00e8res 60200 COMPIEGNE<\/p>\t\t\t\t\t\t\t\t<\/div>\n\t\t\t\t<\/div>\n\t\t\t\t<div class=\"elementor-element elementor-element-610e3de elementor-widget elementor-widget-text-editor\" data-id=\"610e3de\" data-element_type=\"widget\" data-e-type=\"widget\" data-widget_type=\"text-editor.default\">\n\t\t\t\t<div class=\"elementor-widget-container\">\n\t\t\t\t\t\t\t\t\t<p>Pour passer commande, contactez nous par mail ou par appel t\u00e9l\u00e9phonique. Nos \u00e9quipes vous garantissent une r\u00e9ponse dans les plus brefs d\u00e9lais.<\/p>\t\t\t\t\t\t\t\t<\/div>\n\t\t\t\t<\/div>\n\t\t\t\t<div class=\"elementor-element elementor-element-705dc77 elementor-button-info elementor-align-center elementor-widget elementor-widget-button\" data-id=\"705dc77\" data-element_type=\"widget\" data-e-type=\"widget\" data-widget_type=\"button.default\">\n\t\t\t\t<div class=\"elementor-widget-container\">\n\t\t\t\t\t\t\t\t\t<div class=\"elementor-button-wrapper\">\n\t\t\t\t\t<a class=\"elementor-button elementor-button-link elementor-size-lg\" href=\"https:\/\/lesfilmeursproduction.com\/en\/contact\/\">\n\t\t\t\t\t\t<span class=\"elementor-button-content-wrapper\">\n\t\t\t\t\t\t\t\t\t<span class=\"elementor-button-text\">Commander DVD ou Blu-Ray<\/span>\n\t\t\t\t\t<\/span>\n\t\t\t\t\t<\/a>\n\t\t\t\t<\/div>\n\t\t\t\t\t\t\t\t<\/div>\n\t\t\t\t<\/div>\n\t\t\t\t\t<\/div>\n\t\t<\/div>\n\t\t\t\t<div class=\"elementor-column elementor-col-50 elementor-inner-column elementor-element elementor-element-cb04267\" data-id=\"cb04267\" data-element_type=\"column\" data-e-type=\"column\">\n\t\t\t<div class=\"elementor-widget-wrap elementor-element-populated\">\n\t\t\t\t\t\t<div class=\"elementor-element elementor-element-ec9069b elementor-widget elementor-widget-spacer\" data-id=\"ec9069b\" data-element_type=\"widget\" data-e-type=\"widget\" data-widget_type=\"spacer.default\">\n\t\t\t\t<div class=\"elementor-widget-container\">\n\t\t\t\t\t\t\t<div class=\"elementor-spacer\">\n\t\t\t<div class=\"elementor-spacer-inner\"><\/div>\n\t\t<\/div>\n\t\t\t\t\t\t<\/div>\n\t\t\t\t<\/div>\n\t\t\t\t<div class=\"elementor-element elementor-element-87cfda0 elementor-widget elementor-widget-video\" data-id=\"87cfda0\" data-element_type=\"widget\" data-e-type=\"widget\" data-settings=\"{&quot;video_type&quot;:&quot;vimeo&quot;}\" data-widget_type=\"video.default\">\n\t\t\t\t<div class=\"elementor-widget-container\">\n\t\t\t\t\t\t\t<div class=\"elementor-wrapper elementor-open-inline\">\n\t\t\t<iframe class=\"elementor-video-iframe\" allowfullscreen allow=\"clipboard-write\" title=\"Lecteur vid\u00e9o vimeo\" src=\"https:\/\/player.vimeo.com\/video\/168930812?color&amp;autopause=0&amp;loop=0&amp;muted=0&amp;title=1&amp;portrait=1&amp;byline=1#t=\"><\/iframe>\t\t<\/div>\n\t\t\t\t\t\t<\/div>\n\t\t\t\t<\/div>\n\t\t\t\t\t<\/div>\n\t\t<\/div>\n\t\t\t\t\t<\/div>\n\t\t<\/section>\n\t\t\t\t<div class=\"elementor-element elementor-element-485448c elementor-widget elementor-widget-spacer\" data-id=\"485448c\" data-element_type=\"widget\" data-e-type=\"widget\" data-widget_type=\"spacer.default\">\n\t\t\t\t<div class=\"elementor-widget-container\">\n\t\t\t\t\t\t\t<div class=\"elementor-spacer\">\n\t\t\t<div class=\"elementor-spacer-inner\"><\/div>\n\t\t<\/div>\n\t\t\t\t\t\t<\/div>\n\t\t\t\t<\/div>\n\t\t\t\t<div class=\"elementor-element elementor-element-f533d54 elementor-widget elementor-widget-heading\" data-id=\"f533d54\" data-element_type=\"widget\" data-e-type=\"widget\" data-widget_type=\"heading.default\">\n\t\t\t\t<div class=\"elementor-widget-container\">\n\t\t\t\t\t<h2 class=\"elementor-heading-title elementor-size-default\">Technical sheet<\/h2>\t\t\t\t<\/div>\n\t\t\t\t<\/div>\n\t\t\t\t<div class=\"elementor-element elementor-element-dc380f1 elementor-widget elementor-widget-text-editor\" data-id=\"dc380f1\" data-element_type=\"widget\" data-e-type=\"widget\" data-widget_type=\"text-editor.default\">\n\t\t\t\t<div class=\"elementor-widget-container\">\n\t\t\t\t\t\t\t\t\t<p>A 90-minute film (cinema format). All of this work was done in self-production and on behalf of authors. France 3 Nord Pas-de-Calais Picardie interested by the film asked for a reassembly in 52 minutes to be broadcast in its program schedule.<br \/>The film was first shown on Sunday April 3, 2005 in Thourotte in front of Antoine Salido, the schoolteacher and the children, parents and former students. Laughs, emotions, the enthusiasm was general (see article in Le Parisien). A lady said to the authors after the screening \"your film is a hymn to life!\".<br \/>The Picardie regional council via ACAP organized several screenings in Picardy cinemas and finally the documentary association on the big screen and the cinema of the filmmakers screened it in Clichy in 2006<\/p>\t\t\t\t\t\t\t\t<\/div>\n\t\t\t\t<\/div>\n\t\t\t\t\t<\/div>\n\t\t<\/div>\n\t\t\t\t\t<\/div>\n\t\t<\/section>\n\t\t\t\t<\/div>","protected":false},"excerpt":{"rendered":"<p>Maestro Ce film a \u00e9t\u00e9 \u00e9crit par Marc Gossard, porteur du projet et r\u00e9alis\u00e9 par Marc Gossard et Philippe Clatot. Il a \u00e9t\u00e9 tourn\u00e9 dans une \u00e9cole de l\u2019Oise \u00e0 Saint Cr\u00e9pin aux bois (pr\u00e8s de Compi\u00e8gne) dans une classe unique de 11 \u00e9l\u00e8ves pendant l\u2019ann\u00e9e scolaire 2002-2003.Ce film est porteur d\u2019une vraie dynamique de &hellip;<\/p>\n<p class=\"read-more\"> <a class=\"\" href=\"https:\/\/lesfilmeursproduction.com\/en\/maestro\/\"> <span class=\"screen-reader-text\">Maestro<\/span> Read More &raquo;<\/a><\/p>","protected":false},"author":1,"featured_media":0,"parent":0,"menu_order":0,"comment_status":"closed","ping_status":"closed","template":"","meta":{"site-sidebar-layout":"no-sidebar","site-content-layout":"page-builder","ast-global-header-display":"","ast-main-header-display":"","ast-hfb-above-header-display":"","ast-hfb-below-header-display":"","ast-hfb-mobile-header-display":"","site-post-title":"disabled","ast-breadcrumbs-content":"","ast-featured-img":"disabled","footer-sml-layout":"","theme-transparent-header-meta":"default","adv-header-id-meta":"","stick-header-meta":"","header-above-stick-meta":"","header-main-stick-meta":"","header-below-stick-meta":"","footnotes":""},"class_list":["post-420","page","type-page","status-publish","hentry"],"yoast_head":"<!-- This site is optimized with the Yoast SEO plugin v27.4 - https:\/\/yoast.com\/product\/yoast-seo-wordpress\/ -->\n<title>Maestro - Les Filmeurs production<\/title>\n<meta name=\"robots\" content=\"index, follow, max-snippet:-1, max-image-preview:large, max-video-preview:-1\" \/>\n<link rel=\"canonical\" href=\"https:\/\/lesfilmeursproduction.com\/en\/maestro\/\" \/>\n<meta property=\"og:locale\" content=\"en_GB\" \/>\n<meta property=\"og:type\" content=\"article\" \/>\n<meta property=\"og:title\" content=\"Maestro - Les Filmeurs production\" \/>\n<meta property=\"og:description\" content=\"Maestro Ce film a \u00e9t\u00e9 \u00e9crit par Marc Gossard, porteur du projet et r\u00e9alis\u00e9 par Marc Gossard et Philippe Clatot. Il a \u00e9t\u00e9 tourn\u00e9 dans une \u00e9cole de l\u2019Oise \u00e0 Saint Cr\u00e9pin aux bois (pr\u00e8s de Compi\u00e8gne) dans une classe unique de 11 \u00e9l\u00e8ves pendant l\u2019ann\u00e9e scolaire 2002-2003.Ce film est porteur d\u2019une vraie dynamique de &hellip; Maestro Read More &raquo;\" \/>\n<meta property=\"og:url\" content=\"https:\/\/lesfilmeursproduction.com\/en\/maestro\/\" \/>\n<meta property=\"og:site_name\" content=\"Les Filmeurs production\" \/>\n<meta property=\"article:modified_time\" content=\"2026-04-13T10:43:53+00:00\" \/>\n<meta name=\"twitter:card\" content=\"summary_large_image\" \/>\n<meta name=\"twitter:label1\" content=\"Estimated reading time\" \/>\n\t<meta name=\"twitter:data1\" content=\"2 minutes\" \/>\n<script type=\"application\/ld+json\" class=\"yoast-schema-graph\">{\"@context\":\"https:\\\/\\\/schema.org\",\"@graph\":[{\"@type\":\"WebPage\",\"@id\":\"https:\\\/\\\/lesfilmeursproduction.com\\\/maestro\\\/\",\"url\":\"https:\\\/\\\/lesfilmeursproduction.com\\\/maestro\\\/\",\"name\":\"Maestro - Les Filmeurs production\",\"isPartOf\":{\"@id\":\"https:\\\/\\\/lesfilmeursproduction.com\\\/#website\"},\"datePublished\":\"2019-11-05T16:16:11+00:00\",\"dateModified\":\"2026-04-13T10:43:53+00:00\",\"breadcrumb\":{\"@id\":\"https:\\\/\\\/lesfilmeursproduction.com\\\/maestro\\\/#breadcrumb\"},\"inLanguage\":\"en-GB\",\"potentialAction\":[{\"@type\":\"ReadAction\",\"target\":[\"https:\\\/\\\/lesfilmeursproduction.com\\\/maestro\\\/\"]}]},{\"@type\":\"BreadcrumbList\",\"@id\":\"https:\\\/\\\/lesfilmeursproduction.com\\\/maestro\\\/#breadcrumb\",\"itemListElement\":[{\"@type\":\"ListItem\",\"position\":1,\"name\":\"Accueil\",\"item\":\"https:\\\/\\\/lesfilmeursproduction.com\\\/\"},{\"@type\":\"ListItem\",\"position\":2,\"name\":\"Maestro\"}]},{\"@type\":\"WebSite\",\"@id\":\"https:\\\/\\\/lesfilmeursproduction.com\\\/#website\",\"url\":\"https:\\\/\\\/lesfilmeursproduction.com\\\/\",\"name\":\"Les Filmeurs production\",\"description\":\"films d&#039;entreprise et documentaires\",\"potentialAction\":[{\"@type\":\"SearchAction\",\"target\":{\"@type\":\"EntryPoint\",\"urlTemplate\":\"https:\\\/\\\/lesfilmeursproduction.com\\\/?s={search_term_string}\"},\"query-input\":{\"@type\":\"PropertyValueSpecification\",\"valueRequired\":true,\"valueName\":\"search_term_string\"}}],\"inLanguage\":\"en-GB\"}]}<\/script>\n<!-- \/ Yoast SEO plugin. -->","yoast_head_json":{"title":"Maestro - Les Filmeurs production","robots":{"index":"index","follow":"follow","max-snippet":"max-snippet:-1","max-image-preview":"max-image-preview:large","max-video-preview":"max-video-preview:-1"},"canonical":"https:\/\/lesfilmeursproduction.com\/en\/maestro\/","og_locale":"en_GB","og_type":"article","og_title":"Maestro - Les Filmeurs production","og_description":"Maestro Ce film a \u00e9t\u00e9 \u00e9crit par Marc Gossard, porteur du projet et r\u00e9alis\u00e9 par Marc Gossard et Philippe Clatot. Il a \u00e9t\u00e9 tourn\u00e9 dans une \u00e9cole de l\u2019Oise \u00e0 Saint Cr\u00e9pin aux bois (pr\u00e8s de Compi\u00e8gne) dans une classe unique de 11 \u00e9l\u00e8ves pendant l\u2019ann\u00e9e scolaire 2002-2003.Ce film est porteur d\u2019une vraie dynamique de &hellip; Maestro Read More &raquo;","og_url":"https:\/\/lesfilmeursproduction.com\/en\/maestro\/","og_site_name":"Les Filmeurs production","article_modified_time":"2026-04-13T10:43:53+00:00","twitter_card":"summary_large_image","twitter_misc":{"Estimated reading time":"2 minutes"},"schema":{"@context":"https:\/\/schema.org","@graph":[{"@type":"WebPage","@id":"https:\/\/lesfilmeursproduction.com\/maestro\/","url":"https:\/\/lesfilmeursproduction.com\/maestro\/","name":"Maestro - Les Filmeurs production","isPartOf":{"@id":"https:\/\/lesfilmeursproduction.com\/#website"},"datePublished":"2019-11-05T16:16:11+00:00","dateModified":"2026-04-13T10:43:53+00:00","breadcrumb":{"@id":"https:\/\/lesfilmeursproduction.com\/maestro\/#breadcrumb"},"inLanguage":"en-GB","potentialAction":[{"@type":"ReadAction","target":["https:\/\/lesfilmeursproduction.com\/maestro\/"]}]},{"@type":"BreadcrumbList","@id":"https:\/\/lesfilmeursproduction.com\/maestro\/#breadcrumb","itemListElement":[{"@type":"ListItem","position":1,"name":"Accueil","item":"https:\/\/lesfilmeursproduction.com\/"},{"@type":"ListItem","position":2,"name":"Maestro"}]},{"@type":"WebSite","@id":"https:\/\/lesfilmeursproduction.com\/#website","url":"https:\/\/lesfilmeursproduction.com\/","name":"Les Filmeurs production","description":"films d&#039;entreprise et documentaires","potentialAction":[{"@type":"SearchAction","target":{"@type":"EntryPoint","urlTemplate":"https:\/\/lesfilmeursproduction.com\/?s={search_term_string}"},"query-input":{"@type":"PropertyValueSpecification","valueRequired":true,"valueName":"search_term_string"}}],"inLanguage":"en-GB"}]}},"_links":{"self":[{"href":"https:\/\/lesfilmeursproduction.com\/en\/wp-json\/wp\/v2\/pages\/420","targetHints":{"allow":["GET"]}}],"collection":[{"href":"https:\/\/lesfilmeursproduction.com\/en\/wp-json\/wp\/v2\/pages"}],"about":[{"href":"https:\/\/lesfilmeursproduction.com\/en\/wp-json\/wp\/v2\/types\/page"}],"author":[{"embeddable":true,"href":"https:\/\/lesfilmeursproduction.com\/en\/wp-json\/wp\/v2\/users\/1"}],"replies":[{"embeddable":true,"href":"https:\/\/lesfilmeursproduction.com\/en\/wp-json\/wp\/v2\/comments?post=420"}],"version-history":[{"count":22,"href":"https:\/\/lesfilmeursproduction.com\/en\/wp-json\/wp\/v2\/pages\/420\/revisions"}],"predecessor-version":[{"id":2493,"href":"https:\/\/lesfilmeursproduction.com\/en\/wp-json\/wp\/v2\/pages\/420\/revisions\/2493"}],"wp:attachment":[{"href":"https:\/\/lesfilmeursproduction.com\/en\/wp-json\/wp\/v2\/media?parent=420"}],"curies":[{"name":"wp","href":"https:\/\/api.w.org\/{rel}","templated":true}]}}