{"id":436,"date":"2019-11-11T18:55:45","date_gmt":"2019-11-11T18:55:45","guid":{"rendered":"http:\/\/lesfilmeursproduction.com\/?page_id=436"},"modified":"2025-07-19T13:37:28","modified_gmt":"2025-07-19T13:37:28","slug":"lequipe","status":"publish","type":"page","link":"https:\/\/lesfilmeursproduction.com\/en\/lequipe\/","title":{"rendered":"l&#8217;\u00e9quipe"},"content":{"rendered":"<div data-elementor-type=\"wp-page\" data-elementor-id=\"436\" class=\"elementor elementor-436\" data-elementor-settings=\"{&quot;ha_cmc_init_switcher&quot;:&quot;no&quot;}\">\n\t\t\t\t\t\t<section class=\"elementor-section elementor-top-section elementor-element elementor-element-f6cbded elementor-section-boxed elementor-section-height-default elementor-section-height-default\" data-id=\"f6cbded\" data-element_type=\"section\" data-e-type=\"section\" data-settings=\"{&quot;_ha_eqh_enable&quot;:false}\">\n\t\t\t\t\t\t<div class=\"elementor-container elementor-column-gap-default\">\n\t\t\t\t\t<div class=\"elementor-column elementor-col-100 elementor-top-column elementor-element elementor-element-b347c04\" data-id=\"b347c04\" data-element_type=\"column\" data-e-type=\"column\">\n\t\t\t<div class=\"elementor-widget-wrap elementor-element-populated\">\n\t\t\t\t\t\t<div class=\"elementor-element elementor-element-6a2ec49 elementor-widget elementor-widget-spacer\" data-id=\"6a2ec49\" data-element_type=\"widget\" data-e-type=\"widget\" data-widget_type=\"spacer.default\">\n\t\t\t\t<div class=\"elementor-widget-container\">\n\t\t\t\t\t\t\t<div class=\"elementor-spacer\">\n\t\t\t<div class=\"elementor-spacer-inner\"><\/div>\n\t\t<\/div>\n\t\t\t\t\t\t<\/div>\n\t\t\t\t<\/div>\n\t\t\t\t<div class=\"elementor-element elementor-element-305426e elementor-widget elementor-widget-heading\" data-id=\"305426e\" data-element_type=\"widget\" data-e-type=\"widget\" data-widget_type=\"heading.default\">\n\t\t\t\t<div class=\"elementor-widget-container\">\n\t\t\t\t\t<h1 class=\"elementor-heading-title elementor-size-default\">L'\u00e9quipe <\/h1>\t\t\t\t<\/div>\n\t\t\t\t<\/div>\n\t\t\t\t<section class=\"elementor-section elementor-inner-section elementor-element elementor-element-3e7d9a2 elementor-section-boxed elementor-section-height-default elementor-section-height-default\" data-id=\"3e7d9a2\" data-element_type=\"section\" data-e-type=\"section\" data-settings=\"{&quot;_ha_eqh_enable&quot;:false}\">\n\t\t\t\t\t\t<div class=\"elementor-container elementor-column-gap-default\">\n\t\t\t\t\t<div class=\"elementor-column elementor-col-50 elementor-inner-column elementor-element elementor-element-eb11afc\" data-id=\"eb11afc\" data-element_type=\"column\" data-e-type=\"column\">\n\t\t\t<div class=\"elementor-widget-wrap elementor-element-populated\">\n\t\t\t\t\t\t<div class=\"elementor-element elementor-element-af27e27 elementor-widget elementor-widget-text-editor\" data-id=\"af27e27\" data-element_type=\"widget\" data-e-type=\"widget\" data-widget_type=\"text-editor.default\">\n\t\t\t\t<div class=\"elementor-widget-container\">\n\t\t\t\t\t\t\t\t\t<p><span style=\"font-size: 15px;\">Our activity is divided between the creation of documentary films for television, the production of communication films, clips and advertising.<\/span><\/p><p>We master all the stages and techniques of professional video. We are a varied and creative team of 8 employees, driven by the same passion for film.<\/p><p>From the design of a scenario to the visual animations of an efficient editing, including shooting in High Definition and 4K, with its on-board cameras and its spectacular crane movements and 3-axis stabilizers for tracking shots.<\/p><p>\u00a0<\/p>\t\t\t\t\t\t\t\t<\/div>\n\t\t\t\t<\/div>\n\t\t\t\t\t<\/div>\n\t\t<\/div>\n\t\t\t\t<div class=\"elementor-column elementor-col-50 elementor-inner-column elementor-element elementor-element-7cb71d5\" data-id=\"7cb71d5\" data-element_type=\"column\" data-e-type=\"column\">\n\t\t\t<div class=\"elementor-widget-wrap elementor-element-populated\">\n\t\t\t\t\t\t<div class=\"elementor-element elementor-element-1f859f4 elementor-widget elementor-widget-image\" data-id=\"1f859f4\" data-element_type=\"widget\" data-e-type=\"widget\" data-widget_type=\"image.default\">\n\t\t\t\t<div class=\"elementor-widget-container\">\n\t\t\t\t\t\t\t\t\t\t\t\t\t\t\t<img fetchpriority=\"high\" decoding=\"async\" width=\"768\" height=\"273\" src=\"https:\/\/lesfilmeursproduction.com\/wp-content\/uploads\/2020\/01\/accueil-image-docu-768x273.jpg\" class=\"attachment-medium_large size-medium_large wp-image-689\" alt=\"\" srcset=\"https:\/\/lesfilmeursproduction.com\/wp-content\/uploads\/2020\/01\/accueil-image-docu-768x273.jpg 768w, https:\/\/lesfilmeursproduction.com\/wp-content\/uploads\/2020\/01\/accueil-image-docu-300x107.jpg 300w, https:\/\/lesfilmeursproduction.com\/wp-content\/uploads\/2020\/01\/accueil-image-docu-1024x364.jpg 1024w, https:\/\/lesfilmeursproduction.com\/wp-content\/uploads\/2020\/01\/accueil-image-docu.jpg 1739w\" sizes=\"(max-width: 768px) 100vw, 768px\" \/>\t\t\t\t\t\t\t\t\t\t\t\t\t\t\t<\/div>\n\t\t\t\t<\/div>\n\t\t\t\t<div class=\"elementor-element elementor-element-551c477 elementor-widget elementor-widget-text-editor\" data-id=\"551c477\" data-element_type=\"widget\" data-e-type=\"widget\" data-widget_type=\"text-editor.default\">\n\t\t\t\t<div class=\"elementor-widget-container\">\n\t\t\t\t\t\t\t\t\t<p><span style=\"font-size: 15px;\">L\u2019aspect cin\u00e9matique de nos films, se trouve dans l\u2019\u00e9criture mais aussi les outils cin\u00e9matographiques dont nous disposons tels que la camera grue pour les travellings et d\u00e9couvertes, les Timelaps et slow motion pour d\u00e9former le temps, les stabilisateurs de cameras ainsi que l&#8217;exp\u00e9rience, l&#8217;esth\u00e9tisme et la cr\u00e9ativit\u00e9.<\/span><\/p>\t\t\t\t\t\t\t\t<\/div>\n\t\t\t\t<\/div>\n\t\t\t\t\t<\/div>\n\t\t<\/div>\n\t\t\t\t\t<\/div>\n\t\t<\/section>\n\t\t\t\t\t<\/div>\n\t\t<\/div>\n\t\t\t\t\t<\/div>\n\t\t<\/section>\n\t\t\t\t<section class=\"elementor-section elementor-top-section elementor-element elementor-element-b4814f7 elementor-section-boxed elementor-section-height-default elementor-section-height-default\" data-id=\"b4814f7\" data-element_type=\"section\" data-e-type=\"section\" data-settings=\"{&quot;_ha_eqh_enable&quot;:false}\">\n\t\t\t\t\t\t<div class=\"elementor-container elementor-column-gap-default\">\n\t\t\t\t\t<div class=\"elementor-column elementor-col-100 elementor-top-column elementor-element elementor-element-f0409aa\" data-id=\"f0409aa\" data-element_type=\"column\" data-e-type=\"column\">\n\t\t\t<div class=\"elementor-widget-wrap elementor-element-populated\">\n\t\t\t\t\t\t<div class=\"elementor-element elementor-element-ff0a2af animated-slow elementor-invisible elementor-widget elementor-widget-heading\" data-id=\"ff0a2af\" data-element_type=\"widget\" data-e-type=\"widget\" data-settings=\"{&quot;_animation&quot;:&quot;fadeIn&quot;,&quot;_animation_delay&quot;:5000}\" data-widget_type=\"heading.default\">\n\t\t\t\t<div class=\"elementor-widget-container\">\n\t\t\t\t\t<h2 class=\"elementor-heading-title elementor-size-default\">A varied and creative production team, driven by the same passion for film.\u00a0<\/h2>\t\t\t\t<\/div>\n\t\t\t\t<\/div>\n\t\t\t\t\t<\/div>\n\t\t<\/div>\n\t\t\t\t\t<\/div>\n\t\t<\/section>\n\t\t\t\t<\/div>","protected":false},"excerpt":{"rendered":"<p>L&#8217;\u00e9quipe Notre activit\u00e9 se partage entre la cr\u00e9ation de films documentaires pour la t\u00e9l\u00e9vision, la r\u00e9alisation de films de communication, clips et publicit\u00e9. Nous ma\u00eetrisons toutes les \u00e9tapes et les techniques de la vid\u00e9o professionnelle. Nous sommes une \u00e9quipe vari\u00e9e et cr\u00e9ative de 8 collaborateurs, anim\u00e9e par la m\u00eame passion du film. De la conception &hellip;<\/p>\n<p class=\"read-more\"> <a class=\"\" href=\"https:\/\/lesfilmeursproduction.com\/en\/lequipe\/\"> <span class=\"screen-reader-text\">l&#8217;\u00e9quipe<\/span> Read More &raquo;<\/a><\/p>","protected":false},"author":1,"featured_media":0,"parent":0,"menu_order":0,"comment_status":"closed","ping_status":"closed","template":"","meta":{"site-sidebar-layout":"no-sidebar","site-content-layout":"page-builder","ast-global-header-display":"","ast-main-header-display":"","ast-hfb-above-header-display":"","ast-hfb-below-header-display":"","ast-hfb-mobile-header-display":"","site-post-title":"disabled","ast-breadcrumbs-content":"","ast-featured-img":"disabled","footer-sml-layout":"","theme-transparent-header-meta":"default","adv-header-id-meta":"","stick-header-meta":"","header-above-stick-meta":"","header-main-stick-meta":"","header-below-stick-meta":"","footnotes":""},"class_list":["post-436","page","type-page","status-publish","hentry"],"yoast_head":"<!-- This site is optimized with the Yoast SEO plugin v27.4 - https:\/\/yoast.com\/product\/yoast-seo-wordpress\/ -->\n<title>l&#039;\u00e9quipe - Les Filmeurs production<\/title>\n<meta name=\"robots\" content=\"index, follow, max-snippet:-1, max-image-preview:large, max-video-preview:-1\" \/>\n<link rel=\"canonical\" href=\"https:\/\/lesfilmeursproduction.com\/en\/lequipe\/\" \/>\n<meta property=\"og:locale\" content=\"en_GB\" \/>\n<meta property=\"og:type\" content=\"article\" \/>\n<meta property=\"og:title\" content=\"l&#039;\u00e9quipe - Les Filmeurs production\" \/>\n<meta property=\"og:description\" content=\"L&#8217;\u00e9quipe Notre activit\u00e9 se partage entre la cr\u00e9ation de films documentaires pour la t\u00e9l\u00e9vision, la r\u00e9alisation de films de communication, clips et publicit\u00e9. Nous ma\u00eetrisons toutes les \u00e9tapes et les techniques de la vid\u00e9o professionnelle. Nous sommes une \u00e9quipe vari\u00e9e et cr\u00e9ative de 8 collaborateurs, anim\u00e9e par la m\u00eame passion du film. De la conception &hellip; l&#8217;\u00e9quipe Read More &raquo;\" \/>\n<meta property=\"og:url\" content=\"https:\/\/lesfilmeursproduction.com\/en\/lequipe\/\" \/>\n<meta property=\"og:site_name\" content=\"Les Filmeurs production\" \/>\n<meta property=\"article:modified_time\" content=\"2025-07-19T13:37:28+00:00\" \/>\n<meta property=\"og:image\" content=\"http:\/\/lesfilmeursproduction.com\/wp-content\/uploads\/2020\/01\/accueil-image-docu-768x273.jpg\" \/>\n<meta name=\"twitter:card\" content=\"summary_large_image\" \/>\n<meta name=\"twitter:label1\" content=\"Estimated reading time\" \/>\n\t<meta name=\"twitter:data1\" content=\"1 minute\" \/>\n<script type=\"application\/ld+json\" class=\"yoast-schema-graph\">{\"@context\":\"https:\\\/\\\/schema.org\",\"@graph\":[{\"@type\":\"WebPage\",\"@id\":\"https:\\\/\\\/lesfilmeursproduction.com\\\/lequipe\\\/\",\"url\":\"https:\\\/\\\/lesfilmeursproduction.com\\\/lequipe\\\/\",\"name\":\"l'\u00e9quipe - Les Filmeurs production\",\"isPartOf\":{\"@id\":\"https:\\\/\\\/lesfilmeursproduction.com\\\/#website\"},\"primaryImageOfPage\":{\"@id\":\"https:\\\/\\\/lesfilmeursproduction.com\\\/lequipe\\\/#primaryimage\"},\"image\":{\"@id\":\"https:\\\/\\\/lesfilmeursproduction.com\\\/lequipe\\\/#primaryimage\"},\"thumbnailUrl\":\"http:\\\/\\\/lesfilmeursproduction.com\\\/wp-content\\\/uploads\\\/2020\\\/01\\\/accueil-image-docu-768x273.jpg\",\"datePublished\":\"2019-11-11T18:55:45+00:00\",\"dateModified\":\"2025-07-19T13:37:28+00:00\",\"breadcrumb\":{\"@id\":\"https:\\\/\\\/lesfilmeursproduction.com\\\/lequipe\\\/#breadcrumb\"},\"inLanguage\":\"en-GB\",\"potentialAction\":[{\"@type\":\"ReadAction\",\"target\":[\"https:\\\/\\\/lesfilmeursproduction.com\\\/lequipe\\\/\"]}]},{\"@type\":\"ImageObject\",\"inLanguage\":\"en-GB\",\"@id\":\"https:\\\/\\\/lesfilmeursproduction.com\\\/lequipe\\\/#primaryimage\",\"url\":\"http:\\\/\\\/lesfilmeursproduction.com\\\/wp-content\\\/uploads\\\/2020\\\/01\\\/accueil-image-docu-768x273.jpg\",\"contentUrl\":\"http:\\\/\\\/lesfilmeursproduction.com\\\/wp-content\\\/uploads\\\/2020\\\/01\\\/accueil-image-docu-768x273.jpg\"},{\"@type\":\"BreadcrumbList\",\"@id\":\"https:\\\/\\\/lesfilmeursproduction.com\\\/lequipe\\\/#breadcrumb\",\"itemListElement\":[{\"@type\":\"ListItem\",\"position\":1,\"name\":\"Accueil\",\"item\":\"https:\\\/\\\/lesfilmeursproduction.com\\\/\"},{\"@type\":\"ListItem\",\"position\":2,\"name\":\"l&#8217;\u00e9quipe\"}]},{\"@type\":\"WebSite\",\"@id\":\"https:\\\/\\\/lesfilmeursproduction.com\\\/#website\",\"url\":\"https:\\\/\\\/lesfilmeursproduction.com\\\/\",\"name\":\"Les Filmeurs production\",\"description\":\"films d&#039;entreprise et documentaires\",\"potentialAction\":[{\"@type\":\"SearchAction\",\"target\":{\"@type\":\"EntryPoint\",\"urlTemplate\":\"https:\\\/\\\/lesfilmeursproduction.com\\\/?s={search_term_string}\"},\"query-input\":{\"@type\":\"PropertyValueSpecification\",\"valueRequired\":true,\"valueName\":\"search_term_string\"}}],\"inLanguage\":\"en-GB\"}]}<\/script>\n<!-- \/ Yoast SEO plugin. -->","yoast_head_json":{"title":"l'\u00e9quipe - Les Filmeurs production","robots":{"index":"index","follow":"follow","max-snippet":"max-snippet:-1","max-image-preview":"max-image-preview:large","max-video-preview":"max-video-preview:-1"},"canonical":"https:\/\/lesfilmeursproduction.com\/en\/lequipe\/","og_locale":"en_GB","og_type":"article","og_title":"l'\u00e9quipe - Les Filmeurs production","og_description":"L&#8217;\u00e9quipe Notre activit\u00e9 se partage entre la cr\u00e9ation de films documentaires pour la t\u00e9l\u00e9vision, la r\u00e9alisation de films de communication, clips et publicit\u00e9. Nous ma\u00eetrisons toutes les \u00e9tapes et les techniques de la vid\u00e9o professionnelle. Nous sommes une \u00e9quipe vari\u00e9e et cr\u00e9ative de 8 collaborateurs, anim\u00e9e par la m\u00eame passion du film. De la conception &hellip; l&#8217;\u00e9quipe Read More &raquo;","og_url":"https:\/\/lesfilmeursproduction.com\/en\/lequipe\/","og_site_name":"Les Filmeurs production","article_modified_time":"2025-07-19T13:37:28+00:00","og_image":[{"url":"http:\/\/lesfilmeursproduction.com\/wp-content\/uploads\/2020\/01\/accueil-image-docu-768x273.jpg","type":"","width":"","height":""}],"twitter_card":"summary_large_image","twitter_misc":{"Estimated reading time":"1 minute"},"schema":{"@context":"https:\/\/schema.org","@graph":[{"@type":"WebPage","@id":"https:\/\/lesfilmeursproduction.com\/lequipe\/","url":"https:\/\/lesfilmeursproduction.com\/lequipe\/","name":"l'\u00e9quipe - Les Filmeurs production","isPartOf":{"@id":"https:\/\/lesfilmeursproduction.com\/#website"},"primaryImageOfPage":{"@id":"https:\/\/lesfilmeursproduction.com\/lequipe\/#primaryimage"},"image":{"@id":"https:\/\/lesfilmeursproduction.com\/lequipe\/#primaryimage"},"thumbnailUrl":"http:\/\/lesfilmeursproduction.com\/wp-content\/uploads\/2020\/01\/accueil-image-docu-768x273.jpg","datePublished":"2019-11-11T18:55:45+00:00","dateModified":"2025-07-19T13:37:28+00:00","breadcrumb":{"@id":"https:\/\/lesfilmeursproduction.com\/lequipe\/#breadcrumb"},"inLanguage":"en-GB","potentialAction":[{"@type":"ReadAction","target":["https:\/\/lesfilmeursproduction.com\/lequipe\/"]}]},{"@type":"ImageObject","inLanguage":"en-GB","@id":"https:\/\/lesfilmeursproduction.com\/lequipe\/#primaryimage","url":"http:\/\/lesfilmeursproduction.com\/wp-content\/uploads\/2020\/01\/accueil-image-docu-768x273.jpg","contentUrl":"http:\/\/lesfilmeursproduction.com\/wp-content\/uploads\/2020\/01\/accueil-image-docu-768x273.jpg"},{"@type":"BreadcrumbList","@id":"https:\/\/lesfilmeursproduction.com\/lequipe\/#breadcrumb","itemListElement":[{"@type":"ListItem","position":1,"name":"Accueil","item":"https:\/\/lesfilmeursproduction.com\/"},{"@type":"ListItem","position":2,"name":"l&#8217;\u00e9quipe"}]},{"@type":"WebSite","@id":"https:\/\/lesfilmeursproduction.com\/#website","url":"https:\/\/lesfilmeursproduction.com\/","name":"Les Filmeurs production","description":"films d&#039;entreprise et documentaires","potentialAction":[{"@type":"SearchAction","target":{"@type":"EntryPoint","urlTemplate":"https:\/\/lesfilmeursproduction.com\/?s={search_term_string}"},"query-input":{"@type":"PropertyValueSpecification","valueRequired":true,"valueName":"search_term_string"}}],"inLanguage":"en-GB"}]}},"_links":{"self":[{"href":"https:\/\/lesfilmeursproduction.com\/en\/wp-json\/wp\/v2\/pages\/436","targetHints":{"allow":["GET"]}}],"collection":[{"href":"https:\/\/lesfilmeursproduction.com\/en\/wp-json\/wp\/v2\/pages"}],"about":[{"href":"https:\/\/lesfilmeursproduction.com\/en\/wp-json\/wp\/v2\/types\/page"}],"author":[{"embeddable":true,"href":"https:\/\/lesfilmeursproduction.com\/en\/wp-json\/wp\/v2\/users\/1"}],"replies":[{"embeddable":true,"href":"https:\/\/lesfilmeursproduction.com\/en\/wp-json\/wp\/v2\/comments?post=436"}],"version-history":[{"count":55,"href":"https:\/\/lesfilmeursproduction.com\/en\/wp-json\/wp\/v2\/pages\/436\/revisions"}],"predecessor-version":[{"id":2072,"href":"https:\/\/lesfilmeursproduction.com\/en\/wp-json\/wp\/v2\/pages\/436\/revisions\/2072"}],"wp:attachment":[{"href":"https:\/\/lesfilmeursproduction.com\/en\/wp-json\/wp\/v2\/media?parent=436"}],"curies":[{"name":"wp","href":"https:\/\/api.w.org\/{rel}","templated":true}]}}