{"id":649,"date":"2023-04-23T16:35:32","date_gmt":"2023-04-23T16:35:32","guid":{"rendered":"http:\/\/lesfilmeursproduction.com\/?page_id=649"},"modified":"2024-09-04T09:58:20","modified_gmt":"2024-09-04T09:58:20","slug":"elementor-649","status":"publish","type":"page","link":"https:\/\/lesfilmeursproduction.com\/en\/elementor-649\/","title":{"rendered":"Nos r\u00e9al"},"content":{"rendered":"<div data-elementor-type=\"wp-page\" data-elementor-id=\"649\" class=\"elementor elementor-649\" data-elementor-settings=\"{&quot;ha_cmc_init_switcher&quot;:&quot;no&quot;}\">\n\t\t\t\t\t\t<section class=\"elementor-section elementor-top-section elementor-element elementor-element-294ea8b elementor-section-boxed elementor-section-height-default elementor-section-height-default\" data-id=\"294ea8b\" data-element_type=\"section\" data-e-type=\"section\" data-settings=\"{&quot;_ha_eqh_enable&quot;:false}\">\n\t\t\t\t\t\t<div class=\"elementor-container elementor-column-gap-default\">\n\t\t\t\t\t<div class=\"elementor-column elementor-col-100 elementor-top-column elementor-element elementor-element-ceafce1\" data-id=\"ceafce1\" data-element_type=\"column\" data-e-type=\"column\">\n\t\t\t<div class=\"elementor-widget-wrap elementor-element-populated\">\n\t\t\t\t\t\t<div class=\"elementor-element elementor-element-8722601 elementor-widget elementor-widget-spacer\" data-id=\"8722601\" data-element_type=\"widget\" data-e-type=\"widget\" data-widget_type=\"spacer.default\">\n\t\t\t\t<div class=\"elementor-widget-container\">\n\t\t\t\t\t\t\t<div class=\"elementor-spacer\">\n\t\t\t<div class=\"elementor-spacer-inner\"><\/div>\n\t\t<\/div>\n\t\t\t\t\t\t<\/div>\n\t\t\t\t<\/div>\n\t\t\t\t<div class=\"elementor-element elementor-element-d22cdbe elementor-widget elementor-widget-heading\" data-id=\"d22cdbe\" data-element_type=\"widget\" data-e-type=\"widget\" data-widget_type=\"heading.default\">\n\t\t\t\t<div class=\"elementor-widget-container\">\n\t\t\t\t\t<h2 class=\"elementor-heading-title elementor-size-default\">Nos diff\u00e9rents types de r\u00e9alisations<\/h2>\t\t\t\t<\/div>\n\t\t\t\t<\/div>\n\t\t\t\t\t<\/div>\n\t\t<\/div>\n\t\t\t\t\t<\/div>\n\t\t<\/section>\n\t\t\t\t<section class=\"elementor-section elementor-top-section elementor-element elementor-element-75d7c9b elementor-section-boxed elementor-section-height-default elementor-section-height-default\" data-id=\"75d7c9b\" data-element_type=\"section\" data-e-type=\"section\" data-settings=\"{&quot;_ha_eqh_enable&quot;:false}\">\n\t\t\t\t\t\t<div class=\"elementor-container elementor-column-gap-default\">\n\t\t\t\t\t<div class=\"elementor-column elementor-col-100 elementor-top-column elementor-element elementor-element-739f9bb\" data-id=\"739f9bb\" data-element_type=\"column\" data-e-type=\"column\">\n\t\t\t<div class=\"elementor-widget-wrap elementor-element-populated\">\n\t\t\t\t\t\t<div class=\"elementor-element elementor-element-0f6fa34 elementor-widget elementor-widget-ha-horizontal-timeline happy-addon ha-horizontal-timeline\" data-id=\"0f6fa34\" data-element_type=\"widget\" data-e-type=\"widget\" data-settings=\"{&quot;animation_speed&quot;:800,&quot;loop&quot;:&quot;yes&quot;,&quot;slides_to_show&quot;:3,&quot;slides_to_show_tablet&quot;:3,&quot;slides_to_show_mobile&quot;:2}\" data-widget_type=\"ha-horizontal-timeline.default\">\n\t\t\t\t<div class=\"elementor-widget-container\">\n\t\t\t\t\t\t\t<div class=\"ha-horizontal-timeline-wrapper ha-carousel\">\n\n\t\t\t\t\t\t\t<div class=\"ha-horizontal-timeline-block elementor-repeater-item-75c83b4\">\n\t\t\t\t\t<div class=\"ha-horizontal-timeline-icon-box\">\n\n\t\t\t\t\t\t<span class=\"ha-horizontal-timeline-date\">Films d&#039;entreprise<\/span>\n\n\t\t\t\t\t\t<div class=\"ha-horizontal-timeline-top-inner\">\n\t\t\t\t\t\t\t\t\t\t\t\t\t\t\t<div class=\"ha-horizontal-timeline-icon\">\n\t\t\t\t\t\t\t\t\t<i aria-hidden=\"true\" class=\"hm hm-video-camera\"><\/i>\t\t\t\t\t\t\t\t<\/div>\n\t\t\t\t\t\t\t\t\t\t\t\t\t\t<div class=\"ha-horizontal-timeline-tree\"><\/div>\n\t\t\t\t\t\t<\/div>\n\t\t\t\t\t<\/div>\n\n\t\t\t\t\t<div class=\"ha-horizontal-timeline-content\">\n\n\t\t\t\t\t\t\t\t\t\t\t\t\t<div class=\"ha-horizontal-timeline-arrow\"><\/div>\n\t\t\t\t\t\t\n\t\t\t\t\t\t<div class=\"ha-horizontal-timeline-inner\">\n\t\t\t\t\t\t\t\t\t\t\t\t\t\t\t\t\t\t\t\t\t\t\t<div class=\"ha-horizontal-timeline-image\" >\n\t\t\t\t\t\t\t\t\t<img fetchpriority=\"high\" decoding=\"async\" width=\"300\" height=\"199\" src=\"https:\/\/lesfilmeursproduction.com\/wp-content\/uploads\/2023\/04\/marc-tournage-300x199.jpg\" class=\"attachment-medium size-medium wp-image-1172\" alt=\"\" srcset=\"https:\/\/lesfilmeursproduction.com\/wp-content\/uploads\/2023\/04\/marc-tournage-300x199.jpg 300w, https:\/\/lesfilmeursproduction.com\/wp-content\/uploads\/2023\/04\/marc-tournage-1024x681.jpg 1024w, https:\/\/lesfilmeursproduction.com\/wp-content\/uploads\/2023\/04\/marc-tournage-768x510.jpg 768w, https:\/\/lesfilmeursproduction.com\/wp-content\/uploads\/2023\/04\/marc-tournage-1536x1021.jpg 1536w, https:\/\/lesfilmeursproduction.com\/wp-content\/uploads\/2023\/04\/marc-tournage-18x12.jpg 18w, https:\/\/lesfilmeursproduction.com\/wp-content\/uploads\/2023\/04\/marc-tournage.jpg 2048w\" sizes=\"(max-width: 300px) 100vw, 300px\" \/>\t\t\t\t\t\t\t\t<\/div>\n\t\t\t\t\t\t\t\n\t\t\t\t\t\t\t<h2 class=\"ha-horizontal-timeline-title\"><a href=\"https:\/\/lesfilmeursproduction.com\/en\/films-dentreprise\/\">Films d&#039;entreprise<\/a><\/h2>\n\t\t\t\t\t\t\t\n\t\t\t\t\t\t\t<div class=\"ha-horizontal-timeline-description\"><p>Sp\u00e9cialis\u00e9e dans la r\u00e9alisation de films d\u2019entreprise et films institutionnels, les Filmeurs Production sont l\u00e0 pour mettre en valeur l\u2019image de votre entreprise, de votre service ou encore de votre nouveau produit<\/p><\/div>\t\t\t\t\t\t<\/div>\n\t\t\t\t\t<\/div>\n\t\t\t\t<\/div>\n\n\t\t\t\t\t\t\t<div class=\"ha-horizontal-timeline-block elementor-repeater-item-77f26c1\">\n\t\t\t\t\t<div class=\"ha-horizontal-timeline-icon-box\">\n\n\t\t\t\t\t\t<span class=\"ha-horizontal-timeline-date\">Drone vid\u00e9os<\/span>\n\n\t\t\t\t\t\t<div class=\"ha-horizontal-timeline-top-inner\">\n\t\t\t\t\t\t\t\t\t\t\t\t\t\t\t<div class=\"ha-horizontal-timeline-icon\">\n\t\t\t\t\t\t\t\t\t<i aria-hidden=\"true\" class=\"hm hm-plane\"><\/i>\t\t\t\t\t\t\t\t<\/div>\n\t\t\t\t\t\t\t\t\t\t\t\t\t\t<div class=\"ha-horizontal-timeline-tree\"><\/div>\n\t\t\t\t\t\t<\/div>\n\t\t\t\t\t<\/div>\n\n\t\t\t\t\t<div class=\"ha-horizontal-timeline-content\">\n\n\t\t\t\t\t\t\t\t\t\t\t\t\t<div class=\"ha-horizontal-timeline-arrow\"><\/div>\n\t\t\t\t\t\t\n\t\t\t\t\t\t<div class=\"ha-horizontal-timeline-inner\">\n\t\t\t\t\t\t\t\t\t\t\t\t\t\t\t\t\t\t\t\t\t\t\t<div class=\"ha-horizontal-timeline-image\" >\n\t\t\t\t\t\t\t\t\t<img decoding=\"async\" width=\"300\" height=\"169\" src=\"https:\/\/lesfilmeursproduction.com\/wp-content\/uploads\/2023\/04\/DSCF2102-300x169.jpg\" class=\"attachment-medium size-medium wp-image-1189\" alt=\"\" srcset=\"https:\/\/lesfilmeursproduction.com\/wp-content\/uploads\/2023\/04\/DSCF2102-300x169.jpg 300w, https:\/\/lesfilmeursproduction.com\/wp-content\/uploads\/2023\/04\/DSCF2102-1024x577.jpg 1024w, https:\/\/lesfilmeursproduction.com\/wp-content\/uploads\/2023\/04\/DSCF2102-768x433.jpg 768w, https:\/\/lesfilmeursproduction.com\/wp-content\/uploads\/2023\/04\/DSCF2102-1536x866.jpg 1536w, https:\/\/lesfilmeursproduction.com\/wp-content\/uploads\/2023\/04\/DSCF2102-2048x1155.jpg 2048w, https:\/\/lesfilmeursproduction.com\/wp-content\/uploads\/2023\/04\/DSCF2102-18x10.jpg 18w\" sizes=\"(max-width: 300px) 100vw, 300px\" \/>\t\t\t\t\t\t\t\t<\/div>\n\t\t\t\t\t\t\t\n\t\t\t\t\t\t\t<h2 class=\"ha-horizontal-timeline-title\">Dr\u00f4ne vid\u00e9os<\/h2>\n\t\t\t\t\t\t\t\n\t\t\t\t\t\t\t<div class=\"ha-horizontal-timeline-description\"><p>Sp\u00e9cialis\u00e9 dans la prise de vid\u00e9os par drone, Les Filmeurs production se d\u00e9marquent par leur maitrise et professionnalisme sur le sujet.<\/p><\/div>\t\t\t\t\t\t<\/div>\n\t\t\t\t\t<\/div>\n\t\t\t\t<\/div>\n\n\t\t\t\t\t\t\t<div class=\"ha-horizontal-timeline-block elementor-repeater-item-a423af4\">\n\t\t\t\t\t<div class=\"ha-horizontal-timeline-icon-box\">\n\n\t\t\t\t\t\t<span class=\"ha-horizontal-timeline-date\">Aftermovie<\/span>\n\n\t\t\t\t\t\t<div class=\"ha-horizontal-timeline-top-inner\">\n\t\t\t\t\t\t\t\t\t\t\t\t\t\t\t<div class=\"ha-horizontal-timeline-icon\">\n\t\t\t\t\t\t\t\t\t<i aria-hidden=\"true\" class=\"hm hm-event-calendar\"><\/i>\t\t\t\t\t\t\t\t<\/div>\n\t\t\t\t\t\t\t\t\t\t\t\t\t\t<div class=\"ha-horizontal-timeline-tree\"><\/div>\n\t\t\t\t\t\t<\/div>\n\t\t\t\t\t<\/div>\n\n\t\t\t\t\t<div class=\"ha-horizontal-timeline-content\">\n\n\t\t\t\t\t\t\t\t\t\t\t\t\t<div class=\"ha-horizontal-timeline-arrow\"><\/div>\n\t\t\t\t\t\t\n\t\t\t\t\t\t<div class=\"ha-horizontal-timeline-inner\">\n\t\t\t\t\t\t\t\t\t\t\t\t\t\t\t\t\t\t\t\t\t\t\t<div class=\"ha-horizontal-timeline-image\" >\n\t\t\t\t\t\t\t\t\t<img decoding=\"async\" width=\"300\" height=\"169\" src=\"https:\/\/lesfilmeursproduction.com\/wp-content\/uploads\/2023\/04\/DSCF2160-300x169.jpg\" class=\"attachment-medium size-medium wp-image-1180\" alt=\"\" srcset=\"https:\/\/lesfilmeursproduction.com\/wp-content\/uploads\/2023\/04\/DSCF2160-300x169.jpg 300w, https:\/\/lesfilmeursproduction.com\/wp-content\/uploads\/2023\/04\/DSCF2160-1024x577.jpg 1024w, https:\/\/lesfilmeursproduction.com\/wp-content\/uploads\/2023\/04\/DSCF2160-768x433.jpg 768w, https:\/\/lesfilmeursproduction.com\/wp-content\/uploads\/2023\/04\/DSCF2160-1536x866.jpg 1536w, https:\/\/lesfilmeursproduction.com\/wp-content\/uploads\/2023\/04\/DSCF2160-2048x1155.jpg 2048w, https:\/\/lesfilmeursproduction.com\/wp-content\/uploads\/2023\/04\/DSCF2160-18x10.jpg 18w\" sizes=\"(max-width: 300px) 100vw, 300px\" \/>\t\t\t\t\t\t\t\t<\/div>\n\t\t\t\t\t\t\t\n\t\t\t\t\t\t\t<h2 class=\"ha-horizontal-timeline-title\">Aftermovie<\/h2>\n\t\t\t\t\t\t\t\n\t\t\t\t\t\t\t<div class=\"ha-horizontal-timeline-description\"><p>Avec Les Filmeurs production, l&#8217;Aftermovie est tourn\u00e9 par des professionnels et \u00e9dit\u00e9 de mani\u00e8re \u00e0 capturer les moments les plus m\u00e9morables de l&#8217;\u00e9v\u00e9nement.<\/p><\/div>\t\t\t\t\t\t<\/div>\n\t\t\t\t\t<\/div>\n\t\t\t\t<\/div>\n\n\t\t\t\t\t\t\t<div class=\"ha-horizontal-timeline-block elementor-repeater-item-a44a4ae\">\n\t\t\t\t\t<div class=\"ha-horizontal-timeline-icon-box\">\n\n\t\t\t\t\t\t<span class=\"ha-horizontal-timeline-date\">Motion design<\/span>\n\n\t\t\t\t\t\t<div class=\"ha-horizontal-timeline-top-inner\">\n\t\t\t\t\t\t\t\t\t\t\t\t\t\t\t<div class=\"ha-horizontal-timeline-icon\">\n\t\t\t\t\t\t\t\t\t<i aria-hidden=\"true\" class=\"hm hm-man-range\"><\/i>\t\t\t\t\t\t\t\t<\/div>\n\t\t\t\t\t\t\t\t\t\t\t\t\t\t<div class=\"ha-horizontal-timeline-tree\"><\/div>\n\t\t\t\t\t\t<\/div>\n\t\t\t\t\t<\/div>\n\n\t\t\t\t\t<div class=\"ha-horizontal-timeline-content\">\n\n\t\t\t\t\t\t\t\t\t\t\t\t\t<div class=\"ha-horizontal-timeline-arrow\"><\/div>\n\t\t\t\t\t\t\n\t\t\t\t\t\t<div class=\"ha-horizontal-timeline-inner\">\n\t\t\t\t\t\t\t\t\t\t\t\t\t\t\t\t\t\t\t\t\t\t\t<div class=\"ha-horizontal-timeline-image\" >\n\t\t\t\t\t\t\t\t\t<img loading=\"lazy\" decoding=\"async\" width=\"300\" height=\"200\" src=\"https:\/\/lesfilmeursproduction.com\/wp-content\/uploads\/2019\/11\/writing-1149962_1280-300x200.jpg\" class=\"attachment-medium size-medium wp-image-443\" alt=\"\" srcset=\"https:\/\/lesfilmeursproduction.com\/wp-content\/uploads\/2019\/11\/writing-1149962_1280-300x200.jpg 300w, https:\/\/lesfilmeursproduction.com\/wp-content\/uploads\/2019\/11\/writing-1149962_1280-768x512.jpg 768w, https:\/\/lesfilmeursproduction.com\/wp-content\/uploads\/2019\/11\/writing-1149962_1280-1024x683.jpg 1024w, https:\/\/lesfilmeursproduction.com\/wp-content\/uploads\/2019\/11\/writing-1149962_1280.jpg 1280w\" sizes=\"(max-width: 300px) 100vw, 300px\" \/>\t\t\t\t\t\t\t\t<\/div>\n\t\t\t\t\t\t\t\n\t\t\t\t\t\t\t<h2 class=\"ha-horizontal-timeline-title\">Motion design<\/h2>\n\t\t\t\t\t\t\t\n\t\t\t\t\t\t\t<div class=\"ha-horizontal-timeline-description\"><p>Avec les Filmeurs production, le motion design combine des \u00e9l\u00e9ments de design graphique, d&#8217;animation et de cin\u00e9ma pour cr\u00e9er des productions visuelles captivantes !<\/p><\/div>\t\t\t\t\t\t<\/div>\n\t\t\t\t\t<\/div>\n\t\t\t\t<\/div>\n\n\t\t\t\t\t\t\t<div class=\"ha-horizontal-timeline-block elementor-repeater-item-a6ec0e8\">\n\t\t\t\t\t<div class=\"ha-horizontal-timeline-icon-box\">\n\n\t\t\t\t\t\t<span class=\"ha-horizontal-timeline-date\">Documentaries<\/span>\n\n\t\t\t\t\t\t<div class=\"ha-horizontal-timeline-top-inner\">\n\t\t\t\t\t\t\t\t\t\t\t\t\t\t\t<div class=\"ha-horizontal-timeline-icon\">\n\t\t\t\t\t\t\t\t\t<i aria-hidden=\"true\" class=\"fas fa-calendar-alt\"><\/i>\t\t\t\t\t\t\t\t<\/div>\n\t\t\t\t\t\t\t\t\t\t\t\t\t\t<div class=\"ha-horizontal-timeline-tree\"><\/div>\n\t\t\t\t\t\t<\/div>\n\t\t\t\t\t<\/div>\n\n\t\t\t\t\t<div class=\"ha-horizontal-timeline-content\">\n\n\t\t\t\t\t\t\t\t\t\t\t\t\t<div class=\"ha-horizontal-timeline-arrow\"><\/div>\n\t\t\t\t\t\t\n\t\t\t\t\t\t<div class=\"ha-horizontal-timeline-inner\">\n\t\t\t\t\t\t\t\t\t\t\t\t\t\t\t\t\t\t\t\t\t\t\t<div class=\"ha-horizontal-timeline-image\" >\n\t\t\t\t\t\t\t\t\t<img loading=\"lazy\" decoding=\"async\" width=\"300\" height=\"169\" src=\"https:\/\/lesfilmeursproduction.com\/wp-content\/uploads\/2023\/04\/DSCF2125-300x169.jpg\" class=\"attachment-medium size-medium wp-image-1186\" alt=\"\" srcset=\"https:\/\/lesfilmeursproduction.com\/wp-content\/uploads\/2023\/04\/DSCF2125-300x169.jpg 300w, https:\/\/lesfilmeursproduction.com\/wp-content\/uploads\/2023\/04\/DSCF2125-1024x577.jpg 1024w, https:\/\/lesfilmeursproduction.com\/wp-content\/uploads\/2023\/04\/DSCF2125-768x433.jpg 768w, https:\/\/lesfilmeursproduction.com\/wp-content\/uploads\/2023\/04\/DSCF2125-1536x866.jpg 1536w, https:\/\/lesfilmeursproduction.com\/wp-content\/uploads\/2023\/04\/DSCF2125-2048x1155.jpg 2048w, https:\/\/lesfilmeursproduction.com\/wp-content\/uploads\/2023\/04\/DSCF2125-18x10.jpg 18w\" sizes=\"(max-width: 300px) 100vw, 300px\" \/>\t\t\t\t\t\t\t\t<\/div>\n\t\t\t\t\t\t\t\n\t\t\t\t\t\t\t<h2 class=\"ha-horizontal-timeline-title\"><a href=\"https:\/\/lesfilmeursproduction.com\/en\/documentaires\/\">Documentaries<\/a><\/h2>\n\t\t\t\t\t\t\t\n\t\t\t\t\t\t\t<div class=\"ha-horizontal-timeline-description\"><p>Les Filmeurs Production d\u00e9veloppe des projets documentaires qui permettent \u00e0 la soci\u00e9t\u00e9 de s\u2019interroger sur elle m\u00eame<\/p><\/div>\t\t\t\t\t\t<\/div>\n\t\t\t\t\t<\/div>\n\t\t\t\t<\/div>\n\n\t\t\t\n\t\t<\/div>\n\n\t\t\t\t\t<button type=\"button\" class=\"slick-prev\"><i aria-hidden=\"true\" class=\"fas fa-chevron-left\"><\/i><\/button>\n\t\t\n\t\t\t\t\t<button type=\"button\" class=\"slick-next\"><i aria-hidden=\"true\" class=\"fas fa-chevron-right\"><\/i><\/button>\n\t\t\n\t\t\t\t\t\t<\/div>\n\t\t\t\t<\/div>\n\t\t\t\t\t<\/div>\n\t\t<\/div>\n\t\t\t\t\t<\/div>\n\t\t<\/section>\n\t\t\t\t<\/div>","protected":false},"excerpt":{"rendered":"<p>Nos diff\u00e9rents types de r\u00e9alisations Films d&#8217;entreprise Films d&#8217;entreprise Sp\u00e9cialis\u00e9e dans la r\u00e9alisation de films d\u2019entreprise et films institutionnels, les Filmeurs Production sont l\u00e0 pour mettre en valeur l\u2019image de votre entreprise, de votre service ou encore de votre nouveau produit Drone vid\u00e9os Dr\u00f4ne vid\u00e9os Sp\u00e9cialis\u00e9 dans la prise de vid\u00e9os par drone, Les Filmeurs &hellip;<\/p>\n<p class=\"read-more\"> <a class=\"\" href=\"https:\/\/lesfilmeursproduction.com\/en\/elementor-649\/\"> <span class=\"screen-reader-text\">Nos r\u00e9al<\/span> Read More &raquo;<\/a><\/p>","protected":false},"author":1,"featured_media":0,"parent":0,"menu_order":0,"comment_status":"closed","ping_status":"closed","template":"","meta":{"site-sidebar-layout":"no-sidebar","site-content-layout":"page-builder","ast-global-header-display":"","ast-main-header-display":"","ast-hfb-above-header-display":"","ast-hfb-below-header-display":"","ast-hfb-mobile-header-display":"","site-post-title":"disabled","ast-breadcrumbs-content":"","ast-featured-img":"disabled","footer-sml-layout":"","theme-transparent-header-meta":"default","adv-header-id-meta":"","stick-header-meta":"","header-above-stick-meta":"","header-main-stick-meta":"","header-below-stick-meta":"","footnotes":""},"class_list":["post-649","page","type-page","status-publish","hentry"],"yoast_head":"<!-- This site is optimized with the Yoast SEO plugin v27.4 - https:\/\/yoast.com\/product\/yoast-seo-wordpress\/ -->\n<title>Nos r\u00e9al - Les Filmeurs production<\/title>\n<meta name=\"robots\" content=\"index, follow, max-snippet:-1, max-image-preview:large, max-video-preview:-1\" \/>\n<link rel=\"canonical\" href=\"https:\/\/lesfilmeursproduction.com\/en\/elementor-649\/\" \/>\n<meta property=\"og:locale\" content=\"en_GB\" \/>\n<meta property=\"og:type\" content=\"article\" \/>\n<meta property=\"og:title\" content=\"Nos r\u00e9al - Les Filmeurs production\" \/>\n<meta property=\"og:description\" content=\"Nos diff\u00e9rents types de r\u00e9alisations Films d&#8217;entreprise Films d&#8217;entreprise Sp\u00e9cialis\u00e9e dans la r\u00e9alisation de films d\u2019entreprise et films institutionnels, les Filmeurs Production sont l\u00e0 pour mettre en valeur l\u2019image de votre entreprise, de votre service ou encore de votre nouveau produit Drone vid\u00e9os Dr\u00f4ne vid\u00e9os Sp\u00e9cialis\u00e9 dans la prise de vid\u00e9os par drone, Les Filmeurs &hellip; Nos r\u00e9al Read More &raquo;\" \/>\n<meta property=\"og:url\" content=\"https:\/\/lesfilmeursproduction.com\/en\/elementor-649\/\" \/>\n<meta property=\"og:site_name\" content=\"Les Filmeurs production\" \/>\n<meta property=\"article:modified_time\" content=\"2024-09-04T09:58:20+00:00\" \/>\n<meta property=\"og:image\" content=\"https:\/\/lesfilmeursproduction.com\/wp-content\/uploads\/2023\/04\/marc-tournage-300x199.jpg\" \/>\n<meta name=\"twitter:card\" content=\"summary_large_image\" \/>\n<meta name=\"twitter:label1\" content=\"Estimated reading time\" \/>\n\t<meta name=\"twitter:data1\" content=\"2 minutes\" \/>\n<script type=\"application\/ld+json\" class=\"yoast-schema-graph\">{\"@context\":\"https:\\\/\\\/schema.org\",\"@graph\":[{\"@type\":\"WebPage\",\"@id\":\"https:\\\/\\\/lesfilmeursproduction.com\\\/elementor-649\\\/\",\"url\":\"https:\\\/\\\/lesfilmeursproduction.com\\\/elementor-649\\\/\",\"name\":\"Nos r\u00e9al - Les Filmeurs production\",\"isPartOf\":{\"@id\":\"https:\\\/\\\/lesfilmeursproduction.com\\\/#website\"},\"primaryImageOfPage\":{\"@id\":\"https:\\\/\\\/lesfilmeursproduction.com\\\/elementor-649\\\/#primaryimage\"},\"image\":{\"@id\":\"https:\\\/\\\/lesfilmeursproduction.com\\\/elementor-649\\\/#primaryimage\"},\"thumbnailUrl\":\"https:\\\/\\\/lesfilmeursproduction.com\\\/wp-content\\\/uploads\\\/2023\\\/04\\\/marc-tournage-300x199.jpg\",\"datePublished\":\"2023-04-23T16:35:32+00:00\",\"dateModified\":\"2024-09-04T09:58:20+00:00\",\"breadcrumb\":{\"@id\":\"https:\\\/\\\/lesfilmeursproduction.com\\\/elementor-649\\\/#breadcrumb\"},\"inLanguage\":\"en-GB\",\"potentialAction\":[{\"@type\":\"ReadAction\",\"target\":[\"https:\\\/\\\/lesfilmeursproduction.com\\\/elementor-649\\\/\"]}]},{\"@type\":\"ImageObject\",\"inLanguage\":\"en-GB\",\"@id\":\"https:\\\/\\\/lesfilmeursproduction.com\\\/elementor-649\\\/#primaryimage\",\"url\":\"https:\\\/\\\/lesfilmeursproduction.com\\\/wp-content\\\/uploads\\\/2023\\\/04\\\/marc-tournage-300x199.jpg\",\"contentUrl\":\"https:\\\/\\\/lesfilmeursproduction.com\\\/wp-content\\\/uploads\\\/2023\\\/04\\\/marc-tournage-300x199.jpg\"},{\"@type\":\"BreadcrumbList\",\"@id\":\"https:\\\/\\\/lesfilmeursproduction.com\\\/elementor-649\\\/#breadcrumb\",\"itemListElement\":[{\"@type\":\"ListItem\",\"position\":1,\"name\":\"Accueil\",\"item\":\"https:\\\/\\\/lesfilmeursproduction.com\\\/\"},{\"@type\":\"ListItem\",\"position\":2,\"name\":\"Nos r\u00e9al\"}]},{\"@type\":\"WebSite\",\"@id\":\"https:\\\/\\\/lesfilmeursproduction.com\\\/#website\",\"url\":\"https:\\\/\\\/lesfilmeursproduction.com\\\/\",\"name\":\"Les Filmeurs production\",\"description\":\"films d&#039;entreprise et documentaires\",\"potentialAction\":[{\"@type\":\"SearchAction\",\"target\":{\"@type\":\"EntryPoint\",\"urlTemplate\":\"https:\\\/\\\/lesfilmeursproduction.com\\\/?s={search_term_string}\"},\"query-input\":{\"@type\":\"PropertyValueSpecification\",\"valueRequired\":true,\"valueName\":\"search_term_string\"}}],\"inLanguage\":\"en-GB\"}]}<\/script>\n<!-- \/ Yoast SEO plugin. -->","yoast_head_json":{"title":"Nos r\u00e9al - Les Filmeurs production","robots":{"index":"index","follow":"follow","max-snippet":"max-snippet:-1","max-image-preview":"max-image-preview:large","max-video-preview":"max-video-preview:-1"},"canonical":"https:\/\/lesfilmeursproduction.com\/en\/elementor-649\/","og_locale":"en_GB","og_type":"article","og_title":"Nos r\u00e9al - Les Filmeurs production","og_description":"Nos diff\u00e9rents types de r\u00e9alisations Films d&#8217;entreprise Films d&#8217;entreprise Sp\u00e9cialis\u00e9e dans la r\u00e9alisation de films d\u2019entreprise et films institutionnels, les Filmeurs Production sont l\u00e0 pour mettre en valeur l\u2019image de votre entreprise, de votre service ou encore de votre nouveau produit Drone vid\u00e9os Dr\u00f4ne vid\u00e9os Sp\u00e9cialis\u00e9 dans la prise de vid\u00e9os par drone, Les Filmeurs &hellip; Nos r\u00e9al Read More &raquo;","og_url":"https:\/\/lesfilmeursproduction.com\/en\/elementor-649\/","og_site_name":"Les Filmeurs production","article_modified_time":"2024-09-04T09:58:20+00:00","og_image":[{"url":"https:\/\/lesfilmeursproduction.com\/wp-content\/uploads\/2023\/04\/marc-tournage-300x199.jpg","type":"","width":"","height":""}],"twitter_card":"summary_large_image","twitter_misc":{"Estimated reading time":"2 minutes"},"schema":{"@context":"https:\/\/schema.org","@graph":[{"@type":"WebPage","@id":"https:\/\/lesfilmeursproduction.com\/elementor-649\/","url":"https:\/\/lesfilmeursproduction.com\/elementor-649\/","name":"Nos r\u00e9al - Les Filmeurs production","isPartOf":{"@id":"https:\/\/lesfilmeursproduction.com\/#website"},"primaryImageOfPage":{"@id":"https:\/\/lesfilmeursproduction.com\/elementor-649\/#primaryimage"},"image":{"@id":"https:\/\/lesfilmeursproduction.com\/elementor-649\/#primaryimage"},"thumbnailUrl":"https:\/\/lesfilmeursproduction.com\/wp-content\/uploads\/2023\/04\/marc-tournage-300x199.jpg","datePublished":"2023-04-23T16:35:32+00:00","dateModified":"2024-09-04T09:58:20+00:00","breadcrumb":{"@id":"https:\/\/lesfilmeursproduction.com\/elementor-649\/#breadcrumb"},"inLanguage":"en-GB","potentialAction":[{"@type":"ReadAction","target":["https:\/\/lesfilmeursproduction.com\/elementor-649\/"]}]},{"@type":"ImageObject","inLanguage":"en-GB","@id":"https:\/\/lesfilmeursproduction.com\/elementor-649\/#primaryimage","url":"https:\/\/lesfilmeursproduction.com\/wp-content\/uploads\/2023\/04\/marc-tournage-300x199.jpg","contentUrl":"https:\/\/lesfilmeursproduction.com\/wp-content\/uploads\/2023\/04\/marc-tournage-300x199.jpg"},{"@type":"BreadcrumbList","@id":"https:\/\/lesfilmeursproduction.com\/elementor-649\/#breadcrumb","itemListElement":[{"@type":"ListItem","position":1,"name":"Accueil","item":"https:\/\/lesfilmeursproduction.com\/"},{"@type":"ListItem","position":2,"name":"Nos r\u00e9al"}]},{"@type":"WebSite","@id":"https:\/\/lesfilmeursproduction.com\/#website","url":"https:\/\/lesfilmeursproduction.com\/","name":"Les Filmeurs production","description":"films d&#039;entreprise et documentaires","potentialAction":[{"@type":"SearchAction","target":{"@type":"EntryPoint","urlTemplate":"https:\/\/lesfilmeursproduction.com\/?s={search_term_string}"},"query-input":{"@type":"PropertyValueSpecification","valueRequired":true,"valueName":"search_term_string"}}],"inLanguage":"en-GB"}]}},"_links":{"self":[{"href":"https:\/\/lesfilmeursproduction.com\/en\/wp-json\/wp\/v2\/pages\/649","targetHints":{"allow":["GET"]}}],"collection":[{"href":"https:\/\/lesfilmeursproduction.com\/en\/wp-json\/wp\/v2\/pages"}],"about":[{"href":"https:\/\/lesfilmeursproduction.com\/en\/wp-json\/wp\/v2\/types\/page"}],"author":[{"embeddable":true,"href":"https:\/\/lesfilmeursproduction.com\/en\/wp-json\/wp\/v2\/users\/1"}],"replies":[{"embeddable":true,"href":"https:\/\/lesfilmeursproduction.com\/en\/wp-json\/wp\/v2\/comments?post=649"}],"version-history":[{"count":43,"href":"https:\/\/lesfilmeursproduction.com\/en\/wp-json\/wp\/v2\/pages\/649\/revisions"}],"predecessor-version":[{"id":1973,"href":"https:\/\/lesfilmeursproduction.com\/en\/wp-json\/wp\/v2\/pages\/649\/revisions\/1973"}],"wp:attachment":[{"href":"https:\/\/lesfilmeursproduction.com\/en\/wp-json\/wp\/v2\/media?parent=649"}],"curies":[{"name":"wp","href":"https:\/\/api.w.org\/{rel}","templated":true}]}}